{"id":736360,"date":"2025-08-27T23:06:12","date_gmt":"2025-08-27T20:06:12","guid":{"rendered":"https:\/\/roveyayinevi.com.tr\/index.php\/urun\/alan-turingden-zeka-oyunlari\/"},"modified":"2026-04-16T02:44:59","modified_gmt":"2026-04-15T23:44:59","slug":"alan-turingden-zeka-oyunlari","status":"publish","type":"product","link":"https:\/\/roveyayinevi.com.tr\/index.php\/urun\/alan-turingden-zeka-oyunlari\/","title":{"rendered":"Alan Turing&#8217;den Zeka Oyunlar\u0131"},"content":{"rendered":"<p>D\u00fcnyaca \u00fcnl\u00fc kod k\u0131rma kahraman\u0131 Alan Turing\u2019in zekan\u0131 zorlayacak, \u015fifreler \u00e7\u00f6zd\u00fcrecek ve say\u0131larla sava\u015ft\u0131racak bulmacalar\u0131na ho\u015f geldin! ALAN TURING, g\u00fcn\u00fcm\u00fcz bilgisayarlar\u0131n\u0131n geli\u015fmesine b\u00fcy\u00fck katk\u0131da bulunan bir matematik dehas\u0131yd\u0131. 2. D\u00fcnya Sava\u015f\u0131\u2019nda icat etti\u011fi makina, Alman ordusundan gelen \u015fifreli mesajlar\u0131 \u00e7\u00f6zmek i\u00e7in kullan\u0131ld\u0131. Bu sayede sava\u015f\u0131n s\u00fcresi k\u0131sald\u0131 ve bir\u00e7ok insan\u0131n hayat\u0131 kurtuldu.<\/p>\n","protected":false},"excerpt":{"rendered":"<p>D\u00fcnyaca \u00fcnl\u00fc kod k\u0131rma kahraman\u0131 Alan Turing\u2019in zekan\u0131 zorlayacak, \u015fifreler \u00e7\u00f6zd\u00fcrecek ve say\u0131larla sava\u015ft\u0131racak bulmacalar\u0131na ho\u015f geldin! ALAN TURING, g\u00fcn\u00fcm\u00fcz bilgisayarlar\u0131n\u0131n geli\u015fmesine b\u00fcy\u00fck katk\u0131da bulunan bir<span class=\"excerpt-hellip\"> [\u2026]<\/span><\/p>\n","protected":false},"featured_media":0,"template":"","meta":{"_monsterinsights_skip_tracking":false,"_monsterinsights_sitenote_active":false,"_monsterinsights_sitenote_note":"","_monsterinsights_sitenote_category":0},"product_brand":[],"product_cat":[12274,24599],"product_tag":[],"class_list":{"0":"post-736360","1":"product","2":"type-product","3":"status-publish","5":"product_cat-cocuk-ve-genclik-kitaplari","6":"product_cat-zeka-gelisimi","7":"pa_cilt-ciltsiz","8":"pa_tur-kitap","9":"pa_yayinevi-dogan-cocuk","10":"pa_yazar-alan-turing","12":"first","13":"instock","14":"sale","15":"shipping-taxable","16":"purchasable","17":"product-type-simple"},"_links":{"self":[{"href":"https:\/\/roveyayinevi.com.tr\/index.php\/wp-json\/wp\/v2\/product\/736360","targetHints":{"allow":["GET"]}}],"collection":[{"href":"https:\/\/roveyayinevi.com.tr\/index.php\/wp-json\/wp\/v2\/product"}],"about":[{"href":"https:\/\/roveyayinevi.com.tr\/index.php\/wp-json\/wp\/v2\/types\/product"}],"wp:attachment":[{"href":"https:\/\/roveyayinevi.com.tr\/index.php\/wp-json\/wp\/v2\/media?parent=736360"}],"wp:term":[{"taxonomy":"product_brand","embeddable":true,"href":"https:\/\/roveyayinevi.com.tr\/index.php\/wp-json\/wp\/v2\/product_brand?post=736360"},{"taxonomy":"product_cat","embeddable":true,"href":"https:\/\/roveyayinevi.com.tr\/index.php\/wp-json\/wp\/v2\/product_cat?post=736360"},{"taxonomy":"product_tag","embeddable":true,"href":"https:\/\/roveyayinevi.com.tr\/index.php\/wp-json\/wp\/v2\/product_tag?post=736360"}],"curies":[{"name":"wp","href":"https:\/\/api.w.org\/{rel}","templated":true}]}}