{"id":736359,"date":"2025-08-27T23:06:11","date_gmt":"2025-08-27T20:06:11","guid":{"rendered":"https:\/\/roveyayinevi.com.tr\/index.php\/urun\/tesekkurler-kircil\/"},"modified":"2026-04-16T02:44:59","modified_gmt":"2026-04-15T23:44:59","slug":"tesekkurler-kircil","status":"publish","type":"product","link":"https:\/\/roveyayinevi.com.tr\/index.php\/urun\/tesekkurler-kircil\/","title":{"rendered":"Te\u015fekk\u00fcrler K\u0131r\u00e7\u0131l"},"content":{"rendered":"<p>Merhaba, benim ad\u0131m Leyla. Ailemle birlikte binalar\u0131n g\u00f6ky\u00fcz\u00fcne uzand\u0131\u011f\u0131, kalabal\u0131k bir \u015fehirde ya\u015f\u0131yorum. B\u00fcy\u00fcy\u00fcnce veteriner olmak istiyorum \u00e7\u00fcnk\u00fc hayvanlar\u0131 \u00e7ok seviyorum. En \u00e7ok da mahallemizin k\u00f6pe\u011fi K\u0131r\u00e7\u0131l&#8217;\u0131! Onunla \u00f6yle g\u00fczel vakit ge\u00e7iriyoruz ki&#8230; Birlikte y\u00fcr\u00fcyor, z\u0131pl\u0131yor, ko\u015fuyor, bazen de uzan\u0131p bulutlar\u0131 izliyoruz. Biliyor musunuz, asl\u0131nda K\u0131r\u00e7\u0131l&#8217;a b\u00fcy\u00fck bir te\u015fekk\u00fcr bor\u00e7luyum \u00e7\u00fcnk\u00fc o bizim hayat\u0131m\u0131z\u0131 de\u011fi\u015ftirdi. Hem de inan\u0131lmaz bir \u015fekilde! Nas\u0131l m\u0131? Durun, size anlatay\u0131m.. \u00c7ocuk edebiyat\u0131n\u0131n sevilen yazar\u0131 Hafize \u00c7\u0131nar G\u00fcner, Te\u015fekk\u00fcrler K\u0131r\u00e7\u0131l ile okurlar\u0131na, hayat\u0131 ke\u015ffetmenin, kucaklaman\u0131n ve b\u00fcy\u00fcmenin sevincini ya\u015fatan, duygu y\u00fckl\u00fc bir \u00f6yk\u00fc arma\u011fan ediyor. <\/p>\n","protected":false},"excerpt":{"rendered":"<p>Merhaba, benim ad\u0131m Leyla. Ailemle birlikte binalar\u0131n g\u00f6ky\u00fcz\u00fcne uzand\u0131\u011f\u0131, kalabal\u0131k bir \u015fehirde ya\u015f\u0131yorum. B\u00fcy\u00fcy\u00fcnce veteriner olmak istiyorum \u00e7\u00fcnk\u00fc hayvanlar\u0131 \u00e7ok seviyorum. En \u00e7ok da mahallemizin k\u00f6pe\u011fi<span class=\"excerpt-hellip\"> [\u2026]<\/span><\/p>\n","protected":false},"featured_media":0,"template":"","meta":{"_monsterinsights_skip_tracking":false,"_monsterinsights_sitenote_active":false,"_monsterinsights_sitenote_note":"","_monsterinsights_sitenote_category":0},"product_brand":[],"product_cat":[12275,12274],"product_tag":[],"class_list":{"0":"post-736359","1":"product","2":"type-product","3":"status-publish","5":"product_cat-6-12-yas-kitaplari","6":"product_cat-cocuk-ve-genclik-kitaplari","7":"pa_cilt-ciltsiz","8":"pa_tur-kitap","9":"pa_yayinevi-dogan-cocuk","10":"pa_yazar-hafize-cinar-guner","12":"first","13":"instock","14":"sale","15":"shipping-taxable","16":"purchasable","17":"product-type-simple"},"_links":{"self":[{"href":"https:\/\/roveyayinevi.com.tr\/index.php\/wp-json\/wp\/v2\/product\/736359","targetHints":{"allow":["GET"]}}],"collection":[{"href":"https:\/\/roveyayinevi.com.tr\/index.php\/wp-json\/wp\/v2\/product"}],"about":[{"href":"https:\/\/roveyayinevi.com.tr\/index.php\/wp-json\/wp\/v2\/types\/product"}],"wp:attachment":[{"href":"https:\/\/roveyayinevi.com.tr\/index.php\/wp-json\/wp\/v2\/media?parent=736359"}],"wp:term":[{"taxonomy":"product_brand","embeddable":true,"href":"https:\/\/roveyayinevi.com.tr\/index.php\/wp-json\/wp\/v2\/product_brand?post=736359"},{"taxonomy":"product_cat","embeddable":true,"href":"https:\/\/roveyayinevi.com.tr\/index.php\/wp-json\/wp\/v2\/product_cat?post=736359"},{"taxonomy":"product_tag","embeddable":true,"href":"https:\/\/roveyayinevi.com.tr\/index.php\/wp-json\/wp\/v2\/product_tag?post=736359"}],"curies":[{"name":"wp","href":"https:\/\/api.w.org\/{rel}","templated":true}]}}