{"id":736357,"date":"2025-08-27T23:06:08","date_gmt":"2025-08-27T20:06:08","guid":{"rendered":"https:\/\/roveyayinevi.com.tr\/index.php\/urun\/bay-kamuki\/"},"modified":"2026-04-16T02:44:59","modified_gmt":"2026-04-15T23:44:59","slug":"bay-kamuki","status":"publish","type":"product","link":"https:\/\/roveyayinevi.com.tr\/index.php\/urun\/bay-kamuki\/","title":{"rendered":"Bay Kamuki"},"content":{"rendered":"<p>Aksili\u011fiyle \u00fcn salm\u0131\u015f Bay Kamuki, d\u00fczenli, titiz ve planl\u0131 bir koleksiyonerdi. Hayat\u0131n\u0131 koleksiyonuna adayan bu huysuz adam\u0131n tek amac\u0131 efsaneye d\u00f6n\u00fc\u015fen bir pulu bulmakt\u0131. Fakat Bay Kamuki\u2019nin o e\u015fsiz pula ula\u015fmas\u0131 i\u00e7in hem Bayan Fifi\u2019yle iyi ge\u00e7inmesi hem de nefret etti\u011fi farelerle y\u00fczle\u015fmesi gerekiyor. Acaba huysuz kahraman\u0131m\u0131z pula ula\u015fabilecek, Bayan Fifi\u2019nin g\u00f6nl\u00fcn\u00fc kazanabilecek ve farelerle tekrar dost olabilecek mi? Bu kitapla dostlu\u011fu ve yard\u0131mla\u015fmay\u0131, sevgiyi ve nefreti hatta fareler ve insanlar\u0131 daha yak\u0131ndan tan\u0131yacaks\u0131n\u0131z.  <\/p>\n","protected":false},"excerpt":{"rendered":"<p>Aksili\u011fiyle \u00fcn salm\u0131\u015f Bay Kamuki, d\u00fczenli, titiz ve planl\u0131 bir koleksiyonerdi. Hayat\u0131n\u0131 koleksiyonuna adayan bu huysuz adam\u0131n tek amac\u0131 efsaneye d\u00f6n\u00fc\u015fen bir pulu bulmakt\u0131. Fakat Bay<span class=\"excerpt-hellip\"> [\u2026]<\/span><\/p>\n","protected":false},"featured_media":0,"template":"","meta":{"_monsterinsights_skip_tracking":false,"_monsterinsights_sitenote_active":false,"_monsterinsights_sitenote_note":"","_monsterinsights_sitenote_category":0},"product_brand":[],"product_cat":[12274,12284],"product_tag":[],"class_list":{"0":"post-736357","1":"product","2":"type-product","3":"status-publish","5":"product_cat-cocuk-ve-genclik-kitaplari","6":"product_cat-hikayeler","7":"pa_cilt-ciltsiz","8":"pa_tur-kitap","9":"pa_yayinevi-masalperest","10":"pa_yazar-ozge-bahar-sunar","12":"first","13":"instock","14":"sale","15":"shipping-taxable","16":"purchasable","17":"product-type-simple"},"_links":{"self":[{"href":"https:\/\/roveyayinevi.com.tr\/index.php\/wp-json\/wp\/v2\/product\/736357","targetHints":{"allow":["GET"]}}],"collection":[{"href":"https:\/\/roveyayinevi.com.tr\/index.php\/wp-json\/wp\/v2\/product"}],"about":[{"href":"https:\/\/roveyayinevi.com.tr\/index.php\/wp-json\/wp\/v2\/types\/product"}],"wp:attachment":[{"href":"https:\/\/roveyayinevi.com.tr\/index.php\/wp-json\/wp\/v2\/media?parent=736357"}],"wp:term":[{"taxonomy":"product_brand","embeddable":true,"href":"https:\/\/roveyayinevi.com.tr\/index.php\/wp-json\/wp\/v2\/product_brand?post=736357"},{"taxonomy":"product_cat","embeddable":true,"href":"https:\/\/roveyayinevi.com.tr\/index.php\/wp-json\/wp\/v2\/product_cat?post=736357"},{"taxonomy":"product_tag","embeddable":true,"href":"https:\/\/roveyayinevi.com.tr\/index.php\/wp-json\/wp\/v2\/product_tag?post=736357"}],"curies":[{"name":"wp","href":"https:\/\/api.w.org\/{rel}","templated":true}]}}