{"id":736356,"date":"2025-08-27T23:06:07","date_gmt":"2025-08-27T20:06:07","guid":{"rendered":"https:\/\/roveyayinevi.com.tr\/index.php\/urun\/baskana-iki-olu-balik-gonderen-adam\/"},"modified":"2026-04-16T02:44:59","modified_gmt":"2026-04-15T23:44:59","slug":"baskana-iki-olu-balik-gonderen-adam","status":"publish","type":"product","link":"https:\/\/roveyayinevi.com.tr\/index.php\/urun\/baskana-iki-olu-balik-gonderen-adam\/","title":{"rendered":"Ba\u015fkana \u0130ki \u00d6l\u00fc Bal\u0131k G\u00f6nderen Adam"},"content":{"rendered":"<p>Ba\u015fkana \u0130ki \u00d6l\u00fc Bal\u0131k G\u00f6nderen Adam, on d\u00f6rt \u00f6yk\u00fcden olu\u015fan yarat\u0131c\u0131 i\u00e7eri\u011fi ve ustaca anlat\u0131lm\u0131\u015f benzersiz hik\u00e2yeleriyle okurlar\u0131 Londra metrosundan T\u00fcrk harabelerine, Latin Amerika \u00fclkelerinden Amazon k\u0131y\u0131lar\u0131na kadar d\u00fcnyan\u0131n d\u00f6rt bir yan\u0131na ta\u015f\u0131yor. Louis de Berni\u00e8res\u2019nin unutulmaz kahramanlar\u0131n\u0131; ba\u015fkana iki \u00f6l\u00fc bal\u0131k g\u00f6nderirken, yunus tanr\u0131lar\u0131na \u00e2\u015f\u0131k olurken ya da Brezilyal\u0131 sokak h\u0131rs\u0131zlar\u0131yla yemek yerken buluyoruz.Louis de Berni\u00e8res bu e\u011flenceli \u00f6yk\u00fclerde, bilindik ve fantastik olaylar\u0131 alayc\u0131 mizah anlay\u0131\u015f\u0131yla harmanl\u0131yor.Hayal g\u00fcc\u00fcn\u00fcn s\u0131n\u0131rs\u0131zl\u0131\u011f\u0131yla okurlar\u0131n\u0131 yeniden b\u00fcy\u00fcl\u00fcyor.\u201cB\u00fcy\u00fck bir haz\u2026 Bu kitap, Louis de Berni\u00e8res\u2019nin \u00f6yk\u00fclerini zevkli k\u0131lan kinayeleri ile g\u00f6steri\u015fli \u00fcslubunu i\u00e7eriyor.\u201dMail On Sunday <\/p>\n","protected":false},"excerpt":{"rendered":"<p>Ba\u015fkana \u0130ki \u00d6l\u00fc Bal\u0131k G\u00f6nderen Adam, on d\u00f6rt \u00f6yk\u00fcden olu\u015fan yarat\u0131c\u0131 i\u00e7eri\u011fi ve ustaca anlat\u0131lm\u0131\u015f benzersiz hik\u00e2yeleriyle okurlar\u0131 Londra metrosundan T\u00fcrk harabelerine, Latin Amerika \u00fclkelerinden Amazon<span class=\"excerpt-hellip\"> [\u2026]<\/span><\/p>\n","protected":false},"featured_media":0,"template":"","meta":{"_monsterinsights_skip_tracking":false,"_monsterinsights_sitenote_active":false,"_monsterinsights_sitenote_note":"","_monsterinsights_sitenote_category":0},"product_brand":[],"product_cat":[12291,12711],"product_tag":[],"class_list":{"0":"post-736356","1":"product","2":"type-product","3":"status-publish","5":"product_cat-edebiyat","6":"product_cat-roman-oyku","7":"pa_cilt-ciltsiz","8":"pa_tur-kitap","9":"pa_yayinevi-nemesis-kitap","10":"pa_yazar-louis-de-bernieres","12":"first","13":"instock","14":"sale","15":"shipping-taxable","16":"purchasable","17":"product-type-simple"},"_links":{"self":[{"href":"https:\/\/roveyayinevi.com.tr\/index.php\/wp-json\/wp\/v2\/product\/736356","targetHints":{"allow":["GET"]}}],"collection":[{"href":"https:\/\/roveyayinevi.com.tr\/index.php\/wp-json\/wp\/v2\/product"}],"about":[{"href":"https:\/\/roveyayinevi.com.tr\/index.php\/wp-json\/wp\/v2\/types\/product"}],"wp:attachment":[{"href":"https:\/\/roveyayinevi.com.tr\/index.php\/wp-json\/wp\/v2\/media?parent=736356"}],"wp:term":[{"taxonomy":"product_brand","embeddable":true,"href":"https:\/\/roveyayinevi.com.tr\/index.php\/wp-json\/wp\/v2\/product_brand?post=736356"},{"taxonomy":"product_cat","embeddable":true,"href":"https:\/\/roveyayinevi.com.tr\/index.php\/wp-json\/wp\/v2\/product_cat?post=736356"},{"taxonomy":"product_tag","embeddable":true,"href":"https:\/\/roveyayinevi.com.tr\/index.php\/wp-json\/wp\/v2\/product_tag?post=736356"}],"curies":[{"name":"wp","href":"https:\/\/api.w.org\/{rel}","templated":true}]}}