{"id":736354,"date":"2025-08-27T23:06:04","date_gmt":"2025-08-27T20:06:04","guid":{"rendered":"https:\/\/roveyayinevi.com.tr\/index.php\/urun\/ailemin-soyagaci\/"},"modified":"2026-04-16T02:44:59","modified_gmt":"2026-04-15T23:44:59","slug":"ailemin-soyagaci","status":"publish","type":"product","link":"https:\/\/roveyayinevi.com.tr\/index.php\/urun\/ailemin-soyagaci\/","title":{"rendered":"Ailemin Soya\u011fac\u0131"},"content":{"rendered":"<p>Aileni daha yak\u0131ndan tan\u0131mak vekendi soya\u011fac\u0131n\u0131 haz\u0131rlamak ister misin? Amca baban\u0131n karde\u015fi midir yoksa annenin mi? Teyze kime denir? Baban\u0131n babas\u0131na nas\u0131l seslenirsin? Peki, sen \u00e7ekirdek mi yoksa geni\u015f bir aileye mi sahipsin? Ailemin Soya\u011fac\u0131 ile Kaan\u2019\u0131n \u00e7ekirdek ailesini tan\u0131rken bir yandan da soya\u011fac\u0131n\u0131 nas\u0131l yapt\u0131\u011f\u0131n\u0131 \u00f6\u011freneceksin. Bu e\u011flenceli ve kalabal\u0131k aileyi okurken sen de aile soya\u011fac\u0131n\u0131 olu\u015fturabilirsin. <\/p>\n","protected":false},"excerpt":{"rendered":"<p>Aileni daha yak\u0131ndan tan\u0131mak vekendi soya\u011fac\u0131n\u0131 haz\u0131rlamak ister misin? Amca baban\u0131n karde\u015fi midir yoksa annenin mi? Teyze kime denir? Baban\u0131n babas\u0131na nas\u0131l seslenirsin? Peki, sen \u00e7ekirdek<span class=\"excerpt-hellip\"> [\u2026]<\/span><\/p>\n","protected":false},"featured_media":0,"template":"","meta":{"_monsterinsights_skip_tracking":false,"_monsterinsights_sitenote_active":false,"_monsterinsights_sitenote_note":"","_monsterinsights_sitenote_category":0},"product_brand":[],"product_cat":[12274,12284],"product_tag":[],"class_list":{"0":"post-736354","1":"product","2":"type-product","3":"status-publish","5":"product_cat-cocuk-ve-genclik-kitaplari","6":"product_cat-hikayeler","7":"pa_cilt-ciltsiz","8":"pa_tur-kitap","9":"pa_yayinevi-masalperest-ozel-urun","10":"pa_yazar-bahar-sarikaya","12":"first","13":"instock","14":"sale","15":"shipping-taxable","16":"purchasable","17":"product-type-simple"},"_links":{"self":[{"href":"https:\/\/roveyayinevi.com.tr\/index.php\/wp-json\/wp\/v2\/product\/736354","targetHints":{"allow":["GET"]}}],"collection":[{"href":"https:\/\/roveyayinevi.com.tr\/index.php\/wp-json\/wp\/v2\/product"}],"about":[{"href":"https:\/\/roveyayinevi.com.tr\/index.php\/wp-json\/wp\/v2\/types\/product"}],"wp:attachment":[{"href":"https:\/\/roveyayinevi.com.tr\/index.php\/wp-json\/wp\/v2\/media?parent=736354"}],"wp:term":[{"taxonomy":"product_brand","embeddable":true,"href":"https:\/\/roveyayinevi.com.tr\/index.php\/wp-json\/wp\/v2\/product_brand?post=736354"},{"taxonomy":"product_cat","embeddable":true,"href":"https:\/\/roveyayinevi.com.tr\/index.php\/wp-json\/wp\/v2\/product_cat?post=736354"},{"taxonomy":"product_tag","embeddable":true,"href":"https:\/\/roveyayinevi.com.tr\/index.php\/wp-json\/wp\/v2\/product_tag?post=736354"}],"curies":[{"name":"wp","href":"https:\/\/api.w.org\/{rel}","templated":true}]}}