{"id":736352,"date":"2025-08-27T23:06:02","date_gmt":"2025-08-27T20:06:02","guid":{"rendered":"https:\/\/roveyayinevi.com.tr\/index.php\/urun\/turk-tarihi\/"},"modified":"2026-04-16T02:44:59","modified_gmt":"2026-04-15T23:44:59","slug":"turk-tarihi","status":"publish","type":"product","link":"https:\/\/roveyayinevi.com.tr\/index.php\/urun\/turk-tarihi\/","title":{"rendered":"T\u00fcrk Tarihi"},"content":{"rendered":"<p>Giovanni Maria Angiolello, E\u011friboz Adas\u0131&#8217;n\u0131n II. Mehmed&#8217;in hedeflerinden biri haline gelmesinden korkan Venedik ordusuna, karde\u015fi ile birlikte g\u00f6n\u00fcll\u00fc olarak kat\u0131l\u0131r. Ancak E\u011friboz ku\u015fatmas\u0131 s\u0131ras\u0131nda ikisi de T\u00fcrklere esir d\u00fc\u015fer. Karde\u015fi Francesco idam edilir, Angiolello ise Sultan Fatih\u2019in sava\u015f esirlerinden biri olmak \u015fart\u0131yla hayatta kalmay\u0131 ba\u015far\u0131r. Daha sonra \u0130stanbul&#8217;a getirilir ve ard\u0131ndan II. Mehmed&#8217;in o\u011flu \u015eehzade Mustafa&#8217;n\u0131n saray\u0131nda hizmete verilir. \u015eehzade Mustafa&#8217;ya, Uzun Hasan ve Akkoyunlular ile yapt\u0131\u011f\u0131 sava\u015flarda e\u015flik eder. Bu s\u0131rada T\u00fcrk dilini \u00e7ok iyi derecede \u00f6\u011frenir. Mustafa&#8217;n\u0131n 1474 y\u0131l\u0131ndaki \u00f6l\u00fcm\u00fcnden sonra tekrar \u0130stanbul\u2019a getirilir ve sarayda Sultan Fatih\u2019in hizmetine girer. Do\u011fu\u015ftan sahip oldu\u011fu kabiliyetleri sayesinde k\u0131sa s\u00fcrede Sultan&#8217;\u0131n g\u00fcvendi\u011fi ki\u015filerden biri olur; Osmanl\u0131 Devleti i\u00e7inde defterdarl\u0131k gibi \u00fcst d\u00fczey bir g\u00f6reve getirilir. Fatih\u2019in vefat etti\u011fi y\u0131l II. Bayezid\u2019in hizmetine girse de \u0130stanbul\u2019dan ka\u00e7maya karar verir ve do\u011fdu\u011fu \u015fehir olan Vicenza\u2019ya geri d\u00f6ner. Baz\u0131 tarih\u00e7iler Angiolello&#8217;nun daha sonra Anadolu&#8217;ya tekrar d\u00f6nd\u00fc\u011f\u00fcn\u00fc savunsa da Vicenza&#8217;da \u00f6ld\u00fc\u011f\u00fc varsay\u0131m\u0131 daha kuvvetlidir. Bir\u00e7ok belgede Historia Turchesca yani T\u00fcrk Tarihi eserinin yazar\u0131 olarak an\u0131lan Angiolello, Osmanl\u0131 Devleti&#8217;nde ya\u015fad\u0131\u011f\u0131 zamanlarda imparatorlukla ilgili \u00e7ok de\u011ferli notlar yazm\u0131\u015ft\u0131r. 10 y\u0131ldan fazla \u0130stanbul\u2019da kalan yazar, \u015fehrin Osmanl\u0131lar\u0131n eline ge\u00e7mesinden sonraki durumunu anlatan ilk yabanc\u0131d\u0131r. Fatih d\u00f6nemine ait bir eserde bizzat g\u00f6rg\u00fc tan\u0131\u011f\u0131 olan birinin saray\u0131n i\u00e7 y\u00fcz\u00fcn\u00fc, taht kavgalar\u0131n\u0131, kanl\u0131 sava\u015flar\u0131, devlet te\u015fkilat\u0131n\u0131 ve ordu sistemini anlatmas\u0131 ise bu konudaki ara\u015ft\u0131rmalar i\u00e7in Angiolello\u2019nun tarihini vazge\u00e7ilmez k\u0131lar. <\/p>\n","protected":false},"excerpt":{"rendered":"<p>Giovanni Maria Angiolello, E\u011friboz Adas\u0131&#8217;n\u0131n II. Mehmed&#8217;in hedeflerinden biri haline gelmesinden korkan Venedik ordusuna, karde\u015fi ile birlikte g\u00f6n\u00fcll\u00fc olarak kat\u0131l\u0131r. Ancak E\u011friboz ku\u015fatmas\u0131 s\u0131ras\u0131nda ikisi de<span class=\"excerpt-hellip\"> [\u2026]<\/span><\/p>\n","protected":false},"featured_media":0,"template":"","meta":{"_monsterinsights_skip_tracking":false,"_monsterinsights_sitenote_active":false,"_monsterinsights_sitenote_note":"","_monsterinsights_sitenote_category":0},"product_brand":[],"product_cat":[12304,13650],"product_tag":[],"class_list":{"0":"post-736352","1":"product","2":"type-product","3":"status-publish","5":"product_cat-tarih","6":"product_cat-turk-tarihi-arastirmalari","7":"pa_cilt-ciltsiz","8":"pa_tur-kitap","9":"pa_yayinevi-profil-kitap","10":"pa_yazar-giovanni-maria-angiolello","12":"first","13":"instock","14":"sale","15":"shipping-taxable","16":"purchasable","17":"product-type-simple"},"_links":{"self":[{"href":"https:\/\/roveyayinevi.com.tr\/index.php\/wp-json\/wp\/v2\/product\/736352","targetHints":{"allow":["GET"]}}],"collection":[{"href":"https:\/\/roveyayinevi.com.tr\/index.php\/wp-json\/wp\/v2\/product"}],"about":[{"href":"https:\/\/roveyayinevi.com.tr\/index.php\/wp-json\/wp\/v2\/types\/product"}],"wp:attachment":[{"href":"https:\/\/roveyayinevi.com.tr\/index.php\/wp-json\/wp\/v2\/media?parent=736352"}],"wp:term":[{"taxonomy":"product_brand","embeddable":true,"href":"https:\/\/roveyayinevi.com.tr\/index.php\/wp-json\/wp\/v2\/product_brand?post=736352"},{"taxonomy":"product_cat","embeddable":true,"href":"https:\/\/roveyayinevi.com.tr\/index.php\/wp-json\/wp\/v2\/product_cat?post=736352"},{"taxonomy":"product_tag","embeddable":true,"href":"https:\/\/roveyayinevi.com.tr\/index.php\/wp-json\/wp\/v2\/product_tag?post=736352"}],"curies":[{"name":"wp","href":"https:\/\/api.w.org\/{rel}","templated":true}]}}