{"id":736349,"date":"2025-08-27T23:05:59","date_gmt":"2025-08-27T20:05:59","guid":{"rendered":"https:\/\/roveyayinevi.com.tr\/index.php\/urun\/yoktur-yolu-kendinden-cekip-gitmenin\/"},"modified":"2026-04-16T02:44:59","modified_gmt":"2026-04-15T23:44:59","slug":"yoktur-yolu-kendinden-cekip-gitmenin","status":"publish","type":"product","link":"https:\/\/roveyayinevi.com.tr\/index.php\/urun\/yoktur-yolu-kendinden-cekip-gitmenin\/","title":{"rendered":"Yoktur Yolu Kendinden \u00c7ekip Gitmenin"},"content":{"rendered":"<p>\u0130nsan kendini buldu\u011fu yerdedir; bazen s\u0131cac\u0131k bir \u00e7ay barda\u011f\u0131n\u0131n bu\u011fusunda, bazen de masmavi bir denizin k\u0131y\u0131s\u0131nda, kalbine s\u0131\u011f\u0131nm\u0131\u015f bir insan s\u0131cakl\u0131\u011f\u0131nda, bir g\u00fcl\u00fc\u015fte, bir \u00f6p\u00fc\u015fte&#8230; Asl\u0131nda sadece kendinde. \u0130nsan ne kadar ararsa kendini ba\u015fka d\u00fc\u015flerde, ba\u015fka \u00e2lemlerde, sonunda bulur kendini kendinde. Ne g\u00f6ky\u00fcz\u00fcn\u00fcn \u00f6zg\u00fcrl\u00fc\u011f\u00fcnde ne de yery\u00fcz\u00fcn\u00fcn esaretinde, insan kendindedir kendinde. Arad\u0131\u011f\u0131 da ka\u00e7t\u0131\u011f\u0131 da kendisidir, yine g\u00fcnah\u0131yla, sevab\u0131yla, g\u00fcl\u00fc\u015f\u00fcyle, \u0131st\u0131rab\u0131yla. D\u00f6kmek istese de hep i\u00e7ini bir yerlere, yine atar kendini kendi i\u00e7ine. Yoktur yolu kendinden \u00e7ekip gitmenin; ba\u015f\u0131 da sensin sonu da sensin bu hik\u00e2yenin&#8230; <\/p>\n","protected":false},"excerpt":{"rendered":"<p>\u0130nsan kendini buldu\u011fu yerdedir; bazen s\u0131cac\u0131k bir \u00e7ay barda\u011f\u0131n\u0131n bu\u011fusunda, bazen de masmavi bir denizin k\u0131y\u0131s\u0131nda, kalbine s\u0131\u011f\u0131nm\u0131\u015f bir insan s\u0131cakl\u0131\u011f\u0131nda, bir g\u00fcl\u00fc\u015fte, bir \u00f6p\u00fc\u015fte&#8230; Asl\u0131nda<span class=\"excerpt-hellip\"> [\u2026]<\/span><\/p>\n","protected":false},"featured_media":0,"template":"","meta":{"_monsterinsights_skip_tracking":false,"_monsterinsights_sitenote_active":false,"_monsterinsights_sitenote_note":"","_monsterinsights_sitenote_category":0},"product_brand":[],"product_cat":[12777,12291],"product_tag":[],"class_list":{"0":"post-736349","1":"product","2":"type-product","3":"status-publish","5":"product_cat-deneme","6":"product_cat-edebiyat","7":"pa_cilt-ciltsiz","8":"pa_tur-kitap","9":"pa_yayinevi-luna-yayinlari","10":"pa_yazar-ayse-ovali","12":"first","13":"instock","14":"sale","15":"shipping-taxable","16":"purchasable","17":"product-type-simple"},"_links":{"self":[{"href":"https:\/\/roveyayinevi.com.tr\/index.php\/wp-json\/wp\/v2\/product\/736349","targetHints":{"allow":["GET"]}}],"collection":[{"href":"https:\/\/roveyayinevi.com.tr\/index.php\/wp-json\/wp\/v2\/product"}],"about":[{"href":"https:\/\/roveyayinevi.com.tr\/index.php\/wp-json\/wp\/v2\/types\/product"}],"wp:attachment":[{"href":"https:\/\/roveyayinevi.com.tr\/index.php\/wp-json\/wp\/v2\/media?parent=736349"}],"wp:term":[{"taxonomy":"product_brand","embeddable":true,"href":"https:\/\/roveyayinevi.com.tr\/index.php\/wp-json\/wp\/v2\/product_brand?post=736349"},{"taxonomy":"product_cat","embeddable":true,"href":"https:\/\/roveyayinevi.com.tr\/index.php\/wp-json\/wp\/v2\/product_cat?post=736349"},{"taxonomy":"product_tag","embeddable":true,"href":"https:\/\/roveyayinevi.com.tr\/index.php\/wp-json\/wp\/v2\/product_tag?post=736349"}],"curies":[{"name":"wp","href":"https:\/\/api.w.org\/{rel}","templated":true}]}}