{"id":736346,"date":"2025-08-27T23:05:55","date_gmt":"2025-08-27T20:05:55","guid":{"rendered":"https:\/\/roveyayinevi.com.tr\/index.php\/urun\/insansiz-hava-sahasi\/"},"modified":"2026-04-16T02:44:59","modified_gmt":"2026-04-15T23:44:59","slug":"insansiz-hava-sahasi","status":"publish","type":"product","link":"https:\/\/roveyayinevi.com.tr\/index.php\/urun\/insansiz-hava-sahasi\/","title":{"rendered":"\u0130nsans\u0131z Hava Sahas\u0131"},"content":{"rendered":"<p>Her \u015feye ra\u011fmen, her \u015fey bize ra\u011fmen devam ediyordu. D\u00fcnya biz olmadan d\u00f6n\u00fcyordu. Bizi unutmu\u015ftu, vaktiyle o kadar h\u0131zl\u0131 d\u00f6nm\u00fc\u015ft\u00fc ki, kendi yuvarlak hatlar\u0131ndan keskin bir kare duvara hapsetmi\u015fti bizi. G\u00fcne\u015fi g\u00f6rm\u00fcyorduk. Bir keresinde ger\u00e7ekten g\u00f6ky\u00fcz\u00fcne bakt\u0131m, g\u00fcn i\u00e7inde defalarca, mahallemizde g\u00fcne\u015f g\u00f6r\u00fcnm\u00fcyordu. Duvarlar ve insanlar sadece\u2026 G\u00fcne\u015fi g\u00f6rmedi\u011fimde anlad\u0131m, bizim d\u00fcnyam\u0131z d\u00f6nm\u00fcyordu. Evvel zaman hik\u00e2yesinde s\u0131k\u0131\u015f\u0131p kalm\u0131\u015ft\u0131k. <\/p>\n","protected":false},"excerpt":{"rendered":"<p>Her \u015feye ra\u011fmen, her \u015fey bize ra\u011fmen devam ediyordu. D\u00fcnya biz olmadan d\u00f6n\u00fcyordu. Bizi unutmu\u015ftu, vaktiyle o kadar h\u0131zl\u0131 d\u00f6nm\u00fc\u015ft\u00fc ki, kendi yuvarlak hatlar\u0131ndan keskin bir<span class=\"excerpt-hellip\"> [\u2026]<\/span><\/p>\n","protected":false},"featured_media":0,"template":"","meta":{"_monsterinsights_skip_tracking":false,"_monsterinsights_sitenote_active":false,"_monsterinsights_sitenote_note":"","_monsterinsights_sitenote_category":0},"product_brand":[],"product_cat":[12291,12711],"product_tag":[],"class_list":{"0":"post-736346","1":"product","2":"type-product","3":"status-publish","5":"product_cat-edebiyat","6":"product_cat-roman-oyku","7":"pa_cilt-ciltsiz","8":"pa_tur-kitap","9":"pa_yayinevi-luna-yayinlari","10":"pa_yazar-harun-bicil","12":"first","13":"instock","14":"sale","15":"shipping-taxable","16":"purchasable","17":"product-type-simple"},"_links":{"self":[{"href":"https:\/\/roveyayinevi.com.tr\/index.php\/wp-json\/wp\/v2\/product\/736346","targetHints":{"allow":["GET"]}}],"collection":[{"href":"https:\/\/roveyayinevi.com.tr\/index.php\/wp-json\/wp\/v2\/product"}],"about":[{"href":"https:\/\/roveyayinevi.com.tr\/index.php\/wp-json\/wp\/v2\/types\/product"}],"wp:attachment":[{"href":"https:\/\/roveyayinevi.com.tr\/index.php\/wp-json\/wp\/v2\/media?parent=736346"}],"wp:term":[{"taxonomy":"product_brand","embeddable":true,"href":"https:\/\/roveyayinevi.com.tr\/index.php\/wp-json\/wp\/v2\/product_brand?post=736346"},{"taxonomy":"product_cat","embeddable":true,"href":"https:\/\/roveyayinevi.com.tr\/index.php\/wp-json\/wp\/v2\/product_cat?post=736346"},{"taxonomy":"product_tag","embeddable":true,"href":"https:\/\/roveyayinevi.com.tr\/index.php\/wp-json\/wp\/v2\/product_tag?post=736346"}],"curies":[{"name":"wp","href":"https:\/\/api.w.org\/{rel}","templated":true}]}}