{"id":736345,"date":"2025-08-27T23:05:54","date_gmt":"2025-08-27T20:05:54","guid":{"rendered":"https:\/\/roveyayinevi.com.tr\/index.php\/urun\/edebiyat-eserlerini-dogru-degerlendirme-problemi-ve-iki-cagdas-dusunur-i-a-richards-ve-n-hartmann\/"},"modified":"2026-04-16T02:44:59","modified_gmt":"2026-04-15T23:44:59","slug":"edebiyat-eserlerini-dogru-degerlendirme-problemi-ve-iki-cagdas-dusunur-i-a-richards-ve-n-hartmann","status":"publish","type":"product","link":"https:\/\/roveyayinevi.com.tr\/index.php\/urun\/edebiyat-eserlerini-dogru-degerlendirme-problemi-ve-iki-cagdas-dusunur-i-a-richards-ve-n-hartmann\/","title":{"rendered":"Edebiyat Eserlerini Do\u011fru De\u011ferlendirme Problemi ve \u0130ki \u00c7a\u011fda\u015f D\u00fc\u015f\u00fcn\u00fcr &#8211;  I. A. Richards ve N. Hartmann"},"content":{"rendered":"<p>Yaln\u0131zca felsefeyle u\u011fra\u015fanlar\u0131n de\u011fil, edebiyat eserlerinin okuyanlara neleri kazand\u0131rabilece\u011fi \u00fczerine d\u00fc\u015f\u00fcnmek isteyen herkesin \u00e7ok yararlanaca\u011f\u0131 bir kitap. Kitapta ele al\u0131nan konular, bir yandan bir edebiyat eserinin bilgisine nas\u0131l ula\u015f\u0131labilece\u011fini g\u00f6steriyor; di\u011fer yandansa ya\u015farken fark\u0131na varamad\u0131\u011f\u0131m\u0131z, ancak insan ya\u015fam\u0131n\u0131n zenginli\u011fini olu\u015fturan ya\u015fant\u0131 ve eylem olanaklar\u0131n\u0131n nas\u0131l g\u00f6r\u00fclebilece\u011fine bir \u00f6rnek olu\u015fturuyor. <\/p>\n","protected":false},"excerpt":{"rendered":"<p>Yaln\u0131zca felsefeyle u\u011fra\u015fanlar\u0131n de\u011fil, edebiyat eserlerinin okuyanlara neleri kazand\u0131rabilece\u011fi \u00fczerine d\u00fc\u015f\u00fcnmek isteyen herkesin \u00e7ok yararlanaca\u011f\u0131 bir kitap. Kitapta ele al\u0131nan konular, bir yandan bir edebiyat eserinin<span class=\"excerpt-hellip\"> [\u2026]<\/span><\/p>\n","protected":false},"featured_media":0,"template":"","meta":{"_monsterinsights_skip_tracking":false,"_monsterinsights_sitenote_active":false,"_monsterinsights_sitenote_note":"","_monsterinsights_sitenote_category":0},"product_brand":[],"product_cat":[12388,26788],"product_tag":[],"class_list":{"0":"post-736345","1":"product","2":"type-product","3":"status-publish","5":"product_cat-felsefe","6":"product_cat-filozoflar","7":"pa_cilt-ciltsiz","8":"pa_tur-kitap","9":"pa_yayinevi-turkiye-felsefe-kurumu","10":"pa_yazar-fusun-akatli","12":"first","13":"instock","14":"sale","15":"shipping-taxable","16":"purchasable","17":"product-type-simple"},"_links":{"self":[{"href":"https:\/\/roveyayinevi.com.tr\/index.php\/wp-json\/wp\/v2\/product\/736345","targetHints":{"allow":["GET"]}}],"collection":[{"href":"https:\/\/roveyayinevi.com.tr\/index.php\/wp-json\/wp\/v2\/product"}],"about":[{"href":"https:\/\/roveyayinevi.com.tr\/index.php\/wp-json\/wp\/v2\/types\/product"}],"wp:attachment":[{"href":"https:\/\/roveyayinevi.com.tr\/index.php\/wp-json\/wp\/v2\/media?parent=736345"}],"wp:term":[{"taxonomy":"product_brand","embeddable":true,"href":"https:\/\/roveyayinevi.com.tr\/index.php\/wp-json\/wp\/v2\/product_brand?post=736345"},{"taxonomy":"product_cat","embeddable":true,"href":"https:\/\/roveyayinevi.com.tr\/index.php\/wp-json\/wp\/v2\/product_cat?post=736345"},{"taxonomy":"product_tag","embeddable":true,"href":"https:\/\/roveyayinevi.com.tr\/index.php\/wp-json\/wp\/v2\/product_tag?post=736345"}],"curies":[{"name":"wp","href":"https:\/\/api.w.org\/{rel}","templated":true}]}}