{"id":736343,"date":"2025-08-27T23:05:52","date_gmt":"2025-08-27T20:05:52","guid":{"rendered":"https:\/\/roveyayinevi.com.tr\/index.php\/urun\/ingiliz-perspektifinden-turkiye-ve-milli-hareket\/"},"modified":"2026-04-16T02:44:59","modified_gmt":"2026-04-15T23:44:59","slug":"ingiliz-perspektifinden-turkiye-ve-milli-hareket","status":"publish","type":"product","link":"https:\/\/roveyayinevi.com.tr\/index.php\/urun\/ingiliz-perspektifinden-turkiye-ve-milli-hareket\/","title":{"rendered":"\u0130ngiliz Perspektifinden T\u00fcrkiye ve Milli Hareket"},"content":{"rendered":"<p>T\u00fcrkiye Cumhuriyeti\u2019nde ilk nesiller, ac\u0131 tecr\u00fcbelerden hareketle Mill\u00ee M\u00fccadele\u2019yi, Yunanistan\u2019\u0131 destekleyen \u0130ngiltere\u2019ye ve m\u00fcttefiklerine kar\u015f\u0131 b\u00fcy\u00fck bir zafer olarak g\u00f6r\u00fcyorlard\u0131. Ancak zaman ge\u00e7ip de \u0130ngiltere ve di\u011fer Avrupal\u0131 devletlerle ili\u015fkiler d\u00fczeldik\u00e7e T\u00fcrkiye\u2019deki siyasi kampla\u015fman\u0131n da etkisiyle bu alg\u0131 de\u011fi\u015fmeye ba\u015flad\u0131. Art\u0131k \u0130ngilizlerin, Mill\u00ee Harekete do\u011frudan m\u00fcdahalede bulunmad\u0131klar\u0131n\u0131 ve dolay\u0131s\u0131yla g\u00f6z yumduklar\u0131n\u0131 ileri s\u00fcrenler vard\u0131. Paranoya ve isteri \u00f6yle bir boyuta ula\u015ft\u0131 ki, \u0130ngilizlerin, zaten istediklerini ald\u0131klar\u0131n\u0131 ve Mill\u00ee Hareketi el alt\u0131ndan desteklediklerini ima edenler t\u00fcredi. Zaman\u0131nda Mill\u00ee M\u00fccadele\u2019ye kar\u015f\u0131 \u00e7\u0131kanlar\u0131n ya da Ankara ile yol ayr\u0131l\u0131\u011f\u0131na d\u00fc\u015fenlerin; sonradan ya\u015fad\u0131klar\u0131 fikir kar\u0131\u015f\u0131kl\u0131klar\u0131 ve duyu bozukluklar\u0131yla att\u0131klar\u0131 iftiralara dayanan bu iddialar neden ve hangi mant\u0131kla a\u011fza al\u0131nabiliyor? Anlamak zor de\u011fil! Yaln\u0131zca \u015funu belirtmek gerekir ki; Avrupal\u0131lar hatta Yunanlar dahi bu ve t\u00fcrevi iddialar\u0131 g\u00fcndeme getirmediler.I. D\u00fcnya Sava\u015f\u0131 bitti\u011finde \u0130ngiliz siyasi iradesi, T\u00fcrkiye\u2019yi istedi\u011fi gibi \u015fekillendirdikten sonra kollar\u0131n\u0131, bacaklar\u0131n\u0131 ve kafas\u0131n\u0131 ba\u011flayarak arzulad\u0131\u011f\u0131 \u015fekilde konu\u015fturabilece\u011fi ve g\u00f6nl\u00fcnce oynatabilece\u011fi bir kuklaya d\u00f6n\u00fc\u015ft\u00fcrmeyi ama\u00e7lad\u0131. \u0130\u015fte Mill\u00ee Hareket bu d\u00fc\u015f\u00fcncelere, sava\u015f sonras\u0131 plan ve projelere kar\u015f\u0131 do\u011frudan bir meydan okumayd\u0131. Bu resti g\u00f6ren akl-\u0131 sel\u00eem siyaset\u00e7iler hatta asker\u00ee yetkililer; \u0130ngiliz H\u00fck\u00fbmeti\u2019nin, T\u00fcrkiye\u2019ye y\u00f6nelik kararlar\u0131n\u0131 \u00fclkedeki ekonomik resesyon, Yak\u0131n Do\u011fu\u2019da ya\u015fanan geli\u015fmeler ve elbette Mill\u00ee Hareketin ba\u015far\u0131lar\u0131 do\u011frultusunda s\u00fcrekli sorgulad\u0131lar. \u0130ngiliz H\u00fck\u00fbmeti ise Mill\u00ee Harekete kar\u015f\u0131 elindeki b\u00fct\u00fcn kozlar\u0131 oynad\u0131 ve nihayetinde hamle yapma imk\u00e2n\u0131n\u0131 kaybetti.     Bu \u00e7al\u0131\u015fmada, elindeki b\u00fct\u00fcn kartlar ve kozlar t\u00fckendi\u011fi i\u00e7in planlar\u0131n\u0131 yeniden yap\u0131land\u0131rmak ve hedeflerini k\u00fc\u00e7\u00fcltmek zorunda kalan \u0130ngiliz siyasi iradesinin, T\u00fcrkiye ve Mill\u00ee Harekete hangi perspektiften bakt\u0131\u011f\u0131; Mezopotamya, Bo\u011fazlar b\u00f6lgesi, Karadeniz ve G\u00fcney Kafkasya\u2019daki k\u00f6kl\u00fc de\u011fi\u015fikliklerle birlikte incelenmektedir.<\/p>\n","protected":false},"excerpt":{"rendered":"<p>T\u00fcrkiye Cumhuriyeti\u2019nde ilk nesiller, ac\u0131 tecr\u00fcbelerden hareketle Mill\u00ee M\u00fccadele\u2019yi, Yunanistan\u2019\u0131 destekleyen \u0130ngiltere\u2019ye ve m\u00fcttefiklerine kar\u015f\u0131 b\u00fcy\u00fck bir zafer olarak g\u00f6r\u00fcyorlard\u0131. Ancak zaman ge\u00e7ip de \u0130ngiltere ve<span class=\"excerpt-hellip\"> [\u2026]<\/span><\/p>\n","protected":false},"featured_media":0,"template":"","meta":{"_monsterinsights_skip_tracking":false,"_monsterinsights_sitenote_active":false,"_monsterinsights_sitenote_note":"","_monsterinsights_sitenote_category":0},"product_brand":[],"product_cat":[12370,12304],"product_tag":[],"class_list":{"0":"post-736343","1":"product","2":"type-product","3":"status-publish","5":"product_cat-arastirma-inceleme","6":"product_cat-tarih","7":"pa_cilt-ciltsiz","8":"pa_tur-kitap","9":"pa_yayinevi-otuken-nesriyat","10":"pa_yazar-abdurrahman-bozkurt","12":"first","13":"instock","14":"sale","15":"shipping-taxable","16":"purchasable","17":"product-type-simple"},"_links":{"self":[{"href":"https:\/\/roveyayinevi.com.tr\/index.php\/wp-json\/wp\/v2\/product\/736343","targetHints":{"allow":["GET"]}}],"collection":[{"href":"https:\/\/roveyayinevi.com.tr\/index.php\/wp-json\/wp\/v2\/product"}],"about":[{"href":"https:\/\/roveyayinevi.com.tr\/index.php\/wp-json\/wp\/v2\/types\/product"}],"wp:attachment":[{"href":"https:\/\/roveyayinevi.com.tr\/index.php\/wp-json\/wp\/v2\/media?parent=736343"}],"wp:term":[{"taxonomy":"product_brand","embeddable":true,"href":"https:\/\/roveyayinevi.com.tr\/index.php\/wp-json\/wp\/v2\/product_brand?post=736343"},{"taxonomy":"product_cat","embeddable":true,"href":"https:\/\/roveyayinevi.com.tr\/index.php\/wp-json\/wp\/v2\/product_cat?post=736343"},{"taxonomy":"product_tag","embeddable":true,"href":"https:\/\/roveyayinevi.com.tr\/index.php\/wp-json\/wp\/v2\/product_tag?post=736343"}],"curies":[{"name":"wp","href":"https:\/\/api.w.org\/{rel}","templated":true}]}}