{"id":736342,"date":"2025-08-27T23:05:52","date_gmt":"2025-08-27T20:05:52","guid":{"rendered":"https:\/\/roveyayinevi.com.tr\/index.php\/urun\/kirik-bir-kalbi-tutmak\/"},"modified":"2026-04-16T02:44:59","modified_gmt":"2026-04-15T23:44:59","slug":"kirik-bir-kalbi-tutmak","status":"publish","type":"product","link":"https:\/\/roveyayinevi.com.tr\/index.php\/urun\/kirik-bir-kalbi-tutmak\/","title":{"rendered":"K\u0131r\u0131k Bir Kalbi Tutmak"},"content":{"rendered":"<p>Bu kitap \u00f6\u011frendiklerimden ve deneyimlerimden s\u00fcz\u00fcp sana sundu\u011fum bir davet&#8230; \u00c7\u00fcnk\u00fc \u00e7o\u011fu zaman k\u0131r\u0131k bir kalbin ona sahip \u00e7\u0131kan birine ve onu seven insanlara ihtiyac\u0131 var. Bunca y\u0131l i\u00e7inde, birinin iyi olmas\u0131n\u0131 i\u00e7tenlikle istemenin, iyile\u015fme s\u00fcrecinin en \u00f6nemli unsurlar\u0131ndan biri oldu\u011funu g\u00f6rd\u00fcm. Dilerim, senin kendini daha iyi hissetmene y\u00f6nelik i\u00e7ten iste\u011fim, bu sat\u0131rlar\u0131n aras\u0131ndan sana ula\u015f\u0131r.   Dilerim kendi k\u0131r\u0131k kalbini sevgiyle, \u015fefkatle tutabil. Dilerim k\u0131r\u0131k kalbini sevgiyle \u015fefkatle tutabilen insanlar olsun. Dilerim k\u0131r\u0131k kalbin iyile\u015fsin.   Klinik psikolog, d\u0131\u015favurumcu sanat terapisti Suzi Amado\u2019dan ruhumuzun ba\u011f\u0131\u015f\u0131kl\u0131k sistemini g\u00fc\u00e7lendirecek, k\u0131r\u0131k kalplerimize \u015fifa olacak bir kitap\u2026 Mindfulness\u2019dan pomodoro\u2019ya, empati kas\u0131m\u0131z\u0131 g\u00fc\u00e7lendirmekten kendi \u201cumut serumu\u201dmuzu yaratmaya, sanat terapisinden terapist se\u00e7imine, iyile\u015fme yolunda tekrar tekrar okumak isteyece\u011finiz bir ba\u015fucu rehberi K\u0131r\u0131k Bir Kalbi Tutmak. <\/p>\n","protected":false},"excerpt":{"rendered":"<p>Bu kitap \u00f6\u011frendiklerimden ve deneyimlerimden s\u00fcz\u00fcp sana sundu\u011fum bir davet&#8230; \u00c7\u00fcnk\u00fc \u00e7o\u011fu zaman k\u0131r\u0131k bir kalbin ona sahip \u00e7\u0131kan birine ve onu seven insanlara ihtiyac\u0131 var.<span class=\"excerpt-hellip\"> [\u2026]<\/span><\/p>\n","protected":false},"featured_media":0,"template":"","meta":{"_monsterinsights_skip_tracking":false,"_monsterinsights_sitenote_active":false,"_monsterinsights_sitenote_note":"","_monsterinsights_sitenote_category":0},"product_brand":[],"product_cat":[20502,12357],"product_tag":[],"class_list":{"0":"post-736342","1":"product","2":"type-product","3":"status-publish","5":"product_cat-basvuru-kitaplari-psikoloji","6":"product_cat-psikoloji","7":"pa_cilt-ciltsiz","8":"pa_tur-kitap","9":"pa_yayinevi-dogan-novus","10":"pa_yazar-suzi-amado","12":"first","13":"instock","14":"sale","15":"shipping-taxable","16":"purchasable","17":"product-type-simple"},"_links":{"self":[{"href":"https:\/\/roveyayinevi.com.tr\/index.php\/wp-json\/wp\/v2\/product\/736342","targetHints":{"allow":["GET"]}}],"collection":[{"href":"https:\/\/roveyayinevi.com.tr\/index.php\/wp-json\/wp\/v2\/product"}],"about":[{"href":"https:\/\/roveyayinevi.com.tr\/index.php\/wp-json\/wp\/v2\/types\/product"}],"wp:attachment":[{"href":"https:\/\/roveyayinevi.com.tr\/index.php\/wp-json\/wp\/v2\/media?parent=736342"}],"wp:term":[{"taxonomy":"product_brand","embeddable":true,"href":"https:\/\/roveyayinevi.com.tr\/index.php\/wp-json\/wp\/v2\/product_brand?post=736342"},{"taxonomy":"product_cat","embeddable":true,"href":"https:\/\/roveyayinevi.com.tr\/index.php\/wp-json\/wp\/v2\/product_cat?post=736342"},{"taxonomy":"product_tag","embeddable":true,"href":"https:\/\/roveyayinevi.com.tr\/index.php\/wp-json\/wp\/v2\/product_tag?post=736342"}],"curies":[{"name":"wp","href":"https:\/\/api.w.org\/{rel}","templated":true}]}}