{"id":736341,"date":"2025-08-27T23:05:50","date_gmt":"2025-08-27T20:05:50","guid":{"rendered":"https:\/\/roveyayinevi.com.tr\/index.php\/urun\/suikastcinin-hanceri-ciltli\/"},"modified":"2026-04-16T02:44:59","modified_gmt":"2026-04-15T23:44:59","slug":"suikastcinin-hanceri-ciltli","status":"publish","type":"product","link":"https:\/\/roveyayinevi.com.tr\/index.php\/urun\/suikastcinin-hanceri-ciltli\/","title":{"rendered":"Suikast\u00e7\u0131n\u0131n Han\u00e7eri (Ciltli)"},"content":{"rendered":"<p>Cam \u015fato serisinin karakterlerinin bilinmeyen hikayeleri..   Celaena Sardothien\u2019in heyecan verici destan\u0131n\u0131n nas\u0131l do\u011fdu\u011funu ke\u015ffedin.   Celaena Sardothien, Adarlan Krall\u0131\u011f\u0131\u2019n\u0131n en korkulan suikast\u00e7\u0131s\u0131d\u0131r. G\u00fc\u00e7l\u00fc ve ac\u0131mas\u0131z Suikast\u00e7\u0131lar Loncas\u0131 i\u00e7in \u00e7al\u0131\u015fmas\u0131na ra\u011fmen ba\u015f\u0131na buyruktur ve g\u00fcvendi\u011fi tek ki\u015fi bir kiral\u0131k katil olan arkada\u015f\u0131 Sam\u2019dir.   Celaena\u2019n\u0131n entrikac\u0131 ustas\u0131 Arobynn Hamel, onu uzak adalardan d\u00fc\u015fman \u00e7\u00f6llerine g\u00f6t\u00fcren g\u00f6revlere g\u00f6nderdi\u011finde Celaena kendini onun isteklerinden ba\u011f\u0131ms\u0131z hareket ederken ve ustas\u0131na olan ba\u011fl\u0131l\u0131\u011f\u0131n\u0131 sorgularken bulur. Yol boyunca hem dost hem de d\u00fc\u015fman edinir ve Sam i\u00e7in arkada\u015fl\u0131ktan \u00e7ok daha fazlas\u0131n\u0131 hissetti\u011fini ke\u015ffeder. Ancak Arobynn\u2019in emirlerine uymayan Celaena korkun\u00e7 bir ceza alma riskiyle kar\u015f\u0131 kar\u015f\u0131ya kal\u0131r. Sadece kendininkini de\u011fil, Sam\u2019in hayat\u0131n\u0131 da tehlikeye atm\u0131\u015ft\u0131r.   Art\u0131k Arobynn\u2019in pen\u00e7elerinden kurtulmay\u0131 umuyorlarsa her \u015feyi g\u00f6ze almak zorunda kalacaklar ve ba\u015far\u0131s\u0131z olurlarsa sadece \u00f6zg\u00fcrl\u00fck \u015fanslar\u0131n\u0131 de\u011fil, hayatlar\u0131n\u0131 da kaybedeceklerdir&#8230;   Cam \u015eato\u2019nun \u00f6ncesine dair be\u015f k\u0131sa hik\u00e2yeden olu\u015fan bu kitap, sizi kurnaz suikast\u00e7\u0131 Celaena Sardothien\u2019in ge\u00e7mi\u015fine ve onun b\u00fcy\u00fcleyici \u2013ayn\u0131 zamanda \u00f6l\u00fcmc\u00fcl- d\u00fcnyas\u0131na daha derinden bakmaya davet ediyor\u2026 <\/p>\n","protected":false},"excerpt":{"rendered":"<p>Cam \u015fato serisinin karakterlerinin bilinmeyen hikayeleri.. Celaena Sardothien\u2019in heyecan verici destan\u0131n\u0131n nas\u0131l do\u011fdu\u011funu ke\u015ffedin. Celaena Sardothien, Adarlan Krall\u0131\u011f\u0131\u2019n\u0131n en korkulan suikast\u00e7\u0131s\u0131d\u0131r. G\u00fc\u00e7l\u00fc ve ac\u0131mas\u0131z Suikast\u00e7\u0131lar Loncas\u0131<span class=\"excerpt-hellip\"> [\u2026]<\/span><\/p>\n","protected":false},"featured_media":0,"template":"","meta":{"_monsterinsights_skip_tracking":false,"_monsterinsights_sitenote_active":false,"_monsterinsights_sitenote_note":"","_monsterinsights_sitenote_category":0},"product_brand":[],"product_cat":[12291,14777],"product_tag":[],"class_list":{"0":"post-736341","1":"product","2":"type-product","3":"status-publish","5":"product_cat-edebiyat","6":"product_cat-fantastik","7":"pa_cilt-ciltli","8":"pa_tur-kitap","9":"pa_yayinevi-dex-yayinevi","10":"pa_yazar-sarah-j-maas","12":"first","13":"instock","14":"sale","15":"shipping-taxable","16":"purchasable","17":"product-type-simple"},"_links":{"self":[{"href":"https:\/\/roveyayinevi.com.tr\/index.php\/wp-json\/wp\/v2\/product\/736341","targetHints":{"allow":["GET"]}}],"collection":[{"href":"https:\/\/roveyayinevi.com.tr\/index.php\/wp-json\/wp\/v2\/product"}],"about":[{"href":"https:\/\/roveyayinevi.com.tr\/index.php\/wp-json\/wp\/v2\/types\/product"}],"wp:attachment":[{"href":"https:\/\/roveyayinevi.com.tr\/index.php\/wp-json\/wp\/v2\/media?parent=736341"}],"wp:term":[{"taxonomy":"product_brand","embeddable":true,"href":"https:\/\/roveyayinevi.com.tr\/index.php\/wp-json\/wp\/v2\/product_brand?post=736341"},{"taxonomy":"product_cat","embeddable":true,"href":"https:\/\/roveyayinevi.com.tr\/index.php\/wp-json\/wp\/v2\/product_cat?post=736341"},{"taxonomy":"product_tag","embeddable":true,"href":"https:\/\/roveyayinevi.com.tr\/index.php\/wp-json\/wp\/v2\/product_tag?post=736341"}],"curies":[{"name":"wp","href":"https:\/\/api.w.org\/{rel}","templated":true}]}}