{"id":736339,"date":"2025-08-27T23:05:49","date_gmt":"2025-08-27T20:05:49","guid":{"rendered":"https:\/\/roveyayinevi.com.tr\/index.php\/urun\/zaaflar-kitabi\/"},"modified":"2026-04-16T02:44:59","modified_gmt":"2026-04-15T23:44:59","slug":"zaaflar-kitabi","status":"publish","type":"product","link":"https:\/\/roveyayinevi.com.tr\/index.php\/urun\/zaaflar-kitabi\/","title":{"rendered":"Zaaflar Kitab\u0131"},"content":{"rendered":"<p>&#8220;\u00d6zg\u00fcr \u00d6zt\u00fcrk\u2019\u00fcn Zaaflar Kitab\u0131 bana Lorca\u2019n\u0131n ad\u0131n\u0131 koydu\u011fu bir kavram\u0131, duende\u2019yi hat\u0131rlatt\u0131: \u2018Hi\u00e7bir zaman kapanmayacak olan yaralar\u0131m\u0131z\u0131n, iyile\u015firken ruhumuzdan \u00e7\u0131kard\u0131\u011f\u0131 e\u015fsiz yetenek.\u2019   \u00d6zt\u00fcrk kitab\u0131nda, zaaflar\u0131m\u0131zla m\u00fccadele etmenin yolunun onlar\u0131 ve kendimizi iyi tan\u0131y\u0131p, ahenkle dans edebilme yetisini geli\u015ftirmekten ge\u00e7ti\u011fini s\u00f6yl\u00fcyor. Zaaflar\u0131m\u0131z belki de duende\u2019mizi bulman\u0131n yollar\u0131ndan biridir.   Kendini vazge\u00e7ilmez zannetmek ile kendini hi\u00e7e saymak d\u0131\u015f\u0131nda bir yol mutlaka vard\u0131r. Ne mesnetsiz bir kibir ne de haks\u0131z bir tevazu!   Yaralanmaktan korkmamal\u0131, onlardan utanmamal\u0131y\u0131z. \u015eifam\u0131z da oradad\u0131r \u00e7\u00fcnk\u00fc.\u201d   Ercan Kesal <\/p>\n","protected":false},"excerpt":{"rendered":"<p>&#8220;\u00d6zg\u00fcr \u00d6zt\u00fcrk\u2019\u00fcn Zaaflar Kitab\u0131 bana Lorca\u2019n\u0131n ad\u0131n\u0131 koydu\u011fu bir kavram\u0131, duende\u2019yi hat\u0131rlatt\u0131: \u2018Hi\u00e7bir zaman kapanmayacak olan yaralar\u0131m\u0131z\u0131n, iyile\u015firken ruhumuzdan \u00e7\u0131kard\u0131\u011f\u0131 e\u015fsiz yetenek.\u2019 \u00d6zt\u00fcrk kitab\u0131nda, zaaflar\u0131m\u0131zla m\u00fccadele<span class=\"excerpt-hellip\"> [\u2026]<\/span><\/p>\n","protected":false},"featured_media":0,"template":"","meta":{"_monsterinsights_skip_tracking":false,"_monsterinsights_sitenote_active":false,"_monsterinsights_sitenote_note":"","_monsterinsights_sitenote_category":0},"product_brand":[],"product_cat":[20502,12357],"product_tag":[],"class_list":{"0":"post-736339","1":"product","2":"type-product","3":"status-publish","5":"product_cat-basvuru-kitaplari-psikoloji","6":"product_cat-psikoloji","7":"pa_cilt-ciltsiz","8":"pa_tur-kitap","9":"pa_yayinevi-dogan-kitap","10":"pa_yazar-ozgur-ozturk","12":"first","13":"instock","14":"sale","15":"shipping-taxable","16":"purchasable","17":"product-type-simple"},"_links":{"self":[{"href":"https:\/\/roveyayinevi.com.tr\/index.php\/wp-json\/wp\/v2\/product\/736339","targetHints":{"allow":["GET"]}}],"collection":[{"href":"https:\/\/roveyayinevi.com.tr\/index.php\/wp-json\/wp\/v2\/product"}],"about":[{"href":"https:\/\/roveyayinevi.com.tr\/index.php\/wp-json\/wp\/v2\/types\/product"}],"wp:attachment":[{"href":"https:\/\/roveyayinevi.com.tr\/index.php\/wp-json\/wp\/v2\/media?parent=736339"}],"wp:term":[{"taxonomy":"product_brand","embeddable":true,"href":"https:\/\/roveyayinevi.com.tr\/index.php\/wp-json\/wp\/v2\/product_brand?post=736339"},{"taxonomy":"product_cat","embeddable":true,"href":"https:\/\/roveyayinevi.com.tr\/index.php\/wp-json\/wp\/v2\/product_cat?post=736339"},{"taxonomy":"product_tag","embeddable":true,"href":"https:\/\/roveyayinevi.com.tr\/index.php\/wp-json\/wp\/v2\/product_tag?post=736339"}],"curies":[{"name":"wp","href":"https:\/\/api.w.org\/{rel}","templated":true}]}}