{"id":736337,"date":"2025-08-27T23:05:46","date_gmt":"2025-08-27T20:05:46","guid":{"rendered":"https:\/\/roveyayinevi.com.tr\/index.php\/urun\/mucizeli-hayvanlar-kulubu\/"},"modified":"2026-04-16T02:44:59","modified_gmt":"2026-04-15T23:44:59","slug":"mucizeli-hayvanlar-kulubu","status":"publish","type":"product","link":"https:\/\/roveyayinevi.com.tr\/index.php\/urun\/mucizeli-hayvanlar-kulubu\/","title":{"rendered":"Mucizeli Hayvanlar Kul\u00fcb\u00fc"},"content":{"rendered":"<p>\u00c7ocuklar\u0131 soylar\u0131 t\u00fckenmi\u015f veya t\u00fckenmekte olan hayvanlarla tan\u0131\u015ft\u0131ran, onlara hayvan sevgisi a\u015f\u0131layan mucizeli bir hik\u00e2ye. \u00c7ok uslu, \u00e7ok \u00e7al\u0131\u015fkan ve de \u00e7ok cici olmayan be\u015f \u00e7ocuk, Hayvanlar Kul\u00fcb\u00fc\u2019n\u00fc kurarken sadece oyun oynamak istiyorlard\u0131. Fakat her \u015fey birdenbire de\u011fi\u015fti, hep birlikte tepetaklak b\u00fcy\u00fck bir maceran\u0131n i\u00e7ine yuvarland\u0131lar. \u00c7\u00fcnk\u00fc \u201cHayvanlar Kul\u00fcb\u00fc\u201d diye bir \u015fey kurarsan\u0131z, ba\u015f\u0131 dertte olan hayvanlar\u0131n kap\u0131n\u0131z\u0131 \u00e7almas\u0131 ka\u00e7\u0131n\u0131lmazd\u0131r. Do\u011frusu, say\u0131s\u0131z hayvan\u0131n say\u0131s\u0131z derdi vard\u0131; bu y\u00fczden kul\u00fcb\u00fcn kurulu\u015fu hayvanlar aras\u0131nda b\u00fcy\u00fck bir h\u0131zla yay\u0131l\u0131verdi. Sular\u0131n\u0131, ormanlar\u0131n\u0131, canl\u0131lar\u0131n\u0131 kaybeden d\u00fcnyada her \u015fey k\u00f6t\u00fcye gidiyordu art\u0131k,  hayvanlar\u0131n tek umudu ise \u00e7ocuklard\u0131. Peki, be\u015f k\u00fc\u00e7\u00fck \u00e7ocuk, d\u00fcnyay\u0131 de\u011fi\u015ftirebilir mi dersiniz? Sorunun yan\u0131t\u0131 i\u00e7in siz de Mucizeli Hayvanlar Kul\u00fcb\u00fc\u2019n\u00fcn kap\u0131s\u0131n\u0131 \u00e7almal\u0131s\u0131n\u0131z! \u201cB\u00fct\u00fcn \u00e7ocuklar\u0131n hayvanlar i\u00e7in yapabilece\u011fi bir \u015feyler mutlaka vard\u0131r. \u0130nan\u0131n bana, biz yapt\u0131k, siz de yapabilirsiniz.\u201d<\/p>\n","protected":false},"excerpt":{"rendered":"<p>\u00c7ocuklar\u0131 soylar\u0131 t\u00fckenmi\u015f veya t\u00fckenmekte olan hayvanlarla tan\u0131\u015ft\u0131ran, onlara hayvan sevgisi a\u015f\u0131layan mucizeli bir hik\u00e2ye. \u00c7ok uslu, \u00e7ok \u00e7al\u0131\u015fkan ve de \u00e7ok cici olmayan be\u015f \u00e7ocuk,<span class=\"excerpt-hellip\"> [\u2026]<\/span><\/p>\n","protected":false},"featured_media":0,"template":"","meta":{"_monsterinsights_skip_tracking":false,"_monsterinsights_sitenote_active":false,"_monsterinsights_sitenote_note":"","_monsterinsights_sitenote_category":0},"product_brand":[],"product_cat":[12275,12274],"product_tag":[],"class_list":{"0":"post-736337","1":"product","2":"type-product","3":"status-publish","5":"product_cat-6-12-yas-kitaplari","6":"product_cat-cocuk-ve-genclik-kitaplari","7":"pa_cilt-ciltsiz","8":"pa_tur-kitap","9":"pa_yayinevi-bilgi-yayinevi-cocuk","10":"pa_yazar-aysegul-celik","12":"first","13":"instock","14":"sale","15":"shipping-taxable","16":"purchasable","17":"product-type-simple"},"_links":{"self":[{"href":"https:\/\/roveyayinevi.com.tr\/index.php\/wp-json\/wp\/v2\/product\/736337","targetHints":{"allow":["GET"]}}],"collection":[{"href":"https:\/\/roveyayinevi.com.tr\/index.php\/wp-json\/wp\/v2\/product"}],"about":[{"href":"https:\/\/roveyayinevi.com.tr\/index.php\/wp-json\/wp\/v2\/types\/product"}],"wp:attachment":[{"href":"https:\/\/roveyayinevi.com.tr\/index.php\/wp-json\/wp\/v2\/media?parent=736337"}],"wp:term":[{"taxonomy":"product_brand","embeddable":true,"href":"https:\/\/roveyayinevi.com.tr\/index.php\/wp-json\/wp\/v2\/product_brand?post=736337"},{"taxonomy":"product_cat","embeddable":true,"href":"https:\/\/roveyayinevi.com.tr\/index.php\/wp-json\/wp\/v2\/product_cat?post=736337"},{"taxonomy":"product_tag","embeddable":true,"href":"https:\/\/roveyayinevi.com.tr\/index.php\/wp-json\/wp\/v2\/product_tag?post=736337"}],"curies":[{"name":"wp","href":"https:\/\/api.w.org\/{rel}","templated":true}]}}