{"id":736336,"date":"2025-08-27T23:05:45","date_gmt":"2025-08-27T20:05:45","guid":{"rendered":"https:\/\/roveyayinevi.com.tr\/index.php\/urun\/don-camillo-ve-surusu\/"},"modified":"2026-04-11T14:04:07","modified_gmt":"2026-04-11T11:04:07","slug":"don-camillo-ve-surusu","status":"publish","type":"product","link":"https:\/\/roveyayinevi.com.tr\/index.php\/urun\/don-camillo-ve-surusu\/","title":{"rendered":"Don Camillo ve S\u00fcr\u00fcs\u00fc"},"content":{"rendered":"<p>D\u00fcnya siyasi mizah tarihinin en \u00e7ok iz b\u0131rakan kahraman\u0131 Don Camillo\u2019nun maceralar\u0131 bu kitapta da devam ediyor.   Don Camillo ve Peppone, Bassa\u2019daki k\u00fc\u00e7\u00fck kasabalar\u0131nda, sava\u015f sonras\u0131 y\u0131llarda her zamanki maceralar, intikamlar, \u015fakalar ve kar\u015f\u0131l\u0131kl\u0131 stratejilerle dolu \u00e7eki\u015fmelerine devam ediyor. Bilindi\u011fi \u00fczere z\u0131t u\u00e7lar \u00e7o\u011fu zaman di\u011fer tarafta birle\u015firler. Bu nedenle \u00f6yle \u015feyler olabilir ki bu ikiliden hangisinin se\u00e7men kabininden bo\u015f oy vererek ya da kom\u00fcnist partiye oy vererek \u00e7\u0131kt\u0131\u011f\u0131n\u0131 tahmin edemez insan. Bir bakars\u0131n\u0131z bu ikili yeni biten sava\u015f\u0131n karanl\u0131k hat\u0131ras\u0131 olan tank\u0131 saklamakla me\u015fguld\u00fcr. Don Camillo ve Peppone\u2019nin maceralar\u0131, politik \u00e7at\u0131\u015fmalar\u0131, ideolojileri, tarihi a\u015far ve g\u00fcn\u00fcm\u00fczde insanl\u0131k dolu hik\u00e2yelere d\u00f6n\u00fc\u015f\u00fcr. \u0130nsan bu hik\u00e2yelerde iyi niyet, masumiyet ve asalet dolu \u201cK\u00fc\u00e7\u00fck D\u00fcnya\u201dy\u0131 ke\u015ffeder. <\/p>\n","protected":false},"excerpt":{"rendered":"<p>D\u00fcnya siyasi mizah tarihinin en \u00e7ok iz b\u0131rakan kahraman\u0131 Don Camillo\u2019nun maceralar\u0131 bu kitapta da devam ediyor. Don Camillo ve Peppone, Bassa\u2019daki k\u00fc\u00e7\u00fck kasabalar\u0131nda, sava\u015f sonras\u0131<span class=\"excerpt-hellip\"> [\u2026]<\/span><\/p>\n","protected":false},"featured_media":0,"template":"","meta":{"_monsterinsights_skip_tracking":false,"_monsterinsights_sitenote_active":false,"_monsterinsights_sitenote_note":"","_monsterinsights_sitenote_category":0},"product_brand":[],"product_cat":[12291,12711],"product_tag":[],"class_list":{"0":"post-736336","1":"product","2":"type-product","3":"status-publish","5":"product_cat-edebiyat","6":"product_cat-roman-oyku","7":"pa_cilt-ciltsiz","8":"pa_tur-kitap","9":"pa_yayinevi-bilgi-yayinevi","10":"pa_yazar-giovanni-guareschi","12":"first","13":"instock","14":"sale","15":"shipping-taxable","16":"purchasable","17":"product-type-simple"},"_links":{"self":[{"href":"https:\/\/roveyayinevi.com.tr\/index.php\/wp-json\/wp\/v2\/product\/736336","targetHints":{"allow":["GET"]}}],"collection":[{"href":"https:\/\/roveyayinevi.com.tr\/index.php\/wp-json\/wp\/v2\/product"}],"about":[{"href":"https:\/\/roveyayinevi.com.tr\/index.php\/wp-json\/wp\/v2\/types\/product"}],"wp:attachment":[{"href":"https:\/\/roveyayinevi.com.tr\/index.php\/wp-json\/wp\/v2\/media?parent=736336"}],"wp:term":[{"taxonomy":"product_brand","embeddable":true,"href":"https:\/\/roveyayinevi.com.tr\/index.php\/wp-json\/wp\/v2\/product_brand?post=736336"},{"taxonomy":"product_cat","embeddable":true,"href":"https:\/\/roveyayinevi.com.tr\/index.php\/wp-json\/wp\/v2\/product_cat?post=736336"},{"taxonomy":"product_tag","embeddable":true,"href":"https:\/\/roveyayinevi.com.tr\/index.php\/wp-json\/wp\/v2\/product_tag?post=736336"}],"curies":[{"name":"wp","href":"https:\/\/api.w.org\/{rel}","templated":true}]}}