{"id":736334,"date":"2025-08-27T23:05:43","date_gmt":"2025-08-27T20:05:43","guid":{"rendered":"https:\/\/roveyayinevi.com.tr\/index.php\/urun\/leyail\/"},"modified":"2026-04-16T02:44:58","modified_gmt":"2026-04-15T23:44:58","slug":"leyail","status":"publish","type":"product","link":"https:\/\/roveyayinevi.com.tr\/index.php\/urun\/leyail\/","title":{"rendered":"Leyail"},"content":{"rendered":"<p>LEYA\u0130L Toprak anan\u0131n ba\u011fr\u0131nda saklad\u0131\u011f\u0131 hazineler, m\u00fccevherler insanl\u0131\u011f\u0131n her zaman ilgisini \u00e7ekmi\u015ftir. Hazinelerin pe\u015fine onu insanl\u0131\u011f\u0131n ortak miras\u0131na katmak isteyen arkeologlar\u0131n, sanat tarih\u00e7ilerinin; bazen de k\u0131sa yoldan servet sahibi olmak isteyen k\u00f6t\u00fc niyetli hazine avc\u0131lar\u0131n\u0131n d\u00fc\u015ft\u00fc\u011f\u00fc olur.   Kitapta i\u015fgal y\u0131llar\u0131nda ba\u015flayan ve hi\u00e7 bitmeyen bir Yunan y\u00fczba\u015f\u0131s\u0131 ile T\u00fcrk k\u0131z\u0131n\u0131n a\u015fk\u0131n\u0131; 9 Eyl\u00fcl 1922 g\u00fcn\u00fc ya\u015fananlar\u0131 ve \u0130zmir\u2019in kurtulu\u015f hik\u00e2yesini; kitab\u0131n yan\u0131na pek de yak\u0131\u015fan T\u00fcrk kahvesinin tarih\u00e7esini okuyacak ve ger\u00e7ek hazinenin ne oldu\u011funu \u00f6\u011freneceksiniz. <\/p>\n","protected":false},"excerpt":{"rendered":"<p>LEYA\u0130L Toprak anan\u0131n ba\u011fr\u0131nda saklad\u0131\u011f\u0131 hazineler, m\u00fccevherler insanl\u0131\u011f\u0131n her zaman ilgisini \u00e7ekmi\u015ftir. Hazinelerin pe\u015fine onu insanl\u0131\u011f\u0131n ortak miras\u0131na katmak isteyen arkeologlar\u0131n, sanat tarih\u00e7ilerinin; bazen de k\u0131sa<span class=\"excerpt-hellip\"> [\u2026]<\/span><\/p>\n","protected":false},"featured_media":0,"template":"","meta":{"_monsterinsights_skip_tracking":false,"_monsterinsights_sitenote_active":false,"_monsterinsights_sitenote_note":"","_monsterinsights_sitenote_category":0},"product_brand":[],"product_cat":[12291,12711],"product_tag":[],"class_list":{"0":"post-736334","1":"product","2":"type-product","3":"status-publish","5":"product_cat-edebiyat","6":"product_cat-roman-oyku","7":"pa_cilt-ciltsiz","8":"pa_tur-kitap","9":"pa_yayinevi-myrina-yayinlari","10":"pa_yazar-celalettin-tutkun","12":"first","13":"instock","14":"sale","15":"shipping-taxable","16":"purchasable","17":"product-type-simple"},"_links":{"self":[{"href":"https:\/\/roveyayinevi.com.tr\/index.php\/wp-json\/wp\/v2\/product\/736334","targetHints":{"allow":["GET"]}}],"collection":[{"href":"https:\/\/roveyayinevi.com.tr\/index.php\/wp-json\/wp\/v2\/product"}],"about":[{"href":"https:\/\/roveyayinevi.com.tr\/index.php\/wp-json\/wp\/v2\/types\/product"}],"wp:attachment":[{"href":"https:\/\/roveyayinevi.com.tr\/index.php\/wp-json\/wp\/v2\/media?parent=736334"}],"wp:term":[{"taxonomy":"product_brand","embeddable":true,"href":"https:\/\/roveyayinevi.com.tr\/index.php\/wp-json\/wp\/v2\/product_brand?post=736334"},{"taxonomy":"product_cat","embeddable":true,"href":"https:\/\/roveyayinevi.com.tr\/index.php\/wp-json\/wp\/v2\/product_cat?post=736334"},{"taxonomy":"product_tag","embeddable":true,"href":"https:\/\/roveyayinevi.com.tr\/index.php\/wp-json\/wp\/v2\/product_tag?post=736334"}],"curies":[{"name":"wp","href":"https:\/\/api.w.org\/{rel}","templated":true}]}}