{"id":736333,"date":"2025-08-27T23:05:42","date_gmt":"2025-08-27T20:05:42","guid":{"rendered":"https:\/\/roveyayinevi.com.tr\/index.php\/urun\/masum-suret\/"},"modified":"2026-04-16T02:44:58","modified_gmt":"2026-04-15T23:44:58","slug":"masum-suret","status":"publish","type":"product","link":"https:\/\/roveyayinevi.com.tr\/index.php\/urun\/masum-suret\/","title":{"rendered":"Masum &#8211; Suret"},"content":{"rendered":"<p>Ac\u0131 dolu hat\u0131ralar\u0131ndan ka\u00e7\u0131p k\u00fc\u00e7\u00fck bir kasabada kendini iyili\u011fe adayan bir Sanat Tarih\u00e7isi\u2026 Kadim ta\u015flar aras\u0131nda, topra\u011f\u0131n \u00fcst\u00fcn\u00fc \u00f6rtt\u00fc\u011f\u00fc bir efsane\u2026 Romal\u0131 Maxima\u2019n\u0131n, on be\u015f as\u0131r sonra g\u00fcn y\u00fcz\u00fcne \u00e7\u0131kan, dramatik hik\u00e2yesi\u2026 Hazineleriyle \u00fcnlenen Karun\u2019un, doymak bilmez nefsiyle imtihan\u0131\u2026 Masum \u201cSuret\u201di okurken, iyilikle k\u00f6t\u00fcl\u00fc\u011f\u00fcn, as\u0131rlard\u0131r s\u00fcren ezeli m\u00fccadelesine tan\u0131k olacaks\u0131n\u0131z. Ve ba\u015fka hi\u00e7bir \u015feyin, bir \u00e7ocu\u011fun masumiyeti kadar sars\u0131c\u0131 olmad\u0131\u011f\u0131n\u0131 g\u00f6receksiniz.   \u201c\u2026Tepeye tekrar geldiklerinde, ak\u015fam karanl\u0131\u011f\u0131 \u00e7\u00f6km\u00fc\u015ft\u00fc. Ay yava\u015f yava\u015f yalanc\u0131 kona\u011f\u0131n \u00fcst\u00fcnde belirmeye ba\u015flam\u0131\u015ft\u0131. Dumanl\u0131, grimsi bulutlar\u0131n ku\u015fatmas\u0131 alt\u0131nda, ye\u015fili g\u00f6r\u00fcnmeyen otlaklar\u0131n \u00fcst\u00fcnde, sabaha dek s\u00fcrecek saltanat\u0131n\u0131 ya\u015f\u0131yordu. Uzaklardan duyulan bayku\u015f sesleri ise onun bu saltanat\u0131n\u0131n muhaf\u0131zlar\u0131 gibiydi. R\u00fczg\u00e2r, uzun \u00e7al\u0131lar\u0131n \u00fcst\u00fcnden \u0131sl\u0131k \u00e7alarak ge\u00e7erken, iki gen\u00e7, yamac\u0131 \u00e7\u0131k\u0131p evin \u00f6n\u00fcne vard\u0131\u2026\u201d <\/p>\n","protected":false},"excerpt":{"rendered":"<p>Ac\u0131 dolu hat\u0131ralar\u0131ndan ka\u00e7\u0131p k\u00fc\u00e7\u00fck bir kasabada kendini iyili\u011fe adayan bir Sanat Tarih\u00e7isi\u2026 Kadim ta\u015flar aras\u0131nda, topra\u011f\u0131n \u00fcst\u00fcn\u00fc \u00f6rtt\u00fc\u011f\u00fc bir efsane\u2026 Romal\u0131 Maxima\u2019n\u0131n, on be\u015f as\u0131r<span class=\"excerpt-hellip\"> [\u2026]<\/span><\/p>\n","protected":false},"featured_media":0,"template":"","meta":{"_monsterinsights_skip_tracking":false,"_monsterinsights_sitenote_active":false,"_monsterinsights_sitenote_note":"","_monsterinsights_sitenote_category":0},"product_brand":[],"product_cat":[12291,12711],"product_tag":[],"class_list":{"0":"post-736333","1":"product","2":"type-product","3":"status-publish","5":"product_cat-edebiyat","6":"product_cat-roman-oyku","7":"pa_cilt-ciltsiz","8":"pa_tur-kitap","9":"pa_yayinevi-myrina-yayinlari","10":"pa_yazar-zuleyha-sener","12":"first","13":"instock","14":"sale","15":"shipping-taxable","16":"purchasable","17":"product-type-simple"},"_links":{"self":[{"href":"https:\/\/roveyayinevi.com.tr\/index.php\/wp-json\/wp\/v2\/product\/736333","targetHints":{"allow":["GET"]}}],"collection":[{"href":"https:\/\/roveyayinevi.com.tr\/index.php\/wp-json\/wp\/v2\/product"}],"about":[{"href":"https:\/\/roveyayinevi.com.tr\/index.php\/wp-json\/wp\/v2\/types\/product"}],"wp:attachment":[{"href":"https:\/\/roveyayinevi.com.tr\/index.php\/wp-json\/wp\/v2\/media?parent=736333"}],"wp:term":[{"taxonomy":"product_brand","embeddable":true,"href":"https:\/\/roveyayinevi.com.tr\/index.php\/wp-json\/wp\/v2\/product_brand?post=736333"},{"taxonomy":"product_cat","embeddable":true,"href":"https:\/\/roveyayinevi.com.tr\/index.php\/wp-json\/wp\/v2\/product_cat?post=736333"},{"taxonomy":"product_tag","embeddable":true,"href":"https:\/\/roveyayinevi.com.tr\/index.php\/wp-json\/wp\/v2\/product_tag?post=736333"}],"curies":[{"name":"wp","href":"https:\/\/api.w.org\/{rel}","templated":true}]}}