{"id":736332,"date":"2025-08-27T23:05:40","date_gmt":"2025-08-27T20:05:40","guid":{"rendered":"https:\/\/roveyayinevi.com.tr\/index.php\/urun\/fayyum-suret\/"},"modified":"2026-04-16T02:44:58","modified_gmt":"2026-04-15T23:44:58","slug":"fayyum-suret","status":"publish","type":"product","link":"https:\/\/roveyayinevi.com.tr\/index.php\/urun\/fayyum-suret\/","title":{"rendered":"Fayyum &#8211; Suret"},"content":{"rendered":"<p>\u201cPortrelerde bizzat g\u00f6zler \u00e7ekiyordu ilgiyi. Yaln\u0131zl\u0131k, mutsuzluk biraz da korku bar\u0131nd\u0131r\u0131yordu g\u00f6zler. Ve ac\u0131\u2026 Evet ac\u0131, ma\u011frur bir ac\u0131\u2026 Kabullenilmi\u015f, \u00f6z\u00fcmsenmi\u015f bir ac\u0131&#8230;  Kim tarif edebilir ki ac\u0131y\u0131? Peki ya korkuyu sahibinden ba\u015fka\u2026\u201d            M\u0131s\u0131r\u2019daki Fayyum kentinden \u0130stanbul\u2019a uzanan, ka\u00e7ak\u00e7\u0131l\u0131k, a\u015fk ve cinayet \u00fc\u00e7geninde ge\u00e7en macera dolu, ayn\u0131 zamanda buram buram tarih, arkeoloji ve sanat kokan dolu dolu bir kitap.  <\/p>\n","protected":false},"excerpt":{"rendered":"<p>\u201cPortrelerde bizzat g\u00f6zler \u00e7ekiyordu ilgiyi. Yaln\u0131zl\u0131k, mutsuzluk biraz da korku bar\u0131nd\u0131r\u0131yordu g\u00f6zler. Ve ac\u0131\u2026 Evet ac\u0131, ma\u011frur bir ac\u0131\u2026 Kabullenilmi\u015f, \u00f6z\u00fcmsenmi\u015f bir ac\u0131&#8230; Kim tarif edebilir<span class=\"excerpt-hellip\"> [\u2026]<\/span><\/p>\n","protected":false},"featured_media":0,"template":"","meta":{"_monsterinsights_skip_tracking":false,"_monsterinsights_sitenote_active":false,"_monsterinsights_sitenote_note":"","_monsterinsights_sitenote_category":0},"product_brand":[],"product_cat":[12291,12711],"product_tag":[],"class_list":{"0":"post-736332","1":"product","2":"type-product","3":"status-publish","5":"product_cat-edebiyat","6":"product_cat-roman-oyku","7":"pa_cilt-ciltsiz","8":"pa_tur-kitap","9":"pa_yayinevi-myrina-yayinlari","10":"pa_yazar-zuleyha-sener","12":"first","13":"instock","14":"sale","15":"shipping-taxable","16":"purchasable","17":"product-type-simple"},"_links":{"self":[{"href":"https:\/\/roveyayinevi.com.tr\/index.php\/wp-json\/wp\/v2\/product\/736332","targetHints":{"allow":["GET"]}}],"collection":[{"href":"https:\/\/roveyayinevi.com.tr\/index.php\/wp-json\/wp\/v2\/product"}],"about":[{"href":"https:\/\/roveyayinevi.com.tr\/index.php\/wp-json\/wp\/v2\/types\/product"}],"wp:attachment":[{"href":"https:\/\/roveyayinevi.com.tr\/index.php\/wp-json\/wp\/v2\/media?parent=736332"}],"wp:term":[{"taxonomy":"product_brand","embeddable":true,"href":"https:\/\/roveyayinevi.com.tr\/index.php\/wp-json\/wp\/v2\/product_brand?post=736332"},{"taxonomy":"product_cat","embeddable":true,"href":"https:\/\/roveyayinevi.com.tr\/index.php\/wp-json\/wp\/v2\/product_cat?post=736332"},{"taxonomy":"product_tag","embeddable":true,"href":"https:\/\/roveyayinevi.com.tr\/index.php\/wp-json\/wp\/v2\/product_tag?post=736332"}],"curies":[{"name":"wp","href":"https:\/\/api.w.org\/{rel}","templated":true}]}}