{"id":736331,"date":"2025-08-27T23:05:39","date_gmt":"2025-08-27T20:05:39","guid":{"rendered":"https:\/\/roveyayinevi.com.tr\/index.php\/urun\/orhan-taylan-ile-resim-sanati-ve-hayat-uzerine\/"},"modified":"2026-04-16T02:44:58","modified_gmt":"2026-04-15T23:44:58","slug":"orhan-taylan-ile-resim-sanati-ve-hayat-uzerine","status":"publish","type":"product","link":"https:\/\/roveyayinevi.com.tr\/index.php\/urun\/orhan-taylan-ile-resim-sanati-ve-hayat-uzerine\/","title":{"rendered":"Orhan Taylan ile Resim Sanat\u0131 ve Hayat \u00dczerine"},"content":{"rendered":"<p>Ressam, d\u00fc\u015f\u00fcn\u00fcr, devrimci, ara\u015ft\u0131rmac\u0131, al\u00e7akg\u00f6n\u00fcll\u00fc, bilge ve entelekt\u00fcel bir sanat\u00e7\u0131 Orhan Taylan ile hayat\u0131ndaki d\u00f6n\u00fcm noktalar\u0131 ele al\u0131narak yap\u0131lm\u0131\u015f bir s\u00f6yle\u015fi. Roma Akademisinden Mamak ve Sa\u011fmalc\u0131lar\u2019a, 60\u2019l\u0131 y\u0131llardan 80 darbesi ve sonras\u0131na uzanan macera gibi bir ya\u015fam \u00f6yk\u00fcs\u00fcn\u00fcn i\u00e7inden se\u00e7ilen baz\u0131 unutulmaz an\u0131lar ile onlar\u0131n \u00e7a\u011fr\u0131\u015ft\u0131rd\u0131\u011f\u0131 duygular ve ger\u00e7ekler.   Bu kitapta  \u2018\u00fcstad\u0131m bu resim ne anlat\u0131yor\u2019dan \u2018\u015fi\u015firme resme\u2019, \u2018k\u00fcrat\u00f6rler\u2019den \u2018devlet sanat\u00e7\u0131lar\u0131\u2019na, \u2018gladyat\u00f6rl\u00fc kurtulu\u015f sava\u015f\u0131 heykelleri\u2019ne uzanan s\u00f6yle\u015filer var. G\u00f6rsel sanatlara ilgi duyanlar\u0131 durup tekrar d\u00fc\u015f\u00fcnmeye \u00e7a\u011f\u0131ran ufuk a\u00e7\u0131c\u0131 \u00e7ok de\u011ferli tespitler var. Uzun y\u0131llar s\u00fcren \u00e7al\u0131\u015fmalar ve ara\u015ft\u0131rmalar sonucunda ortaya \u00e7\u0131kan \u00e7ok ciddi bulgular var.  Bu kitap sanata, sanat\u00e7\u0131ya, sanat eseri olan ve olmayan \u00fcr\u00fcnlere farkl\u0131 bir perspektiften bakmay\u0131 denemek isteyenler i\u00e7in \u00f6nemli bir kaynak. <\/p>\n","protected":false},"excerpt":{"rendered":"<p>Ressam, d\u00fc\u015f\u00fcn\u00fcr, devrimci, ara\u015ft\u0131rmac\u0131, al\u00e7akg\u00f6n\u00fcll\u00fc, bilge ve entelekt\u00fcel bir sanat\u00e7\u0131 Orhan Taylan ile hayat\u0131ndaki d\u00f6n\u00fcm noktalar\u0131 ele al\u0131narak yap\u0131lm\u0131\u015f bir s\u00f6yle\u015fi. Roma Akademisinden Mamak ve Sa\u011fmalc\u0131lar\u2019a,<span class=\"excerpt-hellip\"> [\u2026]<\/span><\/p>\n","protected":false},"featured_media":0,"template":"","meta":{"_monsterinsights_skip_tracking":false,"_monsterinsights_sitenote_active":false,"_monsterinsights_sitenote_note":"","_monsterinsights_sitenote_category":0},"product_brand":[],"product_cat":[12291,30969],"product_tag":[],"class_list":{"0":"post-736331","1":"product","2":"type-product","3":"status-publish","5":"product_cat-edebiyat","6":"product_cat-soylesi-edebiyat","7":"pa_cilt-ciltsiz","8":"pa_tur-kitap","9":"pa_yayinevi-myrina-yayinlari","10":"pa_yazar-necil-beykont","12":"first","13":"instock","14":"sale","15":"shipping-taxable","16":"purchasable","17":"product-type-simple"},"_links":{"self":[{"href":"https:\/\/roveyayinevi.com.tr\/index.php\/wp-json\/wp\/v2\/product\/736331","targetHints":{"allow":["GET"]}}],"collection":[{"href":"https:\/\/roveyayinevi.com.tr\/index.php\/wp-json\/wp\/v2\/product"}],"about":[{"href":"https:\/\/roveyayinevi.com.tr\/index.php\/wp-json\/wp\/v2\/types\/product"}],"wp:attachment":[{"href":"https:\/\/roveyayinevi.com.tr\/index.php\/wp-json\/wp\/v2\/media?parent=736331"}],"wp:term":[{"taxonomy":"product_brand","embeddable":true,"href":"https:\/\/roveyayinevi.com.tr\/index.php\/wp-json\/wp\/v2\/product_brand?post=736331"},{"taxonomy":"product_cat","embeddable":true,"href":"https:\/\/roveyayinevi.com.tr\/index.php\/wp-json\/wp\/v2\/product_cat?post=736331"},{"taxonomy":"product_tag","embeddable":true,"href":"https:\/\/roveyayinevi.com.tr\/index.php\/wp-json\/wp\/v2\/product_tag?post=736331"}],"curies":[{"name":"wp","href":"https:\/\/api.w.org\/{rel}","templated":true}]}}