{"id":736330,"date":"2025-08-27T23:05:38","date_gmt":"2025-08-27T20:05:38","guid":{"rendered":"https:\/\/roveyayinevi.com.tr\/index.php\/urun\/antik-yunan-seramigi\/"},"modified":"2026-04-16T02:44:58","modified_gmt":"2026-04-15T23:44:58","slug":"antik-yunan-seramigi","status":"publish","type":"product","link":"https:\/\/roveyayinevi.com.tr\/index.php\/urun\/antik-yunan-seramigi\/","title":{"rendered":"Antik Yunan Serami\u011fi"},"content":{"rendered":"<p>Antik Yunan serami\u011fi, bu seramikler \u00fczerindeki resimler ve mitolojik \u00f6yk\u00fcler sadece Arkeoloji d\u00fcnyas\u0131ndaki insanlar\u0131n de\u011fil, farkl\u0131 alanlardan bir\u00e7ok insan\u0131n ilgi duydu\u011fu bir konudur. Konunun uzmanlar\u0131ndan olan Do\u00e7. Dr. Cenker Atila\u2019n\u0131n haz\u0131rlad\u0131\u011f\u0131 bu kitap, Yunanl\u0131lar\u0131n ilk tarih sahnesine \u00e7\u0131kt\u0131klar\u0131 ve ilk seramik eserleri \u00fcrettikleri d\u00f6nemden ba\u015flay\u0131p, Antik \u00c7a\u011f seramik sanat\u0131n\u0131n nas\u0131l geli\u015fti\u011fini anlat\u0131yor. C. Atila, seramik sanat\u0131n\u0131n geli\u015fimini anlat\u0131rken, yeri geldik\u00e7e toplumsal gelenekleri, mitolojik \u00f6yk\u00fcleri ve sanat\u0131n geli\u015fimine nelerin nas\u0131l etki etti\u011fini de a\u00e7\u0131kl\u0131yor. Tamam\u0131 renkli olmak \u00fczere, 196 resimle desteklenen \u00e7al\u0131\u015fmada, zengin bir kaynak\u00e7a ve seramik sanat\u0131 i\u00e7in gerekli olan k\u0131sa bir s\u00f6zl\u00fck de bulunuyor. Arkeoloji, seramik, resim, tarih, mitoloji gibi alanlara ilgi duyanlar\u0131n zevkle okuyaca\u011f\u0131, ba\u015fvuru ve ba\u015fucu niteli\u011finde bir \u00e7al\u0131\u015fmad\u0131r.     <\/p>\n","protected":false},"excerpt":{"rendered":"<p>Antik Yunan serami\u011fi, bu seramikler \u00fczerindeki resimler ve mitolojik \u00f6yk\u00fcler sadece Arkeoloji d\u00fcnyas\u0131ndaki insanlar\u0131n de\u011fil, farkl\u0131 alanlardan bir\u00e7ok insan\u0131n ilgi duydu\u011fu bir konudur. Konunun uzmanlar\u0131ndan olan<span class=\"excerpt-hellip\"> [\u2026]<\/span><\/p>\n","protected":false},"featured_media":0,"template":"","meta":{"_monsterinsights_skip_tracking":false,"_monsterinsights_sitenote_active":false,"_monsterinsights_sitenote_note":"","_monsterinsights_sitenote_category":0},"product_brand":[],"product_cat":[52477,52478],"product_tag":[],"class_list":{"0":"post-736330","1":"product","2":"type-product","3":"status-publish","5":"product_cat-arastirma","6":"product_cat-arkeoloji","7":"pa_cilt-ciltsiz","8":"pa_tur-kitap","9":"pa_yayinevi-myrina-yayinlari","10":"pa_yazar-cenker-atila","12":"first","13":"instock","14":"sale","15":"shipping-taxable","16":"purchasable","17":"product-type-simple"},"_links":{"self":[{"href":"https:\/\/roveyayinevi.com.tr\/index.php\/wp-json\/wp\/v2\/product\/736330","targetHints":{"allow":["GET"]}}],"collection":[{"href":"https:\/\/roveyayinevi.com.tr\/index.php\/wp-json\/wp\/v2\/product"}],"about":[{"href":"https:\/\/roveyayinevi.com.tr\/index.php\/wp-json\/wp\/v2\/types\/product"}],"wp:attachment":[{"href":"https:\/\/roveyayinevi.com.tr\/index.php\/wp-json\/wp\/v2\/media?parent=736330"}],"wp:term":[{"taxonomy":"product_brand","embeddable":true,"href":"https:\/\/roveyayinevi.com.tr\/index.php\/wp-json\/wp\/v2\/product_brand?post=736330"},{"taxonomy":"product_cat","embeddable":true,"href":"https:\/\/roveyayinevi.com.tr\/index.php\/wp-json\/wp\/v2\/product_cat?post=736330"},{"taxonomy":"product_tag","embeddable":true,"href":"https:\/\/roveyayinevi.com.tr\/index.php\/wp-json\/wp\/v2\/product_tag?post=736330"}],"curies":[{"name":"wp","href":"https:\/\/api.w.org\/{rel}","templated":true}]}}