{"id":736329,"date":"2025-08-27T23:05:38","date_gmt":"2025-08-27T20:05:38","guid":{"rendered":"https:\/\/roveyayinevi.com.tr\/index.php\/urun\/yaraticilik-ve-akil-hastaligi\/"},"modified":"2026-04-16T02:44:58","modified_gmt":"2026-04-15T23:44:58","slug":"yaraticilik-ve-akil-hastaligi","status":"publish","type":"product","link":"https:\/\/roveyayinevi.com.tr\/index.php\/urun\/yaraticilik-ve-akil-hastaligi\/","title":{"rendered":"Yarat\u0131c\u0131l\u0131k Ve Ak\u0131l Hastal\u0131\u011f\u0131"},"content":{"rendered":"<p>Felsefede, siyasette, \u015fiirde veya sanatta \u00fcst\u00fcn olan ki\u015filerin a\u00e7\u0131k\u00e7a melankolik olmas\u0131 ve baz\u0131lar\u0131n\u0131n kara safradan kaynaklanan hastal\u0131klardan a\u015f\u0131r\u0131 derecede mustarip olmas\u0131 acaba nedendir? Aristoteles, Problemata XXX (1984)   Delilik ile deha aras\u0131nda ger\u00e7ekten ince bir \u00e7izgi var m\u0131d\u0131r? \u00c7o\u011fumuz buna inanmaya meyilli olsak da tarih bilimi bu g\u00f6r\u00fc\u015f\u00fcn \u00e7\u00fcr\u00fct\u00fcld\u00fc\u011f\u00fc fikirlerle dolu. Son zamanlarda yarat\u0131c\u0131l\u0131k ve yarat\u0131c\u0131l\u0131kla ak\u0131l hastal\u0131\u011f\u0131 aras\u0131ndaki ili\u015fkiyi inceleyen \u00e7al\u0131\u015fmalarda art\u0131\u015f s\u00f6z konusu. Bu kitap, bu eski fikir hakk\u0131ndaki mevcut bilgilere kapsaml\u0131 bir inceleme sa\u011flamakta ve yeni deneysel bulgular\u0131 sunmaktad\u0131r. \u015eimdi, Aristoteles\u2019in melankoli ile b\u00fcy\u00fck ba\u015far\u0131lar aras\u0131nda var oldu\u011funu iddia etti\u011fi korelasyonun do\u011fru oldu\u011fu sonucuna kesin olarak varabilir miyiz? Burada sunulan ve bir milyonu a\u015fk\u0131n insan\u0131 i\u00e7eren yeni ara\u015ft\u0131rma bu tart\u0131\u015fmaya bir son vermeyi ve ayn\u0131 zamanda bulgular\u0131n\u0131n sonu\u00e7lar\u0131 hakk\u0131nda yeni tart\u0131\u015fmalara kap\u0131 a\u00e7may\u0131 ummaktad\u0131r. <\/p>\n","protected":false},"excerpt":{"rendered":"<p>Felsefede, siyasette, \u015fiirde veya sanatta \u00fcst\u00fcn olan ki\u015filerin a\u00e7\u0131k\u00e7a melankolik olmas\u0131 ve baz\u0131lar\u0131n\u0131n kara safradan kaynaklanan hastal\u0131klardan a\u015f\u0131r\u0131 derecede mustarip olmas\u0131 acaba nedendir? Aristoteles, Problemata XXX<span class=\"excerpt-hellip\"> [\u2026]<\/span><\/p>\n","protected":false},"featured_media":0,"template":"","meta":{"_monsterinsights_skip_tracking":false,"_monsterinsights_sitenote_active":false,"_monsterinsights_sitenote_note":"","_monsterinsights_sitenote_category":0},"product_brand":[],"product_cat":[13005,37328],"product_tag":[],"class_list":{"0":"post-736329","1":"product","2":"type-product","3":"status-publish","5":"product_cat-bilim-muhendislik","6":"product_cat-diger-bilim-muhendislik","7":"pa_cilt-ciltsiz","8":"pa_tur-kitap","9":"pa_yayinevi-ayrinti-yayinlari","10":"pa_yazar-simon-kyaga","12":"first","13":"instock","14":"sale","15":"shipping-taxable","16":"purchasable","17":"product-type-simple"},"_links":{"self":[{"href":"https:\/\/roveyayinevi.com.tr\/index.php\/wp-json\/wp\/v2\/product\/736329","targetHints":{"allow":["GET"]}}],"collection":[{"href":"https:\/\/roveyayinevi.com.tr\/index.php\/wp-json\/wp\/v2\/product"}],"about":[{"href":"https:\/\/roveyayinevi.com.tr\/index.php\/wp-json\/wp\/v2\/types\/product"}],"wp:attachment":[{"href":"https:\/\/roveyayinevi.com.tr\/index.php\/wp-json\/wp\/v2\/media?parent=736329"}],"wp:term":[{"taxonomy":"product_brand","embeddable":true,"href":"https:\/\/roveyayinevi.com.tr\/index.php\/wp-json\/wp\/v2\/product_brand?post=736329"},{"taxonomy":"product_cat","embeddable":true,"href":"https:\/\/roveyayinevi.com.tr\/index.php\/wp-json\/wp\/v2\/product_cat?post=736329"},{"taxonomy":"product_tag","embeddable":true,"href":"https:\/\/roveyayinevi.com.tr\/index.php\/wp-json\/wp\/v2\/product_tag?post=736329"}],"curies":[{"name":"wp","href":"https:\/\/api.w.org\/{rel}","templated":true}]}}