{"id":736328,"date":"2025-08-27T23:05:36","date_gmt":"2025-08-27T20:05:36","guid":{"rendered":"https:\/\/roveyayinevi.com.tr\/index.php\/urun\/serdestan\/"},"modified":"2026-04-16T02:44:58","modified_gmt":"2026-04-15T23:44:58","slug":"serdestan","status":"publish","type":"product","link":"https:\/\/roveyayinevi.com.tr\/index.php\/urun\/serdestan\/","title":{"rendered":"Serdestan"},"content":{"rendered":"<p>Dersim Hozat do\u011fumlu. 1997 y\u0131l\u0131nda siyas\u00ee nedenlerle tutukland\u0131, m\u00fcebbet hapse mahkum edildi. Cezaevinde T\u00fcrk\u00e7e ve ana dili K\u00fcrt\u00e7e (K\u0131rmanck\u00ee) \u015fiirler yazan \u00c7elik\u2019in resim \u00e7al\u0131\u015fmalar\u0131 yurt i\u00e7i ve yurt d\u0131\u015f\u0131ndaki sergilerde yer ald\u0131. Dergi ve gazetelerde \u015fiir, d\u00fczyaz\u0131 ve makaleleri yay\u0131mlanan \u00c7elik, 2010\u20132015 y\u0131llar\u0131 aras\u0131nda yap\u0131tlar\u0131n\u0131n de\u011ferlendirildi\u011fi H\u00fcseyin \u00c7elebi Edebiyat Etkinlikleri\u2019nde, \u0130nsan Haklar\u0131 Derne\u011fi Bing\u00f6l \u015eubesi\u2019nin 2010 Resim, \u015eiir ve \u00d6yk\u00fc Yar\u0131\u015fmas\u0131\u2019nda ve 2012 Y\u0131lmaz G\u00fcney K\u00fclt\u00fcr ve Sanat Festivali\u2019nde T\u00fcrk\u00e7e ve K\u00fcrt\u00e7e \u015fiir dallar\u0131nda derece ve \u00f6d\u00fcllere de\u011fer g\u00f6r\u00fcld\u00fc. \u015eeceresinde k\u0131rk da\u011f doru\u011funun yaz\u0131l\u0131 oldu\u011fu, \u0131ss\u0131z koyaklar\u0131nda k\u0131rk dengbejin uyudu\u011fu \u00e7a\u011fda\u015f bir masal Serdestan. Kor zaman\u0131n han\u00e7er k\u0131n\u0131na s\u00fcr\u00fclm\u00fc\u015f k\u00fclrengi bir \u00fclkenin, yitirilmi\u015f o\u011fullar\u0131n uzak kokusunda par\u00e7alanan \u00f6m\u00fcrlerin k\u00f6z i\u00e7inde \u0131\u015f\u0131ldayan haf\u0131zas\u0131. Ate\u015fin \u00f6z\u00fcn\u00fcn orada, haf\u0131zaya sar\u0131l\u0131 durdu\u011funu bilmek iyi gelir c\u00fcrm\u00fc hayata tutunmak olanlara. \u201cM\u00fcebbete yazg\u0131l\u0131\u201d  bir hayat i\u00e7inden, ebed\u00ee safl\u0131\u011f\u0131 ku\u015fanm\u0131\u015f co\u015fkulu bir hevesle sesleniyor Cengiz Sinan \u00c7elik\u2019in \u015fiiri: \u201cG\u00fcnayd\u0131n ah uzak, \u0131\u015f\u0131kl\u0131 d\u00fcnya! Merhaba! Roj ba\u015f!\u201d.<\/p>\n","protected":false},"excerpt":{"rendered":"<p>Dersim Hozat do\u011fumlu. 1997 y\u0131l\u0131nda siyas\u00ee nedenlerle tutukland\u0131, m\u00fcebbet hapse mahkum edildi. Cezaevinde T\u00fcrk\u00e7e ve ana dili K\u00fcrt\u00e7e (K\u0131rmanck\u00ee) \u015fiirler yazan \u00c7elik\u2019in resim \u00e7al\u0131\u015fmalar\u0131 yurt i\u00e7i<span class=\"excerpt-hellip\"> [\u2026]<\/span><\/p>\n","protected":false},"featured_media":0,"template":"","meta":{"_monsterinsights_skip_tracking":false,"_monsterinsights_sitenote_active":false,"_monsterinsights_sitenote_note":"","_monsterinsights_sitenote_category":0},"product_brand":[],"product_cat":[12291,12509],"product_tag":[],"class_list":{"0":"post-736328","1":"product","2":"type-product","3":"status-publish","5":"product_cat-edebiyat","6":"product_cat-siir","7":"pa_cilt-ciltsiz","8":"pa_tur-kitap","9":"pa_yayinevi-ayrinti-yayinlari","10":"pa_yazar-cengiz-sinan-celik","12":"first","13":"instock","14":"sale","15":"shipping-taxable","16":"purchasable","17":"product-type-simple"},"_links":{"self":[{"href":"https:\/\/roveyayinevi.com.tr\/index.php\/wp-json\/wp\/v2\/product\/736328","targetHints":{"allow":["GET"]}}],"collection":[{"href":"https:\/\/roveyayinevi.com.tr\/index.php\/wp-json\/wp\/v2\/product"}],"about":[{"href":"https:\/\/roveyayinevi.com.tr\/index.php\/wp-json\/wp\/v2\/types\/product"}],"wp:attachment":[{"href":"https:\/\/roveyayinevi.com.tr\/index.php\/wp-json\/wp\/v2\/media?parent=736328"}],"wp:term":[{"taxonomy":"product_brand","embeddable":true,"href":"https:\/\/roveyayinevi.com.tr\/index.php\/wp-json\/wp\/v2\/product_brand?post=736328"},{"taxonomy":"product_cat","embeddable":true,"href":"https:\/\/roveyayinevi.com.tr\/index.php\/wp-json\/wp\/v2\/product_cat?post=736328"},{"taxonomy":"product_tag","embeddable":true,"href":"https:\/\/roveyayinevi.com.tr\/index.php\/wp-json\/wp\/v2\/product_tag?post=736328"}],"curies":[{"name":"wp","href":"https:\/\/api.w.org\/{rel}","templated":true}]}}