{"id":736327,"date":"2025-08-27T23:05:36","date_gmt":"2025-08-27T20:05:36","guid":{"rendered":"https:\/\/roveyayinevi.com.tr\/index.php\/urun\/neden-vegan\/"},"modified":"2026-04-16T02:44:58","modified_gmt":"2026-04-15T23:44:58","slug":"neden-vegan","status":"publish","type":"product","link":"https:\/\/roveyayinevi.com.tr\/index.php\/urun\/neden-vegan\/","title":{"rendered":"Neden Vegan"},"content":{"rendered":"<p>Modern \u00e7a\u011f\u0131n en b\u00fcy\u00fck ahlak felsefecilerinden biri olan Peter Singer, hayat\u0131m\u0131z\u0131 nas\u0131l ya\u015famam\u0131z gerekti\u011fine dair cesur sorular soruyor. \u0130nsan\u0131n hayvanlar \u00fczerindeki zulm\u00fcn\u00fcn, \u0131rk\u00e7\u0131l\u0131k ve cinsiyet\u00e7ilik gibi yanl\u0131\u015f oldu\u011funu savunan Singer, hayvan haklar\u0131 hareketini tetiklemi\u015f ve vegan beslenmenin y\u00fckseli\u015fine ivme kazand\u0131rm\u0131\u015ft\u0131. Hayvan \u00f6zg\u00fcrl\u00fc\u011f\u00fc, insanl\u0131k ad\u0131na di\u011fer \u00f6zg\u00fcrl\u00fck hareketlerinden daha fazla fedak\u00e2rl\u0131k gerektirecektir, \u00e7\u00fcnk\u00fc hayvanlar bunu kendileri i\u00e7in talep edemez, oy, g\u00f6steri ya da bombalarla s\u00f6m\u00fcr\u00fclmeye kar\u015f\u0131 protesto d\u00fczenleyemezler. \u0130nsan b\u00f6yle i\u00e7ten bir fedak\u00e2rl\u0131\u011fa muktedir midir? Kim bilir? E\u011fer bu kitap \u00f6nemli bir etkide bulunabilirse, insan\u0131n i\u00e7inde ta\u015f\u0131d\u0131\u011f\u0131n\u0131 d\u00fc\u015f\u00fcnd\u00fc\u011f\u00fc insafs\u0131zl\u0131k ve bencillikten daha fazla bir potansiyele sahip oldu\u011funa inanan herkesin inanc\u0131n\u0131 aklayacakt\u0131r.<\/p>\n","protected":false},"excerpt":{"rendered":"<p>Modern \u00e7a\u011f\u0131n en b\u00fcy\u00fck ahlak felsefecilerinden biri olan Peter Singer, hayat\u0131m\u0131z\u0131 nas\u0131l ya\u015famam\u0131z gerekti\u011fine dair cesur sorular soruyor. \u0130nsan\u0131n hayvanlar \u00fczerindeki zulm\u00fcn\u00fcn, \u0131rk\u00e7\u0131l\u0131k ve cinsiyet\u00e7ilik gibi<span class=\"excerpt-hellip\"> [\u2026]<\/span><\/p>\n","protected":false},"featured_media":0,"template":"","meta":{"_monsterinsights_skip_tracking":false,"_monsterinsights_sitenote_active":false,"_monsterinsights_sitenote_note":"","_monsterinsights_sitenote_category":0},"product_brand":[],"product_cat":[15319,12388],"product_tag":[],"class_list":{"0":"post-736327","1":"product","2":"type-product","3":"status-publish","5":"product_cat-etik","6":"product_cat-felsefe","7":"pa_cilt-ciltsiz","8":"pa_tur-kitap","9":"pa_yayinevi-ayrinti-yayinlari","10":"pa_yazar-peter-singer","12":"first","13":"instock","14":"sale","15":"shipping-taxable","16":"purchasable","17":"product-type-simple"},"_links":{"self":[{"href":"https:\/\/roveyayinevi.com.tr\/index.php\/wp-json\/wp\/v2\/product\/736327","targetHints":{"allow":["GET"]}}],"collection":[{"href":"https:\/\/roveyayinevi.com.tr\/index.php\/wp-json\/wp\/v2\/product"}],"about":[{"href":"https:\/\/roveyayinevi.com.tr\/index.php\/wp-json\/wp\/v2\/types\/product"}],"wp:attachment":[{"href":"https:\/\/roveyayinevi.com.tr\/index.php\/wp-json\/wp\/v2\/media?parent=736327"}],"wp:term":[{"taxonomy":"product_brand","embeddable":true,"href":"https:\/\/roveyayinevi.com.tr\/index.php\/wp-json\/wp\/v2\/product_brand?post=736327"},{"taxonomy":"product_cat","embeddable":true,"href":"https:\/\/roveyayinevi.com.tr\/index.php\/wp-json\/wp\/v2\/product_cat?post=736327"},{"taxonomy":"product_tag","embeddable":true,"href":"https:\/\/roveyayinevi.com.tr\/index.php\/wp-json\/wp\/v2\/product_tag?post=736327"}],"curies":[{"name":"wp","href":"https:\/\/api.w.org\/{rel}","templated":true}]}}