{"id":736326,"date":"2025-08-27T23:05:34","date_gmt":"2025-08-27T20:05:34","guid":{"rendered":"https:\/\/roveyayinevi.com.tr\/index.php\/urun\/dar-kapi-2\/"},"modified":"2026-04-07T02:53:16","modified_gmt":"2026-04-06T23:53:16","slug":"dar-kapi-2","status":"publish","type":"product","link":"https:\/\/roveyayinevi.com.tr\/index.php\/urun\/dar-kapi-2\/","title":{"rendered":"Dar Kap\u0131"},"content":{"rendered":"<p>Nobel \u00f6d\u00fcll\u00fc Andr\u00e9 Gide&#8217;in ilk b\u00fcy\u00fck edebi ba\u015far\u0131s\u0131 olarak kabul edilen Dar Kap\u0131, otobiyografik paralelliklere ra\u011fmen yazar\u0131n edebi aray\u0131\u015flar\u0131n\u0131n \u00fcr\u00fcn\u00fcd\u00fcr: Din, ahlak, a\u015fk, fedak\u00e2rl\u0131k, erdem aras\u0131ndaki ge\u00e7i\u015fkenlikler \u00fczerinde y\u00fckselen eser nihayetinde, geleneksel trajedinin yepyeni bir zeminde in\u015fas\u0131na var\u0131r.Uhrevi yollar\u0131n, zoru se\u00e7menin erdemine vurgu yaparken girdi\u011fi dolamba\u00e7l\u0131 yolda hayat\u0131 ve dolay\u0131s\u0131yla d\u00fc\u015f\u00fcnceleri do\u011fall\u0131\u011f\u0131nda dind\u0131\u015f\u0131 bir alana do\u011fru serpilten, bu y\u00f6n\u00fcyle bir b\u00fcy\u00fcme \u00f6yk\u00fcs\u00fc olarak da de\u011ferlendirilebilecek Dar Kap\u0131, insan ruhunun derinliklerine uzanan bir yolculu\u011fun kap\u0131s\u0131d\u0131r.\u0130lahi l\u00fctuf ile mukadderat\u0131n kollar\u0131nda a\u00e7mazlara s\u00fcr\u00fcklenen duygulara ve kontrol\u00fc elden yiten ya\u015famlara ele\u015ftirel bir bak\u0131\u015f&#8230;<\/p>\n","protected":false},"excerpt":{"rendered":"<p>Nobel \u00f6d\u00fcll\u00fc Andr\u00e9 Gide&#8217;in ilk b\u00fcy\u00fck edebi ba\u015far\u0131s\u0131 olarak kabul edilen Dar Kap\u0131, otobiyografik paralelliklere ra\u011fmen yazar\u0131n edebi aray\u0131\u015flar\u0131n\u0131n \u00fcr\u00fcn\u00fcd\u00fcr: Din, ahlak, a\u015fk, fedak\u00e2rl\u0131k, erdem aras\u0131ndaki<span class=\"excerpt-hellip\"> [\u2026]<\/span><\/p>\n","protected":false},"featured_media":0,"template":"","meta":{"_monsterinsights_skip_tracking":false,"_monsterinsights_sitenote_active":false,"_monsterinsights_sitenote_note":"","_monsterinsights_sitenote_category":0},"product_brand":[],"product_cat":[12291,12711],"product_tag":[],"class_list":{"0":"post-736326","1":"product","2":"type-product","3":"status-publish","5":"product_cat-edebiyat","6":"product_cat-roman-oyku","7":"pa_cilt-ciltsiz","8":"pa_tur-kitap","9":"pa_yayinevi-sel-yayincilik","10":"pa_yazar-andre-gide","12":"first","13":"instock","14":"sale","15":"shipping-taxable","16":"purchasable","17":"product-type-simple"},"_links":{"self":[{"href":"https:\/\/roveyayinevi.com.tr\/index.php\/wp-json\/wp\/v2\/product\/736326","targetHints":{"allow":["GET"]}}],"collection":[{"href":"https:\/\/roveyayinevi.com.tr\/index.php\/wp-json\/wp\/v2\/product"}],"about":[{"href":"https:\/\/roveyayinevi.com.tr\/index.php\/wp-json\/wp\/v2\/types\/product"}],"wp:attachment":[{"href":"https:\/\/roveyayinevi.com.tr\/index.php\/wp-json\/wp\/v2\/media?parent=736326"}],"wp:term":[{"taxonomy":"product_brand","embeddable":true,"href":"https:\/\/roveyayinevi.com.tr\/index.php\/wp-json\/wp\/v2\/product_brand?post=736326"},{"taxonomy":"product_cat","embeddable":true,"href":"https:\/\/roveyayinevi.com.tr\/index.php\/wp-json\/wp\/v2\/product_cat?post=736326"},{"taxonomy":"product_tag","embeddable":true,"href":"https:\/\/roveyayinevi.com.tr\/index.php\/wp-json\/wp\/v2\/product_tag?post=736326"}],"curies":[{"name":"wp","href":"https:\/\/api.w.org\/{rel}","templated":true}]}}