{"id":736323,"date":"2025-08-27T23:05:31","date_gmt":"2025-08-27T20:05:31","guid":{"rendered":"https:\/\/roveyayinevi.com.tr\/index.php\/urun\/kiyamiyorum-derken\/"},"modified":"2026-04-16T02:44:58","modified_gmt":"2026-04-15T23:44:58","slug":"kiyamiyorum-derken","status":"publish","type":"product","link":"https:\/\/roveyayinevi.com.tr\/index.php\/urun\/kiyamiyorum-derken\/","title":{"rendered":"K\u0131yam\u0131yorum Derken"},"content":{"rendered":"<p>Evlad\u0131n\u0131z\u0131n iyili\u011fini istemeniz, ona iyilik edece\u011finizi de garanti eder mi? Bu kitap, hemen herkes gibi \u00e7ocu\u011funun iyili\u011fini isteyen, ama onlara pek de \u201ck\u0131yamayan\u201d anne babalar i\u00e7in yaz\u0131ld\u0131. A\u011flamas\u0131na dayanamad\u0131\u011f\u0131 i\u00e7in o\u011flunun istedi\u011fi her oyunca\u011f\u0131 alan baba ya da iyi bir gelece\u011fi olsun diye k\u0131z\u0131n\u0131n omuzlar\u0131na hen\u00fcz ta\u015f\u0131yamayaca\u011f\u0131 a\u011f\u0131rl\u0131klar y\u00fckleyen anne\u2026 Neredeyse hepimizin a\u015fina oldu\u011fu bu t\u00fcrden ebeveyn davran\u0131\u015flar\u0131, K\u0131yam\u0131yorum Derken\u2026 ile kapsaml\u0131 bi\u00e7imde, s\u00f6z\u00fcn\u00fc sak\u0131nmayan bir tav\u0131rla inceleniyor. Yadigar I\u015f\u0131ldar, aralar\u0131nda Yank\u0131 Yazgan, G\u00fclseren Buday\u0131c\u0131o\u011flu, Hakan Balta ve Acar Balta\u015f gibi isimlerin bulundu\u011fu uzmanlarla masaya oturarak, sorunu bilimin \u0131\u015f\u0131\u011f\u0131nda, ama bir o kadar da samimi bir \u00fcslupla ele al\u0131yor. K\u0131yam\u0131yorum Derken\u2026 \u00e7ocuk yeti\u015ftirenler ba\u015fta olmak \u00fczere konunun merakl\u0131lar\u0131n\u0131n kitapl\u0131\u011f\u0131nda mutlaka bulunmas\u0131 gereken, ebeveynlikte sizi yeni ufuklara davet eden bir y\u00fcreklendirme.    \u00c7ocu\u011fumuza sunaca\u011f\u0131m\u0131z en b\u00fcy\u00fck hediye onun model alaca\u011f\u0131 bir yeti\u015fkinlik ili\u015fkisi. Bu kitap da size bu konuda fark\u0131ndal\u0131k kazand\u0131racak. \u2013\u00d6zg\u00fcr Bolat, Beni \u00d6d\u00fclle Cezaland\u0131rma kitab\u0131n\u0131n yazar\u0131 Sevgili Yadigar I\u015f\u0131ldar bizlere \u00f6yle bir kitap yazm\u0131\u015f ki i\u00e7inde \u00fc\u00e7 baharla kalp kalbe, g\u00f6z g\u00f6ze, diz dize s\u0131cakl\u0131\u011f\u0131nda hissedece\u011finiz \u00f6yk\u00fcler var. \u00c7ocuklu\u011fumuzu, birbirimize hayat arkada\u015f\u0131 olu\u015fumuzu ve \u00e7ocu\u011fumuza anne baba olu\u015fumuzu ya da olamay\u0131\u015f\u0131m\u0131z\u0131, bizzat ilk elden yani bir kurgu olmadan do\u011frudan ya\u015fayanlardan bize aktarm\u0131\u015f. \u2013Prof. Dr. Belma Tu\u011frul, \u0130stanbul Ayd\u0131n \u00dcniversitesi E\u011fitim Fak\u00fcltesi, \u00d6\u011fretim \u00dcyesi <\/p>\n","protected":false},"excerpt":{"rendered":"<p>Evlad\u0131n\u0131z\u0131n iyili\u011fini istemeniz, ona iyilik edece\u011finizi de garanti eder mi? Bu kitap, hemen herkes gibi \u00e7ocu\u011funun iyili\u011fini isteyen, ama onlara pek de \u201ck\u0131yamayan\u201d anne babalar i\u00e7in<span class=\"excerpt-hellip\"> [\u2026]<\/span><\/p>\n","protected":false},"featured_media":0,"template":"","meta":{"_monsterinsights_skip_tracking":false,"_monsterinsights_sitenote_active":false,"_monsterinsights_sitenote_note":"","_monsterinsights_sitenote_category":0},"product_brand":[],"product_cat":[20502,12357],"product_tag":[],"class_list":{"0":"post-736323","1":"product","2":"type-product","3":"status-publish","5":"product_cat-basvuru-kitaplari-psikoloji","6":"product_cat-psikoloji","7":"pa_cilt-ciltsiz","8":"pa_tur-kitap","9":"pa_yayinevi-okuyan-us-yayin","10":"pa_yazar-yadigar-isildar","12":"first","13":"instock","14":"sale","15":"shipping-taxable","16":"purchasable","17":"product-type-simple"},"_links":{"self":[{"href":"https:\/\/roveyayinevi.com.tr\/index.php\/wp-json\/wp\/v2\/product\/736323","targetHints":{"allow":["GET"]}}],"collection":[{"href":"https:\/\/roveyayinevi.com.tr\/index.php\/wp-json\/wp\/v2\/product"}],"about":[{"href":"https:\/\/roveyayinevi.com.tr\/index.php\/wp-json\/wp\/v2\/types\/product"}],"wp:attachment":[{"href":"https:\/\/roveyayinevi.com.tr\/index.php\/wp-json\/wp\/v2\/media?parent=736323"}],"wp:term":[{"taxonomy":"product_brand","embeddable":true,"href":"https:\/\/roveyayinevi.com.tr\/index.php\/wp-json\/wp\/v2\/product_brand?post=736323"},{"taxonomy":"product_cat","embeddable":true,"href":"https:\/\/roveyayinevi.com.tr\/index.php\/wp-json\/wp\/v2\/product_cat?post=736323"},{"taxonomy":"product_tag","embeddable":true,"href":"https:\/\/roveyayinevi.com.tr\/index.php\/wp-json\/wp\/v2\/product_tag?post=736323"}],"curies":[{"name":"wp","href":"https:\/\/api.w.org\/{rel}","templated":true}]}}