{"id":736322,"date":"2025-08-27T23:05:30","date_gmt":"2025-08-27T20:05:30","guid":{"rendered":"https:\/\/roveyayinevi.com.tr\/index.php\/urun\/kimse-normal-degil\/"},"modified":"2026-04-16T02:44:58","modified_gmt":"2026-04-15T23:44:58","slug":"kimse-normal-degil","status":"publish","type":"product","link":"https:\/\/roveyayinevi.com.tr\/index.php\/urun\/kimse-normal-degil\/","title":{"rendered":"Kimse Normal De\u011fil"},"content":{"rendered":"<p>Tarih boyunca ak\u0131l hastal\u0131\u011f\u0131na kar\u015f\u0131 geli\u015fen tutumlar\u0131n ve damgalanmay\u0131 sona erdirme m\u00fccadelesinin \u015fefkatli ve b\u00fcy\u00fcleyici bir incelemesi\u2026 Y\u00fczy\u0131llar boyunca, bilim insanlar\u0131 ve toplum, ak\u0131l hastas\u0131 say\u0131lan herkes hakk\u0131nda ahlaki yarg\u0131larda bulundular ve bir\u00e7o\u011funu ak\u0131l hastanelerine kapatt\u0131lar. Kimse Normal De\u011fil\u2019de, Antropolog Roy Richard Grinker, on sekizinci y\u00fczy\u0131ldan Amerika\u2019n\u0131n b\u00fcy\u00fck sava\u015flar\u0131na ve g\u00fcn\u00fcm\u00fcz\u00fcn y\u00fcksek teknoloji ekonomisine kadar ak\u0131l hastal\u0131\u011f\u0131 damgas\u0131na kar\u015f\u0131 m\u00fccadeledeki ilerlemeyi ve gerilemeleri anlat\u0131yor. Damgalanman\u0131n k\u00fclt\u00fcrel tarihle a\u00e7\u0131klanabilecek, ak\u0131l hastal\u0131\u011f\u0131n\u0131 tan\u0131mlad\u0131\u011f\u0131m\u0131z anda ba\u015flayan, toplumdan \u00f6\u011frendi\u011fimiz ve nihayetinde de\u011fi\u015fme g\u00fcc\u00fcne sahip oldu\u011fumuz, sosyal bir s\u00fcre\u00e7 oldu\u011funu savunuyor. Utan\u00e7 ve gizlili\u011fin miras\u0131 bug\u00fcn h\u00e2l\u00e2 bizimle olsa da Grinker ak\u0131l hastalar\u0131n\u0131n marjinalle\u015ftirilmesine son vermenin e\u015fi\u011finde oldu\u011fumuzu yaz\u0131yor. Yirmi birinci y\u00fczy\u0131lda, ak\u0131l hastal\u0131klar\u0131 h\u0131zla insan \u00e7e\u015fitlili\u011finin daha kabul g\u00f6ren ve g\u00f6r\u00fcn\u00fcr bir par\u00e7as\u0131 haline geliyor. Grinker, kitab\u0131 b\u00fcy\u00fckbabas\u0131n\u0131n Sigmund Freud ile yapt\u0131\u011f\u0131 analiz, kendi k\u0131z\u0131n\u0131n otizm deneyimi ve n\u00f6ro\u00e7e\u015fitlilik \u00fczerine yapt\u0131\u011f\u0131 ara\u015ft\u0131rmayla sonu\u00e7lanan da dahil olmak \u00fczere, ailesinin psikiyatriye dahil oldu\u011fu d\u00f6rt neslin ki\u015fisel tarihiyle besliyor. Afrika ve Asya\u2019daki en son bilim, tarihi ar\u015fivler ve k\u00fclt\u00fcrleraras\u0131 ara\u015ft\u0131rmalardan yararlanan Grinker, n\u00f6ro\u00e7e\u015fitlili\u011fe k\u00fclt\u00fcrel tepkimizin k\u00f6kenlerini ve farkl\u0131l\u0131klar\u0131n\u0131 ke\u015ffetmek i\u00e7in hepimizi uluslararas\u0131 bir yolculu\u011fa \u00e7\u0131kar\u0131yor. Ka\u00e7\u0131n\u0131lmaz, ufuk a\u00e7\u0131c\u0131 ve nihayetinde umutlu olan Kimse Normal De\u011fil, ak\u0131l hastal\u0131\u011f\u0131n\u0131 nas\u0131l d\u00f6n\u00fc\u015ft\u00fcrd\u00fc\u011f\u00fcm\u00fcz\u00fc a\u00e7\u0131kl\u0131yor ve damgalanman\u0131n g\u00f6lgesini sona erdirmek i\u00e7in bir yol sunuyor.   \u201cKimse Normal De\u011fil\u2019de, Roy Richard Grinker, ak\u0131l hastal\u0131\u011f\u0131 etraf\u0131nda damgalanman\u0131n nas\u0131l birle\u015fti\u011fini ara\u015ft\u0131r\u0131yor ve depresif veya psikotik hastalar\u0131n a\u015fa\u011f\u0131lanma duygusunun verdi\u011fi k\u00fcm\u00fclatif zarar\u0131 de\u011ferlendiriyor. Merak uyand\u0131ran bu kitap, zihinsel hastal\u0131\u011f\u0131 olan bireyler sadece hastal\u0131klar\u0131n\u0131n y\u00fck\u00fcn\u00fc ta\u015f\u0131s\u0131nlar diye sorunun \u00e7\u00f6z\u00fcm\u00fcne dair g\u00fc\u00e7l\u00fc bir rehberlik sunuyor.\u201d &#8211; Andrew Solomon, Depresyon Atlas\u0131\u2019n\u0131n yazar\u0131 <\/p>\n","protected":false},"excerpt":{"rendered":"<p>Tarih boyunca ak\u0131l hastal\u0131\u011f\u0131na kar\u015f\u0131 geli\u015fen tutumlar\u0131n ve damgalanmay\u0131 sona erdirme m\u00fccadelesinin \u015fefkatli ve b\u00fcy\u00fcleyici bir incelemesi\u2026 Y\u00fczy\u0131llar boyunca, bilim insanlar\u0131 ve toplum, ak\u0131l hastas\u0131 say\u0131lan<span class=\"excerpt-hellip\"> [\u2026]<\/span><\/p>\n","protected":false},"featured_media":0,"template":"","meta":{"_monsterinsights_skip_tracking":false,"_monsterinsights_sitenote_active":false,"_monsterinsights_sitenote_note":"","_monsterinsights_sitenote_category":0},"product_brand":[],"product_cat":[20502,12357],"product_tag":[],"class_list":{"0":"post-736322","1":"product","2":"type-product","3":"status-publish","5":"product_cat-basvuru-kitaplari-psikoloji","6":"product_cat-psikoloji","7":"pa_cilt-ciltsiz","8":"pa_tur-kitap","9":"pa_yayinevi-okuyan-us-yayin","10":"pa_yazar-roy-richard-grinker","12":"first","13":"instock","14":"sale","15":"shipping-taxable","16":"purchasable","17":"product-type-simple"},"_links":{"self":[{"href":"https:\/\/roveyayinevi.com.tr\/index.php\/wp-json\/wp\/v2\/product\/736322","targetHints":{"allow":["GET"]}}],"collection":[{"href":"https:\/\/roveyayinevi.com.tr\/index.php\/wp-json\/wp\/v2\/product"}],"about":[{"href":"https:\/\/roveyayinevi.com.tr\/index.php\/wp-json\/wp\/v2\/types\/product"}],"wp:attachment":[{"href":"https:\/\/roveyayinevi.com.tr\/index.php\/wp-json\/wp\/v2\/media?parent=736322"}],"wp:term":[{"taxonomy":"product_brand","embeddable":true,"href":"https:\/\/roveyayinevi.com.tr\/index.php\/wp-json\/wp\/v2\/product_brand?post=736322"},{"taxonomy":"product_cat","embeddable":true,"href":"https:\/\/roveyayinevi.com.tr\/index.php\/wp-json\/wp\/v2\/product_cat?post=736322"},{"taxonomy":"product_tag","embeddable":true,"href":"https:\/\/roveyayinevi.com.tr\/index.php\/wp-json\/wp\/v2\/product_tag?post=736322"}],"curies":[{"name":"wp","href":"https:\/\/api.w.org\/{rel}","templated":true}]}}