{"id":736321,"date":"2025-08-27T23:05:30","date_gmt":"2025-08-27T20:05:30","guid":{"rendered":"https:\/\/roveyayinevi.com.tr\/index.php\/urun\/akil-sir-ermeyen-13-sey\/"},"modified":"2026-04-16T02:44:58","modified_gmt":"2026-04-15T23:44:58","slug":"akil-sir-ermeyen-13-sey","status":"publish","type":"product","link":"https:\/\/roveyayinevi.com.tr\/index.php\/urun\/akil-sir-ermeyen-13-sey\/","title":{"rendered":"Ak\u0131l S\u0131r Ermeyen 13 \u015eey"},"content":{"rendered":"<p>Ak\u0131l S\u0131r Ermeyen 13 \u015eey, yaln\u0131zca bilimle ve bilim tarihiyle ilgilenenler i\u00e7in de\u011fil, bilimin metafizi\u011fiyle ilgilenenler i\u00e7in de \u00f6nemli bir ba\u015fucu kitab\u0131. \u201c\u00d6nde gelen kurmaca d\u0131\u015f\u0131 okumalardan biri.\u201d Esquire \u201cHayran olunacak derecede anla\u015f\u0131l\u0131r ve ak\u0131ll\u0131 bir yazar var kar\u015f\u0131m\u0131zda.\u201d Evening Standard \u201c\u0130ster y\u0131ld\u0131z tozu oldu\u011fumuza inanal\u0131m ister n\u00fckleer at\u0131k, bu kitab\u0131 elimizden b\u0131rakamayaca\u011f\u0131z.\u201d Independent on Sunday \u201cOkurlar\u0131n hep bekledi\u011fi t\u00fcrden bir bilim kitab\u0131 bu. Bilgi veriyor, kolay okunuyor. Ayr\u0131nt\u0131larla dolu ama bir o kadar anla\u015f\u0131l\u0131r.\u201d  Daily Telegraph \u201cBilimin \u00f6ne \u00e7\u0131kan pek \u00e7ok problemi bu \u00f6nemli kitapta b\u00fcy\u00fck co\u015fkuyla yank\u0131lan\u0131yor.\u201d Seed Magazine \u201cHer daim ba\u015fvurulacak t\u00fcrden bir bilim kitab\u0131. Okudu\u011funuzda kendinizi daha zeki hissedeceksiniz.\u201d William Leith \u201cB\u00fcy\u00fcleyici\u2026 Brooks\u2019un kalemi, Carl Sagan ile Stephen Jay Gould\u2019u hat\u0131rlat\u0131yor.\u201d Anahad O\u2019Connor \u201cBilimin ya\u015fam\u0131 tan\u0131mlayamad\u0131\u011f\u0131n\u0131, \u00f6l\u00fcm\u00fcn neden ya\u015fanmas\u0131 gerekti\u011fine bir cevap veremedi\u011fini, seksin neden gerekli oldu\u011funu yan\u0131tlayamad\u0131\u011f\u0131n\u0131 \u00f6\u011frendi\u011finizde hayretler i\u00e7inde kalacaks\u0131n\u0131z.\u201d Richard Ellis \u201cTitizlikle ara\u015ft\u0131r\u0131lm\u0131\u015f, incelikle yaz\u0131lm\u0131\u015f bu kitap, bilimin ger\u00e7ekte nas\u0131l i\u015fledi\u011fine dair bir pencere aralarken hararetli tart\u0131\u015fmalara zemin haz\u0131rl\u0131yor.\u201d New Scientist <\/p>\n","protected":false},"excerpt":{"rendered":"<p>Ak\u0131l S\u0131r Ermeyen 13 \u015eey, yaln\u0131zca bilimle ve bilim tarihiyle ilgilenenler i\u00e7in de\u011fil, bilimin metafizi\u011fiyle ilgilenenler i\u00e7in de \u00f6nemli bir ba\u015fucu kitab\u0131. \u201c\u00d6nde gelen kurmaca d\u0131\u015f\u0131<span class=\"excerpt-hellip\"> [\u2026]<\/span><\/p>\n","protected":false},"featured_media":0,"template":"","meta":{"_monsterinsights_skip_tracking":false,"_monsterinsights_sitenote_active":false,"_monsterinsights_sitenote_note":"","_monsterinsights_sitenote_category":0},"product_brand":[],"product_cat":[13005,13006],"product_tag":[],"class_list":{"0":"post-736321","1":"product","2":"type-product","3":"status-publish","5":"product_cat-bilim-muhendislik","6":"product_cat-populer-bilim","7":"pa_cilt-ciltsiz","8":"pa_tur-kitap","9":"pa_yayinevi-dusbaz-kitaplar","10":"pa_yazar-michael-brooks","12":"first","13":"instock","14":"sale","15":"shipping-taxable","16":"purchasable","17":"product-type-simple"},"_links":{"self":[{"href":"https:\/\/roveyayinevi.com.tr\/index.php\/wp-json\/wp\/v2\/product\/736321","targetHints":{"allow":["GET"]}}],"collection":[{"href":"https:\/\/roveyayinevi.com.tr\/index.php\/wp-json\/wp\/v2\/product"}],"about":[{"href":"https:\/\/roveyayinevi.com.tr\/index.php\/wp-json\/wp\/v2\/types\/product"}],"wp:attachment":[{"href":"https:\/\/roveyayinevi.com.tr\/index.php\/wp-json\/wp\/v2\/media?parent=736321"}],"wp:term":[{"taxonomy":"product_brand","embeddable":true,"href":"https:\/\/roveyayinevi.com.tr\/index.php\/wp-json\/wp\/v2\/product_brand?post=736321"},{"taxonomy":"product_cat","embeddable":true,"href":"https:\/\/roveyayinevi.com.tr\/index.php\/wp-json\/wp\/v2\/product_cat?post=736321"},{"taxonomy":"product_tag","embeddable":true,"href":"https:\/\/roveyayinevi.com.tr\/index.php\/wp-json\/wp\/v2\/product_tag?post=736321"}],"curies":[{"name":"wp","href":"https:\/\/api.w.org\/{rel}","templated":true}]}}