{"id":736319,"date":"2025-08-27T23:05:28","date_gmt":"2025-08-27T20:05:28","guid":{"rendered":"https:\/\/roveyayinevi.com.tr\/index.php\/urun\/dil-ogreten-hikayeler-turkce-italyanca\/"},"modified":"2026-04-16T02:44:58","modified_gmt":"2026-04-15T23:44:58","slug":"dil-ogreten-hikayeler-turkce-italyanca","status":"publish","type":"product","link":"https:\/\/roveyayinevi.com.tr\/index.php\/urun\/dil-ogreten-hikayeler-turkce-italyanca\/","title":{"rendered":"Dil \u00d6\u011freten Hikayeler T\u00fcrk\u00e7e &#8211; \u0130talyanca"},"content":{"rendered":"<p>Ba\u015flang\u0131\u00e7, orta ve ileri seviyede 27 hik\u00e2ye tek kitapta Sanat\u0131n, tarihin, Avrupa\u2019n\u0131n en g\u00fczel \u015fehirlerinin i\u00e7inden ge\u00e7en, hayal g\u00fcc\u00fcyle harmanlanan hik\u00e2yeler\u2026 Bu kitap, dil \u00f6\u011frenenlere yard\u0131mc\u0131 olmas\u0131 amac\u0131yla haz\u0131rlanm\u0131\u015ft\u0131r. Kitap; ba\u015flang\u0131\u00e7, orta ve ileri seviyede, 27 \u00f6yk\u00fcden olu\u015fmaktad\u0131r. Kitaptaki hik\u00e2yelerin anlat\u0131m\u0131 basit ve yal\u0131n c\u00fcmlelerle yap\u0131lm\u0131\u015ft\u0131r. \u00d6\u011frendi\u011finiz dili ne kadar anlad\u0131\u011f\u0131n\u0131z\u0131 deneyimleyebilmeniz i\u00e7in her hik\u00e2yenin T\u00fcrk\u00e7esine de yer verilmi\u015ftir. Dil \u00d6\u011freten Hik\u00e2yeler serisini, foto\u011fraf sanat\u00e7\u0131s\u0131, sanat tarih\u00e7isi ve gezgin Melissa Mey\u2019in kaleminden \u0130ngilizce, \u0130spanyolca ve Almanca olarak \u00fc\u00e7 dilde yay\u0131mlam\u0131\u015ft\u0131k. \u00c7ok sevilen seriye bir yenisini daha ekledik. \u0130talyanca hik\u00e2yeler hem dil \u00f6\u011fretiyor hem de keyifli bir okuma vaat ediyor.<\/p>\n","protected":false},"excerpt":{"rendered":"<p>Ba\u015flang\u0131\u00e7, orta ve ileri seviyede 27 hik\u00e2ye tek kitapta Sanat\u0131n, tarihin, Avrupa\u2019n\u0131n en g\u00fczel \u015fehirlerinin i\u00e7inden ge\u00e7en, hayal g\u00fcc\u00fcyle harmanlanan hik\u00e2yeler\u2026 Bu kitap, dil \u00f6\u011frenenlere yard\u0131mc\u0131<span class=\"excerpt-hellip\"> [\u2026]<\/span><\/p>\n","protected":false},"featured_media":0,"template":"","meta":{"_monsterinsights_skip_tracking":false,"_monsterinsights_sitenote_active":false,"_monsterinsights_sitenote_note":"","_monsterinsights_sitenote_category":0},"product_brand":[],"product_cat":[14597,12566,25527],"product_tag":[],"class_list":{"0":"post-736319","1":"product","2":"type-product","3":"status-publish","5":"product_cat-dil-ogrenimi","6":"product_cat-egitim","7":"product_cat-italyanca","8":"pa_cilt-ciltsiz","9":"pa_tur-kitap","10":"pa_yayinevi-inkilap-kitabevi","11":"pa_yazar-melissa-mey","13":"first","14":"instock","15":"sale","16":"shipping-taxable","17":"purchasable","18":"product-type-simple"},"_links":{"self":[{"href":"https:\/\/roveyayinevi.com.tr\/index.php\/wp-json\/wp\/v2\/product\/736319","targetHints":{"allow":["GET"]}}],"collection":[{"href":"https:\/\/roveyayinevi.com.tr\/index.php\/wp-json\/wp\/v2\/product"}],"about":[{"href":"https:\/\/roveyayinevi.com.tr\/index.php\/wp-json\/wp\/v2\/types\/product"}],"wp:attachment":[{"href":"https:\/\/roveyayinevi.com.tr\/index.php\/wp-json\/wp\/v2\/media?parent=736319"}],"wp:term":[{"taxonomy":"product_brand","embeddable":true,"href":"https:\/\/roveyayinevi.com.tr\/index.php\/wp-json\/wp\/v2\/product_brand?post=736319"},{"taxonomy":"product_cat","embeddable":true,"href":"https:\/\/roveyayinevi.com.tr\/index.php\/wp-json\/wp\/v2\/product_cat?post=736319"},{"taxonomy":"product_tag","embeddable":true,"href":"https:\/\/roveyayinevi.com.tr\/index.php\/wp-json\/wp\/v2\/product_tag?post=736319"}],"curies":[{"name":"wp","href":"https:\/\/api.w.org\/{rel}","templated":true}]}}