{"id":736318,"date":"2025-08-27T23:05:27","date_gmt":"2025-08-27T20:05:27","guid":{"rendered":"https:\/\/roveyayinevi.com.tr\/index.php\/urun\/avare-adimlarla-eskisehir\/"},"modified":"2026-04-16T02:44:58","modified_gmt":"2026-04-15T23:44:58","slug":"avare-adimlarla-eskisehir","status":"publish","type":"product","link":"https:\/\/roveyayinevi.com.tr\/index.php\/urun\/avare-adimlarla-eskisehir\/","title":{"rendered":"Avare Ad\u0131mlarla Eski\u015fehir"},"content":{"rendered":"<p>Eski\u015fehir, \u201c\u0131ss\u0131z Anadolu ovalar\u0131n\u0131n ortas\u0131nda\u201d b\u00fcy\u00fck \u015fehirlerin g\u00f6lgesinde m\u00fctevaz\u0131 varl\u0131\u011f\u0131n\u0131 s\u00fcrd\u00fcr\u00fcyor. Kimi zaman Adalet A\u011fao\u011flu\u2019nun sat\u0131rlar\u0131nda kimi zaman Cemal S\u00fcreya\u2019n\u0131n dizelerinde kendini g\u00f6sterse de ne yaz\u0131k ki Eski\u015fehir hakk\u0131nda yap\u0131lan kapsaml\u0131 bir \u00e7al\u0131\u015fma bulunmuyor. Foto\u011fraf, sinema ve g\u00f6r\u00fcnt\u00fc esteti\u011fi gibi disiplinlerdeki \u00e7al\u0131\u015fmalar\u0131yla tan\u0131nan akademisyen Levend K\u0131l\u0131\u00e7 taraf\u0131ndan haz\u0131rlanan Avare Ad\u0131mlarla Eski\u015fehir literat\u00fcrdeki bu eksi\u011fi gidermeye y\u00f6nelik kayda de\u011fer bir \u00e7aba, bir vefa g\u00f6stergesi niteli\u011fi ta\u015f\u0131yor. Levend K\u0131l\u0131\u00e7, okuyanlar\u0131 bir ke\u015fif yolculu\u011funa \u00e7\u0131kar\u0131yor. Eski\u015fehir\u2019in Porsuk \u00c7ay\u0131, kitap\u00e7\u0131lar\u0131, bisiklet\u00e7ileri, hamamlar\u0131, k\u00f6pr\u00fcleri aras\u0131nda sokak sokak dola\u015ft\u0131r\u0131yor. Bu ke\u015fif yolculu\u011funa K\u0131l\u0131\u00e7\u2019\u0131n objektifinden \u00e7\u0131kan foto\u011fraflar e\u015flik ediyor. Avare Ad\u0131mlarla Eski\u015fehir, bir \u015fehir tarihi \u00e7al\u0131\u015fmas\u0131ndan veya gezi rehberinden \u00e7ok daha fazlas\u0131n\u0131 vadediyor.<\/p>\n","protected":false},"excerpt":{"rendered":"<p>Eski\u015fehir, \u201c\u0131ss\u0131z Anadolu ovalar\u0131n\u0131n ortas\u0131nda\u201d b\u00fcy\u00fck \u015fehirlerin g\u00f6lgesinde m\u00fctevaz\u0131 varl\u0131\u011f\u0131n\u0131 s\u00fcrd\u00fcr\u00fcyor. Kimi zaman Adalet A\u011fao\u011flu\u2019nun sat\u0131rlar\u0131nda kimi zaman Cemal S\u00fcreya\u2019n\u0131n dizelerinde kendini g\u00f6sterse de ne yaz\u0131k<span class=\"excerpt-hellip\"> [\u2026]<\/span><\/p>\n","protected":false},"featured_media":0,"template":"","meta":{"_monsterinsights_skip_tracking":false,"_monsterinsights_sitenote_active":false,"_monsterinsights_sitenote_note":"","_monsterinsights_sitenote_category":0},"product_brand":[],"product_cat":[13054,24413],"product_tag":[],"class_list":{"0":"post-736318","1":"product","2":"type-product","3":"status-publish","5":"product_cat-gezi-ve-rehber-kitaplari","6":"product_cat-kent-rehberleri","7":"pa_cilt-ciltsiz","8":"pa_tur-kitap","9":"pa_yayinevi-inkilap-kitabevi","10":"pa_yazar-levend-kilic","12":"first","13":"instock","14":"sale","15":"shipping-taxable","16":"purchasable","17":"product-type-simple"},"_links":{"self":[{"href":"https:\/\/roveyayinevi.com.tr\/index.php\/wp-json\/wp\/v2\/product\/736318","targetHints":{"allow":["GET"]}}],"collection":[{"href":"https:\/\/roveyayinevi.com.tr\/index.php\/wp-json\/wp\/v2\/product"}],"about":[{"href":"https:\/\/roveyayinevi.com.tr\/index.php\/wp-json\/wp\/v2\/types\/product"}],"wp:attachment":[{"href":"https:\/\/roveyayinevi.com.tr\/index.php\/wp-json\/wp\/v2\/media?parent=736318"}],"wp:term":[{"taxonomy":"product_brand","embeddable":true,"href":"https:\/\/roveyayinevi.com.tr\/index.php\/wp-json\/wp\/v2\/product_brand?post=736318"},{"taxonomy":"product_cat","embeddable":true,"href":"https:\/\/roveyayinevi.com.tr\/index.php\/wp-json\/wp\/v2\/product_cat?post=736318"},{"taxonomy":"product_tag","embeddable":true,"href":"https:\/\/roveyayinevi.com.tr\/index.php\/wp-json\/wp\/v2\/product_tag?post=736318"}],"curies":[{"name":"wp","href":"https:\/\/api.w.org\/{rel}","templated":true}]}}