{"id":736317,"date":"2025-08-27T23:05:26","date_gmt":"2025-08-27T20:05:26","guid":{"rendered":"https:\/\/roveyayinevi.com.tr\/index.php\/urun\/propaganda\/"},"modified":"2026-04-16T02:44:58","modified_gmt":"2026-04-15T23:44:58","slug":"propaganda","status":"publish","type":"product","link":"https:\/\/roveyayinevi.com.tr\/index.php\/urun\/propaganda\/","title":{"rendered":"Propaganda"},"content":{"rendered":"<p>Propaganda a\u015fa\u011f\u0131dakilerin t\u00fcm\u00fcd\u00fcr: Kurnazlar\u0131n i\u015fletti\u011fi devasa bir mekanizmad\u0131r. Beyin avc\u0131lar\u0131n\u0131n mostras\u0131d\u0131r. Kand\u0131rma ve yalanc\u0131l\u0131k sanat\u0131d\u0131r. Amac\u0131 do\u011fruluk de\u011fil, iknad\u0131r. G\u00fcndelik sersemle\u015ftirme faaliyetidir. \u00d6\u011f\u00fcterek, boyun e\u011fmeyi kolayla\u015ft\u0131r\u0131r. G\u00fcc\u00fcn\u00fc insan\u0131n zaaflar\u0131ndan al\u0131r. Halk, onun ne istedi\u011fini bilmeyen par\u00e7as\u0131d\u0131r. Bak\u0131r yeteneklerden alt\u0131n adamlar yarat\u0131r. D\u00fcnyay\u0131, d\u00fc\u015f g\u00f6renlerin s\u0131rt\u0131nda ta\u015f\u0131t\u0131r. Umutlar\u0131 ve hayalleri soka\u011fa yayar. Kitle hareketlerinin g\u00f6zde silah\u0131d\u0131r. Her taraf\u0131 kaplayan yabani otlardan farks\u0131zd\u0131r. Propagandan\u0131n muhte\u015fem ilkesi \u015fudur: \u201cKar\u015f\u0131n\u0131zdakine derin bir arzu uyand\u0131r\u0131n\u0131z. O her \u015feyi kendili\u011finden yapar&#8230;\u201d<\/p>\n","protected":false},"excerpt":{"rendered":"<p>Propaganda a\u015fa\u011f\u0131dakilerin t\u00fcm\u00fcd\u00fcr: Kurnazlar\u0131n i\u015fletti\u011fi devasa bir mekanizmad\u0131r. Beyin avc\u0131lar\u0131n\u0131n mostras\u0131d\u0131r. Kand\u0131rma ve yalanc\u0131l\u0131k sanat\u0131d\u0131r. Amac\u0131 do\u011fruluk de\u011fil, iknad\u0131r. G\u00fcndelik sersemle\u015ftirme faaliyetidir. \u00d6\u011f\u00fcterek, boyun e\u011fmeyi kolayla\u015ft\u0131r\u0131r.<span class=\"excerpt-hellip\"> [\u2026]<\/span><\/p>\n","protected":false},"featured_media":0,"template":"","meta":{"_monsterinsights_skip_tracking":false,"_monsterinsights_sitenote_active":false,"_monsterinsights_sitenote_note":"","_monsterinsights_sitenote_category":0},"product_brand":[],"product_cat":[13590,12337],"product_tag":[],"class_list":{"0":"post-736317","1":"product","2":"type-product","3":"status-publish","5":"product_cat-arastirma-inceleme-politika-siyaset","6":"product_cat-politika-siyaset","7":"pa_cilt-ciltsiz","8":"pa_tur-kitap","9":"pa_yayinevi-inkilap-kitabevi","10":"pa_yazar-osman-pamukoglu","12":"first","13":"instock","14":"sale","15":"shipping-taxable","16":"purchasable","17":"product-type-simple"},"_links":{"self":[{"href":"https:\/\/roveyayinevi.com.tr\/index.php\/wp-json\/wp\/v2\/product\/736317","targetHints":{"allow":["GET"]}}],"collection":[{"href":"https:\/\/roveyayinevi.com.tr\/index.php\/wp-json\/wp\/v2\/product"}],"about":[{"href":"https:\/\/roveyayinevi.com.tr\/index.php\/wp-json\/wp\/v2\/types\/product"}],"wp:attachment":[{"href":"https:\/\/roveyayinevi.com.tr\/index.php\/wp-json\/wp\/v2\/media?parent=736317"}],"wp:term":[{"taxonomy":"product_brand","embeddable":true,"href":"https:\/\/roveyayinevi.com.tr\/index.php\/wp-json\/wp\/v2\/product_brand?post=736317"},{"taxonomy":"product_cat","embeddable":true,"href":"https:\/\/roveyayinevi.com.tr\/index.php\/wp-json\/wp\/v2\/product_cat?post=736317"},{"taxonomy":"product_tag","embeddable":true,"href":"https:\/\/roveyayinevi.com.tr\/index.php\/wp-json\/wp\/v2\/product_tag?post=736317"}],"curies":[{"name":"wp","href":"https:\/\/api.w.org\/{rel}","templated":true}]}}