{"id":736314,"date":"2025-08-27T23:05:23","date_gmt":"2025-08-27T20:05:23","guid":{"rendered":"https:\/\/roveyayinevi.com.tr\/index.php\/urun\/metamorfoz\/"},"modified":"2026-04-16T02:44:58","modified_gmt":"2026-04-15T23:44:58","slug":"metamorfoz","status":"publish","type":"product","link":"https:\/\/roveyayinevi.com.tr\/index.php\/urun\/metamorfoz\/","title":{"rendered":"Metamorfoz"},"content":{"rendered":"<p>Ruhver Barengi, yay\u0131mlanan ilk \u00f6yk\u00fc kitab\u0131 Metamorfoz ile g\u00fcndelik hayat\u0131n tekd\u00fczeli\u011finde s\u0131k\u0131\u015fan okurlar\u0131 fantastik bir yaz\u0131nsal yolculu\u011fa \u00e7\u0131kar\u0131yor. Metamorfoz, yaln\u0131zla\u015fma, t\u00fckenmi\u015flik ve yetersizlikle \u00e7evrelenmi\u015f modern \u00e7a\u011fda ancak kendi i\u00e7ine kapanarak ya\u015fam\u0131na devam edebilen g\u00fcn\u00fcm\u00fcz insanlar\u0131n\u0131n \u00f6yk\u00fcs\u00fcn\u00fc anlat\u0131yor. Bir yanda kalabal\u0131\u011f\u0131n g\u00fcr\u00fclt\u00fcs\u00fcnde muhatab\u0131na ula\u015famayan g\u00fcnayd\u0131nlar, hep g\u00f6lgede ya\u015famaya mahk\u00fbm ger\u00e7ek hayatlar; di\u011fer yanda buna dayanamayan ve varolu\u015funun nedenini \u00e7\u00f6zmeye \u00e7al\u0131\u015fanlar\u0131n ger\u00e7ek\u00fcst\u00fc d\u00fcnyalar\u0131. Barengi, ilk yap\u0131t\u0131yla mizah, drama ve fantastik edebiyat\u0131n pek \u00e7ok unsurunu bir araya getirirken \u00e7a\u011fda\u015f edebiyata yeni bir bak\u0131\u015f a\u00e7\u0131s\u0131 kazand\u0131r\u0131yor.<\/p>\n","protected":false},"excerpt":{"rendered":"<p>Ruhver Barengi, yay\u0131mlanan ilk \u00f6yk\u00fc kitab\u0131 Metamorfoz ile g\u00fcndelik hayat\u0131n tekd\u00fczeli\u011finde s\u0131k\u0131\u015fan okurlar\u0131 fantastik bir yaz\u0131nsal yolculu\u011fa \u00e7\u0131kar\u0131yor. Metamorfoz, yaln\u0131zla\u015fma, t\u00fckenmi\u015flik ve yetersizlikle \u00e7evrelenmi\u015f modern \u00e7a\u011fda<span class=\"excerpt-hellip\"> [\u2026]<\/span><\/p>\n","protected":false},"featured_media":0,"template":"","meta":{"_monsterinsights_skip_tracking":false,"_monsterinsights_sitenote_active":false,"_monsterinsights_sitenote_note":"","_monsterinsights_sitenote_category":0},"product_brand":[],"product_cat":[12291,12711],"product_tag":[],"class_list":{"0":"post-736314","1":"product","2":"type-product","3":"status-publish","5":"product_cat-edebiyat","6":"product_cat-roman-oyku","7":"pa_cilt-ciltsiz","8":"pa_tur-kitap","9":"pa_yayinevi-inkilap-kitabevi","10":"pa_yazar-ruhver-barengi","12":"first","13":"instock","14":"sale","15":"shipping-taxable","16":"purchasable","17":"product-type-simple"},"_links":{"self":[{"href":"https:\/\/roveyayinevi.com.tr\/index.php\/wp-json\/wp\/v2\/product\/736314","targetHints":{"allow":["GET"]}}],"collection":[{"href":"https:\/\/roveyayinevi.com.tr\/index.php\/wp-json\/wp\/v2\/product"}],"about":[{"href":"https:\/\/roveyayinevi.com.tr\/index.php\/wp-json\/wp\/v2\/types\/product"}],"wp:attachment":[{"href":"https:\/\/roveyayinevi.com.tr\/index.php\/wp-json\/wp\/v2\/media?parent=736314"}],"wp:term":[{"taxonomy":"product_brand","embeddable":true,"href":"https:\/\/roveyayinevi.com.tr\/index.php\/wp-json\/wp\/v2\/product_brand?post=736314"},{"taxonomy":"product_cat","embeddable":true,"href":"https:\/\/roveyayinevi.com.tr\/index.php\/wp-json\/wp\/v2\/product_cat?post=736314"},{"taxonomy":"product_tag","embeddable":true,"href":"https:\/\/roveyayinevi.com.tr\/index.php\/wp-json\/wp\/v2\/product_tag?post=736314"}],"curies":[{"name":"wp","href":"https:\/\/api.w.org\/{rel}","templated":true}]}}