{"id":736311,"date":"2025-08-27T23:05:19","date_gmt":"2025-08-27T20:05:19","guid":{"rendered":"https:\/\/roveyayinevi.com.tr\/index.php\/urun\/buyuk-hesaplasma-2\/"},"modified":"2026-04-16T02:44:57","modified_gmt":"2026-04-15T23:44:57","slug":"buyuk-hesaplasma-2","status":"publish","type":"product","link":"https:\/\/roveyayinevi.com.tr\/index.php\/urun\/buyuk-hesaplasma-2\/","title":{"rendered":"B\u00fcy\u00fck Hesapla\u015fma"},"content":{"rendered":"<p>B\u00fcy\u00fck Hesapla\u015fma; dayan\u0131lmaz ac\u0131lar\u0131n, b\u00fcy\u00fck ihanetlerin ya\u015fand\u0131\u011f\u0131 bir d\u00f6nemde, vatan hainli\u011fi ile su\u00e7lanan ve haks\u0131z yere hapse at\u0131lan bir avu\u00e7 askerin vatan\u0131 kurtarma m\u00fccadelesini, devlet d\u00fc\u015fmanlar\u0131yla hesapla\u015fmas\u0131n\u0131 anlat\u0131yor. Deniz Lisesi\u2019nde okuduklar\u0131 g\u00fcnlerden beri yedikleri i\u00e7tikleri ayr\u0131 gitmeyen, birbirine karde\u015f\u00e7e ba\u011fl\u0131 \u00fc\u00e7 arkada\u015f\u0131n ya\u015fad\u0131klar\u0131 olaylar \u00e7er\u00e7evesinde anlat\u0131lan bu hesapla\u015fma; \u0130stanbul\u2019dan ba\u015flay\u0131p Do\u011fu Akdeniz\u2019de Suriye, K\u0131br\u0131s Adas\u0131 ve \u0130srail\u2019e uzan\u0131yor. Kitap bu a\u00e7\u0131dan son d\u00f6nemde g\u00fcndemde olan Mavi Vatan tart\u0131\u015fmalar\u0131na da bir bak\u0131\u015f a\u00e7\u0131s\u0131 getiriyor. <\/p>\n","protected":false},"excerpt":{"rendered":"<p>B\u00fcy\u00fck Hesapla\u015fma; dayan\u0131lmaz ac\u0131lar\u0131n, b\u00fcy\u00fck ihanetlerin ya\u015fand\u0131\u011f\u0131 bir d\u00f6nemde, vatan hainli\u011fi ile su\u00e7lanan ve haks\u0131z yere hapse at\u0131lan bir avu\u00e7 askerin vatan\u0131 kurtarma m\u00fccadelesini, devlet d\u00fc\u015fmanlar\u0131yla<span class=\"excerpt-hellip\"> [\u2026]<\/span><\/p>\n","protected":false},"featured_media":0,"template":"","meta":{"_monsterinsights_skip_tracking":false,"_monsterinsights_sitenote_active":false,"_monsterinsights_sitenote_note":"","_monsterinsights_sitenote_category":0},"product_brand":[],"product_cat":[13590,12337],"product_tag":[],"class_list":{"0":"post-736311","1":"product","2":"type-product","3":"status-publish","5":"product_cat-arastirma-inceleme-politika-siyaset","6":"product_cat-politika-siyaset","7":"pa_cilt-ciltsiz","8":"pa_tur-kitap","9":"pa_yayinevi-kirmizi-kedi-yayinevi","10":"pa_yazar-semih-cetin","12":"first","13":"instock","14":"sale","15":"shipping-taxable","16":"purchasable","17":"product-type-simple"},"_links":{"self":[{"href":"https:\/\/roveyayinevi.com.tr\/index.php\/wp-json\/wp\/v2\/product\/736311","targetHints":{"allow":["GET"]}}],"collection":[{"href":"https:\/\/roveyayinevi.com.tr\/index.php\/wp-json\/wp\/v2\/product"}],"about":[{"href":"https:\/\/roveyayinevi.com.tr\/index.php\/wp-json\/wp\/v2\/types\/product"}],"wp:attachment":[{"href":"https:\/\/roveyayinevi.com.tr\/index.php\/wp-json\/wp\/v2\/media?parent=736311"}],"wp:term":[{"taxonomy":"product_brand","embeddable":true,"href":"https:\/\/roveyayinevi.com.tr\/index.php\/wp-json\/wp\/v2\/product_brand?post=736311"},{"taxonomy":"product_cat","embeddable":true,"href":"https:\/\/roveyayinevi.com.tr\/index.php\/wp-json\/wp\/v2\/product_cat?post=736311"},{"taxonomy":"product_tag","embeddable":true,"href":"https:\/\/roveyayinevi.com.tr\/index.php\/wp-json\/wp\/v2\/product_tag?post=736311"}],"curies":[{"name":"wp","href":"https:\/\/api.w.org\/{rel}","templated":true}]}}