{"id":736310,"date":"2025-08-27T23:05:18","date_gmt":"2025-08-27T20:05:18","guid":{"rendered":"https:\/\/roveyayinevi.com.tr\/index.php\/urun\/iran-tarihi\/"},"modified":"2026-04-16T02:44:57","modified_gmt":"2026-04-15T23:44:57","slug":"iran-tarihi","status":"publish","type":"product","link":"https:\/\/roveyayinevi.com.tr\/index.php\/urun\/iran-tarihi\/","title":{"rendered":"\u0130ran Tarihi"},"content":{"rendered":"<p>\u00dc\u00e7 bin y\u0131ld\u0131r d\u00fcnya tarihinin kav\u015fa\u011f\u0131nda bulunan \u0130ran, Do\u011fu ile Bat\u0131\u2019n\u0131n kesi\u015fme noktas\u0131nda yer al\u0131r. Kar\u015f\u0131 kar\u015f\u0131ya geldi\u011fi medeniyetlere etkide bulunmas\u0131yla bilinen \u0130ran medeniyeti s\u0131n\u0131rlar\u0131n\u0131n \u00e7ok \u00f6tesine uzanm\u0131\u015ft\u0131r. Bu kitap, \u0130ran k\u00fclt\u00fcr\u00fcn\u00fcn Akdeniz\u2019den Hint Okyanusu\u2019na ve \u0130pek Yollar\u0131 boyunca \u00c7in\u2019e kadar uzanan \u00e7e\u015fitli n\u00fcfuslar aras\u0131nda tarih \u00f6ncesi \u00e7a\u011flardan g\u00fcn\u00fcm\u00fcze kadar yay\u0131lmas\u0131n\u0131n izini s\u00fcr\u00fcyor. \u0130ran\u2019\u0131n d\u00fcnya tarihine yapt\u0131\u011f\u0131 katk\u0131lar\u0131n \u00e7e\u015fitlili\u011fini kilit \u015fahsiyetlerin rollerini vurgulayarak sunuyor.<\/p>\n","protected":false},"excerpt":{"rendered":"<p>\u00dc\u00e7 bin y\u0131ld\u0131r d\u00fcnya tarihinin kav\u015fa\u011f\u0131nda bulunan \u0130ran, Do\u011fu ile Bat\u0131\u2019n\u0131n kesi\u015fme noktas\u0131nda yer al\u0131r. Kar\u015f\u0131 kar\u015f\u0131ya geldi\u011fi medeniyetlere etkide bulunmas\u0131yla bilinen \u0130ran medeniyeti s\u0131n\u0131rlar\u0131n\u0131n \u00e7ok<span class=\"excerpt-hellip\"> [\u2026]<\/span><\/p>\n","protected":false},"featured_media":0,"template":"","meta":{"_monsterinsights_skip_tracking":false,"_monsterinsights_sitenote_active":false,"_monsterinsights_sitenote_note":"","_monsterinsights_sitenote_category":0},"product_brand":[],"product_cat":[12370,12304],"product_tag":[],"class_list":{"0":"post-736310","1":"product","2":"type-product","3":"status-publish","5":"product_cat-arastirma-inceleme","6":"product_cat-tarih","7":"pa_cilt-ciltsiz","8":"pa_tur-kitap","9":"pa_yayinevi-inkilap-kitabevi","10":"pa_yazar-richard-foltz","12":"first","13":"instock","14":"sale","15":"shipping-taxable","16":"purchasable","17":"product-type-simple"},"_links":{"self":[{"href":"https:\/\/roveyayinevi.com.tr\/index.php\/wp-json\/wp\/v2\/product\/736310","targetHints":{"allow":["GET"]}}],"collection":[{"href":"https:\/\/roveyayinevi.com.tr\/index.php\/wp-json\/wp\/v2\/product"}],"about":[{"href":"https:\/\/roveyayinevi.com.tr\/index.php\/wp-json\/wp\/v2\/types\/product"}],"wp:attachment":[{"href":"https:\/\/roveyayinevi.com.tr\/index.php\/wp-json\/wp\/v2\/media?parent=736310"}],"wp:term":[{"taxonomy":"product_brand","embeddable":true,"href":"https:\/\/roveyayinevi.com.tr\/index.php\/wp-json\/wp\/v2\/product_brand?post=736310"},{"taxonomy":"product_cat","embeddable":true,"href":"https:\/\/roveyayinevi.com.tr\/index.php\/wp-json\/wp\/v2\/product_cat?post=736310"},{"taxonomy":"product_tag","embeddable":true,"href":"https:\/\/roveyayinevi.com.tr\/index.php\/wp-json\/wp\/v2\/product_tag?post=736310"}],"curies":[{"name":"wp","href":"https:\/\/api.w.org\/{rel}","templated":true}]}}