{"id":736309,"date":"2025-08-27T23:05:17","date_gmt":"2025-08-27T20:05:17","guid":{"rendered":"https:\/\/roveyayinevi.com.tr\/index.php\/urun\/palyaconun-gunlugu\/"},"modified":"2026-04-16T02:44:57","modified_gmt":"2026-04-15T23:44:57","slug":"palyaconun-gunlugu","status":"publish","type":"product","link":"https:\/\/roveyayinevi.com.tr\/index.php\/urun\/palyaconun-gunlugu\/","title":{"rendered":"Palya\u00e7o&#8217;nun G\u00fcnl\u00fc\u011f\u00fc"},"content":{"rendered":"<p>\u201cNe zaman verdim bu ismi hat\u0131rlam\u0131yorum. Palya\u00e7o\u2019nun G\u00fcnl\u00fc\u011f\u00fc. Tahminen k\u0131rk be\u015f y\u0131ld\u0131r yaz\u0131yorum. K\u00fc\u00e7\u00fck k\u00fc\u00e7\u00fck notlar. Bazen tek sat\u0131r, bazen sayfalarca. Da\u011f\u0131n\u0131k zaman dilimlerinden da\u011f\u0131n\u0131k c\u00fcmleler. Bir g\u00fcn hepsine birden isim koymak tela\u015f\u0131 kaplam\u0131\u015f i\u00e7imi. Hani \u00e7ocuk do\u011fduktan sonra hemen ismini koymal\u0131 ya. Ya\u015fas\u0131n, soluk als\u0131n, evrende yeri olsun diye.\u201d Tiyatro sahneleri ve televizyon ekranlar\u0131ndan milyonlarca izleyiciye ula\u015f\u0131p sevgisini kazanan Cem Davran, yay\u0131mlanan ilk kitab\u0131 Palya\u00e7o\u2019nun G\u00fcnl\u00fc\u011f\u00fc ile sevenlerini nostaljik bir yolculu\u011fa \u00e7\u0131kar\u0131yor. Palya\u00e7o\u2019nun G\u00fcnl\u00fc\u011f\u00fc, oyunculu\u011fa ba\u015flama ser\u00fcveninden \u015fimdilerde kap\u0131lar\u0131na kilit vurulan sahnelere, eski Beyo\u011flu sokaklar\u0131ndan T\u00fcrkiye\u2019nin yak\u0131n tarihine; k\u0131sacas\u0131 Cem Davran\u2019\u0131n ilk gen\u00e7li\u011finden bug\u00fcne t\u00fcm ya\u015fam deneyimini anlat\u0131yor. Palya\u00e7o\u2019nun G\u00fcnl\u00fc\u011f\u00fc, s\u0131cac\u0131k \u00fcslubuyla okuyanlar\u0131n y\u00fcre\u011fine dokunurken bin bir zorluk i\u00e7inde kurulan sobal\u0131 evleri, eski kundurac\u0131lar\u0131, son oyun \u015fakalar\u0131n\u0131, ho\u015fg\u00f6r\u00fc ve tahamm\u00fcl izleriyle bezeli eski mahallelerimizi hat\u0131rlat\u0131yor.<\/p>\n","protected":false},"excerpt":{"rendered":"<p>\u201cNe zaman verdim bu ismi hat\u0131rlam\u0131yorum. Palya\u00e7o\u2019nun G\u00fcnl\u00fc\u011f\u00fc. Tahminen k\u0131rk be\u015f y\u0131ld\u0131r yaz\u0131yorum. K\u00fc\u00e7\u00fck k\u00fc\u00e7\u00fck notlar. Bazen tek sat\u0131r, bazen sayfalarca. Da\u011f\u0131n\u0131k zaman dilimlerinden da\u011f\u0131n\u0131k c\u00fcmleler.<span class=\"excerpt-hellip\"> [\u2026]<\/span><\/p>\n","protected":false},"featured_media":0,"template":"","meta":{"_monsterinsights_skip_tracking":false,"_monsterinsights_sitenote_active":false,"_monsterinsights_sitenote_note":"","_monsterinsights_sitenote_category":0},"product_brand":[],"product_cat":[12777,12291],"product_tag":[],"class_list":{"0":"post-736309","1":"product","2":"type-product","3":"status-publish","5":"product_cat-deneme","6":"product_cat-edebiyat","7":"pa_cilt-ciltsiz","8":"pa_tur-kitap","9":"pa_yayinevi-inkilap-kitabevi","10":"pa_yazar-cem-davran","12":"first","13":"instock","14":"sale","15":"shipping-taxable","16":"purchasable","17":"product-type-simple"},"_links":{"self":[{"href":"https:\/\/roveyayinevi.com.tr\/index.php\/wp-json\/wp\/v2\/product\/736309","targetHints":{"allow":["GET"]}}],"collection":[{"href":"https:\/\/roveyayinevi.com.tr\/index.php\/wp-json\/wp\/v2\/product"}],"about":[{"href":"https:\/\/roveyayinevi.com.tr\/index.php\/wp-json\/wp\/v2\/types\/product"}],"wp:attachment":[{"href":"https:\/\/roveyayinevi.com.tr\/index.php\/wp-json\/wp\/v2\/media?parent=736309"}],"wp:term":[{"taxonomy":"product_brand","embeddable":true,"href":"https:\/\/roveyayinevi.com.tr\/index.php\/wp-json\/wp\/v2\/product_brand?post=736309"},{"taxonomy":"product_cat","embeddable":true,"href":"https:\/\/roveyayinevi.com.tr\/index.php\/wp-json\/wp\/v2\/product_cat?post=736309"},{"taxonomy":"product_tag","embeddable":true,"href":"https:\/\/roveyayinevi.com.tr\/index.php\/wp-json\/wp\/v2\/product_tag?post=736309"}],"curies":[{"name":"wp","href":"https:\/\/api.w.org\/{rel}","templated":true}]}}