{"id":736307,"date":"2025-08-27T23:05:15","date_gmt":"2025-08-27T20:05:15","guid":{"rendered":"https:\/\/roveyayinevi.com.tr\/index.php\/urun\/eski-prag-oykuleri\/"},"modified":"2026-04-16T02:44:57","modified_gmt":"2026-04-15T23:44:57","slug":"eski-prag-oykuleri","status":"publish","type":"product","link":"https:\/\/roveyayinevi.com.tr\/index.php\/urun\/eski-prag-oykuleri\/","title":{"rendered":"Eski Prag \u00d6yk\u00fcleri"},"content":{"rendered":"<p>19. y\u00fczy\u0131l\u0131n renkli Prag\u2019\u0131ndan be\u015f derin, ironik \u00f6yk\u00fc: \u00c7ek \u015fair ve gazeteci Jan Neruda\u2019n\u0131n ilk kez 1878\u2019de kitapla\u015fan Eski Prag \u00d6yk\u00fcleri, bizi tarih\u00ee kent merkezinin en pitoresk mahallesinde gezdiriyor. B\u00fcy\u00fcl\u00fc Prag\u2019\u0131n dolamba\u00e7l\u0131 sokaklar\u0131, arnavutkald\u0131r\u0131mlar\u0131, vakur aristokrat saraylar\u0131, g\u00f6rkemli kiliseleri aras\u0131nda dola\u015f\u0131rken, amans\u0131z rakipler olarak otuz y\u0131l\u0131 deviren Bay Ry\u0161\u00e1nek ile Bay Schlegl\u2019in rekabetine ortak oluyor, tek bir hastaya bile dokunmamas\u0131yla nam salan Doktor Heribert\u2019le tan\u0131\u015f\u0131yoruz. Neruda\u2019n\u0131n \u00f6yk\u00fclerinde \u00f6l\u00fcms\u00fczle\u015fen yaln\u0131zca insanlar de\u011fil; kent de onlarla beraber \u00f6l\u00fcms\u00fczl\u00fck iksirini i\u00e7iyor. Prag\u2019\u0131n en ikonik semti Mal\u00e1 Strana\u2019da ge\u00e7en bu \u00f6yk\u00fcler, kent sakinlerinin g\u00fcnl\u00fck ya\u015fam\u0131ndan ger\u00e7ek resimler sunuyor. Eski Prag \u00d6yk\u00fcleri, \u00c7ek edebiyat\u0131n\u0131n vazge\u00e7ilmezlerinden biri. <\/p>\n","protected":false},"excerpt":{"rendered":"<p>19. y\u00fczy\u0131l\u0131n renkli Prag\u2019\u0131ndan be\u015f derin, ironik \u00f6yk\u00fc: \u00c7ek \u015fair ve gazeteci Jan Neruda\u2019n\u0131n ilk kez 1878\u2019de kitapla\u015fan Eski Prag \u00d6yk\u00fcleri, bizi tarih\u00ee kent merkezinin en<span class=\"excerpt-hellip\"> [\u2026]<\/span><\/p>\n","protected":false},"featured_media":0,"template":"","meta":{"_monsterinsights_skip_tracking":false,"_monsterinsights_sitenote_active":false,"_monsterinsights_sitenote_note":"","_monsterinsights_sitenote_category":0},"product_brand":[],"product_cat":[12291,12711],"product_tag":[],"class_list":{"0":"post-736307","1":"product","2":"type-product","3":"status-publish","5":"product_cat-edebiyat","6":"product_cat-roman-oyku","7":"pa_cilt-ciltsiz","8":"pa_tur-kitap","9":"pa_yayinevi-can-yayinlari","10":"pa_yazar-jan-neruda","12":"first","13":"instock","14":"sale","15":"shipping-taxable","16":"purchasable","17":"product-type-simple"},"_links":{"self":[{"href":"https:\/\/roveyayinevi.com.tr\/index.php\/wp-json\/wp\/v2\/product\/736307","targetHints":{"allow":["GET"]}}],"collection":[{"href":"https:\/\/roveyayinevi.com.tr\/index.php\/wp-json\/wp\/v2\/product"}],"about":[{"href":"https:\/\/roveyayinevi.com.tr\/index.php\/wp-json\/wp\/v2\/types\/product"}],"wp:attachment":[{"href":"https:\/\/roveyayinevi.com.tr\/index.php\/wp-json\/wp\/v2\/media?parent=736307"}],"wp:term":[{"taxonomy":"product_brand","embeddable":true,"href":"https:\/\/roveyayinevi.com.tr\/index.php\/wp-json\/wp\/v2\/product_brand?post=736307"},{"taxonomy":"product_cat","embeddable":true,"href":"https:\/\/roveyayinevi.com.tr\/index.php\/wp-json\/wp\/v2\/product_cat?post=736307"},{"taxonomy":"product_tag","embeddable":true,"href":"https:\/\/roveyayinevi.com.tr\/index.php\/wp-json\/wp\/v2\/product_tag?post=736307"}],"curies":[{"name":"wp","href":"https:\/\/api.w.org\/{rel}","templated":true}]}}