{"id":736302,"date":"2025-08-27T23:05:09","date_gmt":"2025-08-27T20:05:09","guid":{"rendered":"https:\/\/roveyayinevi.com.tr\/index.php\/urun\/din-ve-piyasa-ahlaki\/"},"modified":"2026-04-16T02:44:57","modified_gmt":"2026-04-15T23:44:57","slug":"din-ve-piyasa-ahlaki","status":"publish","type":"product","link":"https:\/\/roveyayinevi.com.tr\/index.php\/urun\/din-ve-piyasa-ahlaki\/","title":{"rendered":"Din ve Piyasa Ahlak\u0131"},"content":{"rendered":"<p>Berlin Duvar\u0131&#8217;n\u0131n y\u0131k\u0131lmas\u0131ndan bu yana, piyasa ilkelerinin genel olarak be\u015fer\u00ee eylemlere uygulanmas\u0131 gerekti\u011fini i\u00e7eren ve piyasay\u0131 be\u015fer\u00ee prati\u011fin \u00f6zerk bir alan\u0131 olarak g\u00f6ren ekonomik ideolojiler yayg\u0131n bir \u015fekilde kabul g\u00f6rmektedir. 2008 finansal krizinin hemen sonras\u0131nda piyasa mant\u0131\u011f\u0131n\u0131n y\u00fckseli\u015fine, finansal piyasalarda reform ve ekonomik uygulamada ahlaki de\u011ferlerin dikkate al\u0131nmas\u0131 \u00e7a\u011fr\u0131lar\u0131 ile kar\u015f\u0131 \u00e7\u0131k\u0131lm\u0131\u015ft\u0131r. Bu kitap, neoliberal piyasa uygulamalar\u0131n\u0131n yeni dindarl\u0131k bi\u00e7imlerini nas\u0131l olu\u015fturdu\u011funu ve dindarl\u0131\u011f\u0131n ekonomik eylemleri nas\u0131l \u015fekillendirdi\u011fini g\u00f6stererek bu tart\u0131\u015fmalara d\u00e2hil olmaktad\u0131r. Din\u00ee hareketler ile \u00f6rg\u00fctlerin piyasa mant\u0131\u011f\u0131n\u0131n artan \u00f6nemine, \u00f6ng\u00f6r\u00fclemeyen ve kimi zaman da mant\u0131ks\u0131z yollara ba\u015fvurmak suretiyle nas\u0131l tepki verdi\u011fini ortaya koymaktad\u0131r. Kitap, farkl\u0131 \u00fclkelerden ve din\u00ee geleneklerden bir dizi \u00f6rnekler kullanarak, din\u00ee ahlak ve piyasa ahlak\u0131n\u0131n \u00e7e\u015fitli k\u00fcresel ba\u011flamlarda yak\u0131ndan \u00f6rt\u00fc\u015ft\u00fc\u011f\u00fc say\u0131s\u0131z yolu g\u00f6stermektedir. <\/p>\n","protected":false},"excerpt":{"rendered":"<p>Berlin Duvar\u0131&#8217;n\u0131n y\u0131k\u0131lmas\u0131ndan bu yana, piyasa ilkelerinin genel olarak be\u015fer\u00ee eylemlere uygulanmas\u0131 gerekti\u011fini i\u00e7eren ve piyasay\u0131 be\u015fer\u00ee prati\u011fin \u00f6zerk bir alan\u0131 olarak g\u00f6ren ekonomik ideolojiler yayg\u0131n<span class=\"excerpt-hellip\"> [\u2026]<\/span><\/p>\n","protected":false},"featured_media":0,"template":"","meta":{"_monsterinsights_skip_tracking":false,"_monsterinsights_sitenote_active":false,"_monsterinsights_sitenote_note":"","_monsterinsights_sitenote_category":0},"product_brand":[],"product_cat":[17249,13043],"product_tag":[],"class_list":{"0":"post-736302","1":"product","2":"type-product","3":"status-publish","5":"product_cat-borsa-finans","6":"product_cat-ekonomi","7":"pa_cilt-ciltsiz","8":"pa_tur-kitap","9":"pa_yayinevi-albaraka-yayinlari","10":"pa_yazar-filippo-osella-daromir-rudnyckyj","12":"first","13":"instock","14":"sale","15":"shipping-taxable","16":"purchasable","17":"product-type-simple"},"_links":{"self":[{"href":"https:\/\/roveyayinevi.com.tr\/index.php\/wp-json\/wp\/v2\/product\/736302","targetHints":{"allow":["GET"]}}],"collection":[{"href":"https:\/\/roveyayinevi.com.tr\/index.php\/wp-json\/wp\/v2\/product"}],"about":[{"href":"https:\/\/roveyayinevi.com.tr\/index.php\/wp-json\/wp\/v2\/types\/product"}],"wp:attachment":[{"href":"https:\/\/roveyayinevi.com.tr\/index.php\/wp-json\/wp\/v2\/media?parent=736302"}],"wp:term":[{"taxonomy":"product_brand","embeddable":true,"href":"https:\/\/roveyayinevi.com.tr\/index.php\/wp-json\/wp\/v2\/product_brand?post=736302"},{"taxonomy":"product_cat","embeddable":true,"href":"https:\/\/roveyayinevi.com.tr\/index.php\/wp-json\/wp\/v2\/product_cat?post=736302"},{"taxonomy":"product_tag","embeddable":true,"href":"https:\/\/roveyayinevi.com.tr\/index.php\/wp-json\/wp\/v2\/product_tag?post=736302"}],"curies":[{"name":"wp","href":"https:\/\/api.w.org\/{rel}","templated":true}]}}