{"id":736296,"date":"2025-08-27T23:05:04","date_gmt":"2025-08-27T20:05:04","guid":{"rendered":"https:\/\/roveyayinevi.com.tr\/index.php\/urun\/miratul-kainat-kainatin-aynasi\/"},"modified":"2026-04-16T02:44:57","modified_gmt":"2026-04-15T23:44:57","slug":"miratul-kainat-kainatin-aynasi","status":"publish","type":"product","link":"https:\/\/roveyayinevi.com.tr\/index.php\/urun\/miratul-kainat-kainatin-aynasi\/","title":{"rendered":"Mir&#8217;at\u00fc&#8217;l-Kainat (Kainat\u0131n Aynas\u0131)"},"content":{"rendered":"<p>Mir&#8217;at\u00fc&#8217;l-Kainat (Kainat\u0131n Aynas\u0131)<\/p>\n","protected":false},"excerpt":{"rendered":"<p>Mir&#8217;at\u00fc&#8217;l-Kainat (Kainat\u0131n Aynas\u0131)<\/p>\n","protected":false},"featured_media":0,"template":"","meta":{"_monsterinsights_skip_tracking":false,"_monsterinsights_sitenote_active":false,"_monsterinsights_sitenote_note":"","_monsterinsights_sitenote_category":0},"product_brand":[],"product_cat":[12573,12566],"product_tag":[],"class_list":{"0":"post-736296","1":"product","2":"type-product","3":"status-publish","5":"product_cat-akademik-kitaplar","6":"product_cat-egitim","7":"pa_cilt-ciltsiz","8":"pa_tur-kitap","9":"pa_yayinevi-soncag-akademik-kitaplar","10":"pa_yazar-soncag-kolektif","12":"first","13":"instock","14":"sale","15":"shipping-taxable","16":"purchasable","17":"product-type-simple"},"_links":{"self":[{"href":"https:\/\/roveyayinevi.com.tr\/index.php\/wp-json\/wp\/v2\/product\/736296","targetHints":{"allow":["GET"]}}],"collection":[{"href":"https:\/\/roveyayinevi.com.tr\/index.php\/wp-json\/wp\/v2\/product"}],"about":[{"href":"https:\/\/roveyayinevi.com.tr\/index.php\/wp-json\/wp\/v2\/types\/product"}],"wp:attachment":[{"href":"https:\/\/roveyayinevi.com.tr\/index.php\/wp-json\/wp\/v2\/media?parent=736296"}],"wp:term":[{"taxonomy":"product_brand","embeddable":true,"href":"https:\/\/roveyayinevi.com.tr\/index.php\/wp-json\/wp\/v2\/product_brand?post=736296"},{"taxonomy":"product_cat","embeddable":true,"href":"https:\/\/roveyayinevi.com.tr\/index.php\/wp-json\/wp\/v2\/product_cat?post=736296"},{"taxonomy":"product_tag","embeddable":true,"href":"https:\/\/roveyayinevi.com.tr\/index.php\/wp-json\/wp\/v2\/product_tag?post=736296"}],"curies":[{"name":"wp","href":"https:\/\/api.w.org\/{rel}","templated":true}]}}