{"id":736294,"date":"2025-08-27T23:05:03","date_gmt":"2025-08-27T20:05:03","guid":{"rendered":"https:\/\/roveyayinevi.com.tr\/index.php\/urun\/yeniden-yapilandirma-boyutuyla-pozitif-orgutsel-davranis\/"},"modified":"2025-11-21T07:28:35","modified_gmt":"2025-11-21T04:28:35","slug":"yeniden-yapilandirma-boyutuyla-pozitif-orgutsel-davranis","status":"publish","type":"product","link":"https:\/\/roveyayinevi.com.tr\/index.php\/urun\/yeniden-yapilandirma-boyutuyla-pozitif-orgutsel-davranis\/","title":{"rendered":"Yeniden Yap\u0131land\u0131rma Boyutuyla &#8211; Pozitif \u00d6rg\u00fctsel Davran\u0131\u015f"},"content":{"rendered":"<p>1.      B\u00d6L\u00dcM: Pozitif \u00d6rg\u00fctsel Davran\u0131\u015f 2.      B\u00d6L\u00dcM: Pozitif \u00d6rg\u00fctsel Davran\u0131\u015f\u0131n Boyutlar\u0131 3.      B\u00d6L\u00dcM: Pozitif \u00d6rg\u00fctsel Davran\u0131\u015f Kriterleri 4.      B\u00d6L\u00dcM: Pozitif \u00d6rg\u00fctsel Davran\u0131\u015f\u0131n \u0130\u015fletmelere Etkileri 5.      B\u00d6L\u00dcM: Yeniden Yap\u0131land\u0131rma 6.      B\u00d6L\u00dcM: Yeniden Yap\u0131land\u0131rma ile Pozitif \u00d6rg\u00fctsel Davran\u0131\u015f \u0130li\u015fkisi <\/p>\n","protected":false},"excerpt":{"rendered":"<p>1. B\u00d6L\u00dcM: Pozitif \u00d6rg\u00fctsel Davran\u0131\u015f 2. B\u00d6L\u00dcM: Pozitif \u00d6rg\u00fctsel Davran\u0131\u015f\u0131n Boyutlar\u0131 3. B\u00d6L\u00dcM: Pozitif \u00d6rg\u00fctsel Davran\u0131\u015f Kriterleri 4. B\u00d6L\u00dcM: Pozitif \u00d6rg\u00fctsel Davran\u0131\u015f\u0131n \u0130\u015fletmelere Etkileri 5. B\u00d6L\u00dcM:<span class=\"excerpt-hellip\"> [\u2026]<\/span><\/p>\n","protected":false},"featured_media":0,"template":"","meta":{"_monsterinsights_skip_tracking":false,"_monsterinsights_sitenote_active":false,"_monsterinsights_sitenote_note":"","_monsterinsights_sitenote_category":0},"product_brand":[],"product_cat":[20333,13043],"product_tag":[],"class_list":{"0":"post-736294","1":"product","2":"type-product","3":"status-publish","5":"product_cat-diger-ekonomi","6":"product_cat-ekonomi","7":"pa_cilt-ciltsiz","8":"pa_tur-kitap","9":"pa_yayinevi-gazi-kitabevi","10":"pa_yazar-nuran-varisli","12":"first","13":"instock","14":"sale","15":"shipping-taxable","16":"purchasable","17":"product-type-simple"},"_links":{"self":[{"href":"https:\/\/roveyayinevi.com.tr\/index.php\/wp-json\/wp\/v2\/product\/736294","targetHints":{"allow":["GET"]}}],"collection":[{"href":"https:\/\/roveyayinevi.com.tr\/index.php\/wp-json\/wp\/v2\/product"}],"about":[{"href":"https:\/\/roveyayinevi.com.tr\/index.php\/wp-json\/wp\/v2\/types\/product"}],"wp:attachment":[{"href":"https:\/\/roveyayinevi.com.tr\/index.php\/wp-json\/wp\/v2\/media?parent=736294"}],"wp:term":[{"taxonomy":"product_brand","embeddable":true,"href":"https:\/\/roveyayinevi.com.tr\/index.php\/wp-json\/wp\/v2\/product_brand?post=736294"},{"taxonomy":"product_cat","embeddable":true,"href":"https:\/\/roveyayinevi.com.tr\/index.php\/wp-json\/wp\/v2\/product_cat?post=736294"},{"taxonomy":"product_tag","embeddable":true,"href":"https:\/\/roveyayinevi.com.tr\/index.php\/wp-json\/wp\/v2\/product_tag?post=736294"}],"curies":[{"name":"wp","href":"https:\/\/api.w.org\/{rel}","templated":true}]}}