{"id":736292,"date":"2025-08-27T23:05:02","date_gmt":"2025-08-27T20:05:02","guid":{"rendered":"https:\/\/roveyayinevi.com.tr\/index.php\/urun\/teori-ve-uygulamada-kamu-yonetimi-ve-siyaset-alaninda-yasanan-bilimsel-gelismeler\/"},"modified":"2026-04-16T02:44:57","modified_gmt":"2026-04-15T23:44:57","slug":"teori-ve-uygulamada-kamu-yonetimi-ve-siyaset-alaninda-yasanan-bilimsel-gelismeler","status":"publish","type":"product","link":"https:\/\/roveyayinevi.com.tr\/index.php\/urun\/teori-ve-uygulamada-kamu-yonetimi-ve-siyaset-alaninda-yasanan-bilimsel-gelismeler\/","title":{"rendered":"Teori ve Uygulamada Kamu Y\u00f6netimi ve Siyaset Alan\u0131nda Ya\u015fanan Bilimsel Geli\u015fmeler"},"content":{"rendered":"<p>\u00b7         On Democracy \u00b7         Effects of Industry 4.0 on Organizational Processes \u00b7         Kamu Y\u00f6netimi Ara\u015ft\u0131rmalar\u0131nda Kar\u015f\u0131la\u015ft\u0131rmal\u0131 Analiz Y\u00f6ntemi: Potansiyel ve Sorunlar \u00b7         Kamu Y\u00f6netiminin Dijitalle\u015fmesi: Kamuda B\u00fcy\u00fck Veri Kullan\u0131m\u0131 \u00b7         Kamu Y\u00f6netiminde D\u00f6n\u00fc\u015f\u00fcm ve E\u011fitim Sisteminde Y\u00f6neticilerin Yeni Rol\u00fc: \u00d6\u011fretim Liderli\u011fi \u00b7         Geleneksel Kamu Y\u00f6netiminden Yeni Kamu Hizmeti Yakla\u015f\u0131m\u0131na: Kar\u015f\u0131la\u015ft\u0131rmal\u0131 Bir Analiz \u00b7         T\u00fcrk Kamu Y\u00f6netiminde Mahrumiyet B\u00f6lgesi: Kavramsal Bir Analiz \u00b7         Konu Y\u00f6netimi Perspektifinden T\u00fcrk Kamu Y\u00f6netiminde Uyu\u015fturucu ile M\u00fccadele Politikas\u0131n\u0131n De\u011ferlendirilmesi \u00b7         Ola\u011fan\u00fcst\u00fc D\u00f6nemlerde Kamu Hizmetlerinin Etkin Y\u00f6netimine Y\u00f6nelik Bir Politika \u00d6nerisi \u00b7         Yeni Kamu \u0130\u015fletmecili\u011fi Sonras\u0131: Yeni Kamu Hizmeti ve Yeni Kamu Y\u00f6neti\u015fimi   Paradigmalar\u0131n\u0131n Kar\u015f\u0131la\u015ft\u0131r\u0131lmas\u0131 \u00b7         Kamu  Kurumlar\u0131nda Bili\u015fim Teknolojilerinin Benimsenmesi ve Ba\u015far\u0131s\u0131 \u00d6l\u00e7e\u011finin Geli\u015ftirilmesi: Ge\u00e7erlilik ve G\u00fcvenilirlik \u00b7         Bilgi ve \u0130leti\u015fim Teknolojileri Kapsam\u0131nda Kamu Y\u00f6netiminin D\u00f6n\u00fc\u015f\u00fcm\u00fc: Kamu Hizmetlerinde Yapay Zeka Uygulamalar\u0131 \u00b7         Siyasal \u0130leti\u015fim Ba\u011flam\u0131nda Siyasal Manip\u00fclasyonun De\u011ferlendirilmesi \u00b7         \u00c7a\u011f\u0131m\u0131z\u0131n Min\u00f6r Siyaset Bi\u00e7imleri \u00dczerine Bir \u0130nceleme: T\u00fcrkiye \u00d6rne\u011fi \u00b7         Askeri Elitler ve T\u00fcrk Siyasi Hayat\u0131na Etkileri: Askeri Bir Bak\u0131\u015f A\u00e7\u0131s\u0131yla De\u011ferlendirme \u00b7         Duvar Gelene\u011finin Siyasal-Toplumsal Kar\u015f\u0131l\u0131\u011f\u0131 \u00dczerine \u00b7         1982 Anayasas\u0131nda \u0130dare Olgusu \u00b7         Feminist Vatanda\u015fl\u0131k Teorisinin, Liberal ve Cumhuriyet\u00e7i Vatanda\u015fl\u0131k Teorisi ile Kesi\u015fti\u011fi ve Ayr\u0131\u015ft\u0131\u011f\u0131 Noktalar \u00b7         \u0130nsan Kaynaklar\u0131 Y\u00f6netiminde Cinsiyet Farkl\u0131l\u0131\u011f\u0131n\u0131 Y\u00f6netebilmek \u00b7         Covid-19 Pandemisinin E\u011fitim Politikalar\u0131na Ulusal D\u00fczeyde Etkileri \u00b7         Koronavir\u00fcs S\u00fcrecinde Demografik \u00d6zellikler A\u00e7\u0131s\u0131ndan Benlik Sayg\u0131s\u0131: Bitlis Devlet Hastanesi Sa\u011fl\u0131k Meslek Mensuplar\u0131 \u00b7         T\u00fcrkiye, \u0130talya, Amerika Birle\u015fik Devletleri(ABD) ve Almanya \u00d6rnekleri \u00dczerinden \u00dcniter ve Federal Devlet Sistemlerindeki Yerel Y\u00f6netimlerin Covid-19 ile M\u00fccadele Y\u00f6ntemleri T\u00fcrkiye\u2019de 6360 Say\u0131l\u0131 Yasa Kapsam\u0131nda Mahalle ve K\u00f6y Y\u00f6netiminde Ya\u015fanan De\u011fi\u015fim ve D\u00f6n\u00fc\u015f\u00fcme \u0130l M\u00fclki Amirlerinin ve Belediye Ba\u015fkanlar\u0131n\u0131n Bak\u0131\u015f\u0131 \u00b7         T\u00fcrkiye\u2019de \u0130nsan Haklar\u0131n\u0131n Geli\u015fimi ve Kurumsalla\u015fma S\u00fcreci \u00b7         T\u00fcrkiye\u2019de \u00c7evre Y\u00f6netimi ve Merkez Te\u015fkilatlanmas\u0131n\u0131n D\u00f6n\u00fc\u015f\u00fcm\u00fc \u00b7         Se\u00e7kinlerin Dola\u015f\u0131m\u0131 Teorisi \u00c7er\u00e7evesinde Demokrat Parti D\u00f6neminde Merkez-\u00c7evre \u0130li\u015fkileri \u0130stanbul\u2019da Soylula\u015ft\u0131rman\u0131n Sosyo-K\u00fclt\u00fcrel Etkileri: Poligon Mahallesi \u00d6rne\u011fi \u00b7         Klasik Liberalizmin \u00d6zg\u00fcrl\u00fck Anlay\u0131\u015f\u0131 ile Liberteryenizmin \u00d6zg\u00fcrl\u00fck Anlay\u0131\u015f\u0131n\u0131n Kar\u015f\u0131la\u015ft\u0131r\u0131lmas\u0131 \u00b7         Bar\u0131\u015f\u0131n \u0130n\u015fas\u0131 Ba\u011flam\u0131nda Ye\u015fil Teorinin Geli\u015fimi ve Birle\u015fmi\u015f Milletlerin Rol\u00fc \u00b7         Modern D\u00fcnyan\u0131n Kentsel K\u00f6kenleri \u00dczerine: Avrupa\u2019da Ticaret Kentlerinin Y\u00fckseli\u015fi ve \u00c7\u00f6k\u00fc\u015f\u00fc \u00b7         1980 Sonras\u0131 T\u00fcrkiye\u2019nin Kentsel D\u00f6n\u00fc\u015f\u00fcm Politikas\u0131 \u00b7         \u0130klim De\u011fi\u015fikli\u011finin Savunmas\u0131z\/K\u0131r\u0131lgan Gruplar Ba\u011flam\u0131nda Halk Sa\u011fl\u0131\u011f\u0131 A\u00e7\u0131s\u0131ndan Ortaya \u00c7\u0131kard\u0131\u011f\u0131 Sorunlar   <\/p>\n","protected":false},"excerpt":{"rendered":"<p>\u00b7 On Democracy \u00b7 Effects of Industry 4.0 on Organizational Processes \u00b7 Kamu Y\u00f6netimi Ara\u015ft\u0131rmalar\u0131nda Kar\u015f\u0131la\u015ft\u0131rmal\u0131 Analiz Y\u00f6ntemi: Potansiyel ve Sorunlar \u00b7 Kamu Y\u00f6netiminin Dijitalle\u015fmesi: Kamuda<span class=\"excerpt-hellip\"> [\u2026]<\/span><\/p>\n","protected":false},"featured_media":0,"template":"","meta":{"_monsterinsights_skip_tracking":false,"_monsterinsights_sitenote_active":false,"_monsterinsights_sitenote_note":"","_monsterinsights_sitenote_category":0},"product_brand":[],"product_cat":[20333,13043],"product_tag":[],"class_list":{"0":"post-736292","1":"product","2":"type-product","3":"status-publish","5":"product_cat-diger-ekonomi","6":"product_cat-ekonomi","7":"pa_cilt-ciltsiz","8":"pa_tur-kitap","9":"pa_yayinevi-gazi-kitabevi","10":"pa_yazar-sahin-karabulut","12":"first","13":"instock","14":"sale","15":"shipping-taxable","16":"purchasable","17":"product-type-simple"},"_links":{"self":[{"href":"https:\/\/roveyayinevi.com.tr\/index.php\/wp-json\/wp\/v2\/product\/736292","targetHints":{"allow":["GET"]}}],"collection":[{"href":"https:\/\/roveyayinevi.com.tr\/index.php\/wp-json\/wp\/v2\/product"}],"about":[{"href":"https:\/\/roveyayinevi.com.tr\/index.php\/wp-json\/wp\/v2\/types\/product"}],"wp:attachment":[{"href":"https:\/\/roveyayinevi.com.tr\/index.php\/wp-json\/wp\/v2\/media?parent=736292"}],"wp:term":[{"taxonomy":"product_brand","embeddable":true,"href":"https:\/\/roveyayinevi.com.tr\/index.php\/wp-json\/wp\/v2\/product_brand?post=736292"},{"taxonomy":"product_cat","embeddable":true,"href":"https:\/\/roveyayinevi.com.tr\/index.php\/wp-json\/wp\/v2\/product_cat?post=736292"},{"taxonomy":"product_tag","embeddable":true,"href":"https:\/\/roveyayinevi.com.tr\/index.php\/wp-json\/wp\/v2\/product_tag?post=736292"}],"curies":[{"name":"wp","href":"https:\/\/api.w.org\/{rel}","templated":true}]}}