{"id":736290,"date":"2025-08-27T23:05:00","date_gmt":"2025-08-27T20:05:00","guid":{"rendered":"https:\/\/roveyayinevi.com.tr\/index.php\/urun\/isletme-biliminde-kuramsal-ve-pratik-pazarlama-konulari\/"},"modified":"2026-04-16T02:44:56","modified_gmt":"2026-04-15T23:44:56","slug":"isletme-biliminde-kuramsal-ve-pratik-pazarlama-konulari","status":"publish","type":"product","link":"https:\/\/roveyayinevi.com.tr\/index.php\/urun\/isletme-biliminde-kuramsal-ve-pratik-pazarlama-konulari\/","title":{"rendered":"\u0130\u015fletme Biliminde Kuramsal ve Pratik Pazarlama Konular\u0131"},"content":{"rendered":"<p>\u00b7         Cuteness Marketing in Terms of Consumer Behavior and Personality \u00b7         New Customer Experiences in the Reality of Covid-19 Pandemic \u00b7         Social Marketing Interventions on Public Health \u00b7         Social Marketing Research Scope on The New Era: A Bibliometric Study \u00b7         To Buy or Not to Buy Second-Hand Branded Products: Concerns on Counterfeit Products Sold at the E-Commerce Market \u00b7         Soylula\u015ft\u0131rma \u00b7         Retro Pazarlama \u00b7         Uluslararas\u0131 Pazarda \u00dcr\u00fcn Geri \u00c7a\u011f\u0131rma \u00b7         Siyasal Pazarda Z Ku\u015fa\u011f\u0131 Se\u00e7menler: F\u0131rsat ve Tehditler \u00b7         Almanya\u2019da Hasta, Ya\u015fl\u0131 ve Engelli Bak\u0131m Hizmetleri \u00b7         Dijital ve Mobil Pazarlama Ba\u011flam\u0131nda \u0130zinli Pazarlamay\u0131 Yeniden D\u00fc\u015f\u00fcnmek \u00b7         Online Hizmetlerde Pazarlama Anlay\u0131\u015f\u0131 \u00b7         Hizmet Hatalar\u0131 ve Telafisinde Kullan\u0131labilecek Stratejiler \u00b7         \u0130\u015f Pazar\u0131ndaki M\u00fc\u015fteri \u0130li\u015fkileri Y\u00f6netiminde Sosyal Medya Ara\u00e7lar\u0131n\u0131n Kullan\u0131m\u0131 \u00b7         Kurumsal Sosyal Sorumluluk Faaliyetleri: Bir Lojistik \u0130\u015fletmesi Olan Arkas Holding (1902) \u00d6rne\u011fi \u00b7         T\u00fcketici Yabanc\u0131la\u015fmas\u0131 \u00b7         T\u00fcketici Marka \u0130li\u015fkileri ve Marka \u0130hlalleri \u00b7         T\u00fcketicilerin Gsm Operat\u00f6r\u00fc Tercihlerinde Demografik \u00d6zelliklerin Etkisi \u00b7         T\u00fcketicilerin S\u00fcrd\u00fcr\u00fclebilir Modaya Y\u00f6nelik Tutum ve Davran\u0131\u015flar\u0131n\u0131n De\u011ferlendirilmesi \u00b7         Geli\u015fmeleri Ka\u00e7\u0131rma Korkusu (FOMO)\u2019nun Pazarlama Alan\u0131ndaki Kullan\u0131m\u0131 ve T\u00fcketici Davran\u0131\u015flar\u0131na Yans\u0131malar\u0131 \u00b7         T\u00fcketicilerin Sinizm D\u00fczeyleri ve Sat\u0131n Alma Niyetlerine Etkisinde E-Wom\u2019un D\u00fczenleyici Rol\u00fc \u00b7         Co\u011frafi \u0130\u015faretli \u00dcr\u00fcnlerin \u0130\u00e7erik Markalama Stratejisi Ba\u011flam\u0131nda Kullan\u0131m\u0131na Y\u00f6nelik Bir Ara\u015ft\u0131rma \u00b7         \u0130\u015fletmelerde Ye\u015fil \u0130nsan Kaynaklar\u0131 Y\u00f6netimi \u00b7         Toplumsal ve K\u00fclt\u00fcrel De\u011ferlerin Sat\u0131n Alma Niyetine Etkisi   <\/p>\n","protected":false},"excerpt":{"rendered":"<p>\u00b7 Cuteness Marketing in Terms of Consumer Behavior and Personality \u00b7 New Customer Experiences in the Reality of Covid-19 Pandemic \u00b7 Social Marketing Interventions on Public<span class=\"excerpt-hellip\"> [\u2026]<\/span><\/p>\n","protected":false},"featured_media":0,"template":"","meta":{"_monsterinsights_skip_tracking":false,"_monsterinsights_sitenote_active":false,"_monsterinsights_sitenote_note":"","_monsterinsights_sitenote_category":0},"product_brand":[],"product_cat":[13043,14381],"product_tag":[],"class_list":{"0":"post-736290","1":"product","2":"type-product","3":"status-publish","5":"product_cat-ekonomi","6":"product_cat-isletme-muhasebe-maliye","7":"pa_cilt-ciltsiz","8":"pa_tur-kitap","9":"pa_yayinevi-gazi-kitabevi","10":"pa_yazar-sahin-karabulut","12":"first","13":"instock","14":"sale","15":"shipping-taxable","16":"purchasable","17":"product-type-simple"},"_links":{"self":[{"href":"https:\/\/roveyayinevi.com.tr\/index.php\/wp-json\/wp\/v2\/product\/736290","targetHints":{"allow":["GET"]}}],"collection":[{"href":"https:\/\/roveyayinevi.com.tr\/index.php\/wp-json\/wp\/v2\/product"}],"about":[{"href":"https:\/\/roveyayinevi.com.tr\/index.php\/wp-json\/wp\/v2\/types\/product"}],"wp:attachment":[{"href":"https:\/\/roveyayinevi.com.tr\/index.php\/wp-json\/wp\/v2\/media?parent=736290"}],"wp:term":[{"taxonomy":"product_brand","embeddable":true,"href":"https:\/\/roveyayinevi.com.tr\/index.php\/wp-json\/wp\/v2\/product_brand?post=736290"},{"taxonomy":"product_cat","embeddable":true,"href":"https:\/\/roveyayinevi.com.tr\/index.php\/wp-json\/wp\/v2\/product_cat?post=736290"},{"taxonomy":"product_tag","embeddable":true,"href":"https:\/\/roveyayinevi.com.tr\/index.php\/wp-json\/wp\/v2\/product_tag?post=736290"}],"curies":[{"name":"wp","href":"https:\/\/api.w.org\/{rel}","templated":true}]}}