{"id":736288,"date":"2025-08-27T23:04:59","date_gmt":"2025-08-27T20:04:59","guid":{"rendered":"https:\/\/roveyayinevi.com.tr\/index.php\/urun\/yonetim-strateji-ve-organizasyon-alaninda-bilimsel-tartismalar\/"},"modified":"2026-04-16T02:44:56","modified_gmt":"2026-04-15T23:44:56","slug":"yonetim-strateji-ve-organizasyon-alaninda-bilimsel-tartismalar","status":"publish","type":"product","link":"https:\/\/roveyayinevi.com.tr\/index.php\/urun\/yonetim-strateji-ve-organizasyon-alaninda-bilimsel-tartismalar\/","title":{"rendered":"Y\u00f6netim, Strateji ve Organizasyon Alan\u0131nda Bilimsel Tart\u0131\u015fmalar"},"content":{"rendered":"<p>\u00b7         Stratejik Bilgi Y\u00f6netim Sistemleri \u00dczerine Bir \u0130nceleme \u00b7         Y\u00f6netim Bili\u015fim Sistemlerinin Stratejik Y\u00f6netim D\u00fczeyinde Etkileri \u00dczerine Bir \u0130nceleme Stratejik Y\u00f6netimde Gelece\u011fe Bak\u0131\u015f: Belediyelerin Stratejik Planlar\u0131 \u00dczerinden Bir \u0130nceleme Stratejik \u0130nsan Kaynaklar\u0131 Y\u00f6netiminin Ulusal Ba\u011flamda Geli\u015fimine Y\u00f6nelik Bir Analiz \u00b7         Y\u00f6netimde Alt\u0131 \u015eapka D\u00fc\u015f\u00fcnme Tekni\u011finin Kullan\u0131lmas\u0131 \u00b7         Y\u00f6netici Geli\u015ftirmede Y\u00f6netici E\u011fitiminin Rol\u00fc ve T\u00fcrkiye Uygulamalar\u0131 \u00b7         21. Y\u00fczy\u0131l Becerileri Ba\u011flam\u0131nda Y\u00f6neticilerin De\u011fi\u015fen Rollerinin \u00c7al\u0131\u015fan Alg\u0131lar\u0131na G\u00f6re \u0130ncelenmesi: \u0130stanbul \u0130li \u00d6rne\u011fi \u00b7         \u0130\u015f-Aile \u00c7at\u0131\u015fmas\u0131, T\u00fckenmi\u015flik ve Meslekten Ayr\u0131lma Niyeti Aras\u0131ndaki \u0130li\u015fki Lojistik Sekt\u00f6r\u00fc \u00c7al\u0131\u015fanlar\u0131 \u00dczerinde Bir \u00b7         Empowerment Strategy and Its Impact on Organizational Foresight \u00b7         \u0130\u015fkoliklik: \u00d6nc\u00fclleri ve Sonu\u00e7lar\u0131 \u00b7         Beyaz Yakal\u0131 \u00c7al\u0131\u015fanlar\u0131n Psikolojik Sermaye D\u00fczeylerine Y\u00f6nelik Betimsel Bir De\u011ferlendirme Kamu Y\u00f6netiminde Sosyal Refah\u0131n Yarat\u0131lmas\u0131nda Etik De\u011ferler, D\u00fcr\u00fcstl\u00fck ve G\u00fcven \u00c7arpanlar\u0131 \u00b7         \u00d6rg\u00fctlerde Davran\u0131\u015fa Anlam Vermek: Teorisyenler, Yakla\u015f\u0131mlar ve \u00d6ne \u00c7\u0131kan Temalar \u00d6rg\u00fctlerde Psikolojik Ayr\u0131lma: Bir Bibliyometrik Analiz \u00c7al\u0131\u015fmas\u0131 \u00b7         \u00d6rg\u00fctsel Vatanda\u015fl\u0131ktan Zorunlu Vatanda\u015fl\u0131\u011fa: Nedenler ve Sonu\u00e7lar \u00b7         \u00d6rg\u00fct Kuramlar\u0131n\u0131n \u201c\u00c7evre\u201d Tan\u0131mlar\u0131 \u00b7         Sosyal Kuramda Paradigmalar, \u00d6rg\u00fct Kuramlar\u0131 ve Davran\u0131\u015f\u00e7\u0131l\u0131k \u00b7         T\u00fcrkiye\u2019de Sa\u011fl\u0131k \u00c7al\u0131\u015fanlar\u0131n\u0131n \u00d6rg\u00fctsel Sinizmi \u00dczerine Bir \u0130\u00e7erik Analizi \u00b7         T\u00fcrkiye\u2019de Havac\u0131l\u0131\u011f\u0131n Gelece\u011fine Y\u00f6nelik Bir \u00d6ng\u00f6r\u00fcmleme \u00c7al\u0131\u015fmas\u0131 \u00b7         T\u00fcrkiye\u2019de Lojistik Sekt\u00f6r\u00fcn\u00fcn Geli\u015fimi: 2000-2021 D\u00f6nemi \u00b7         S\u00fcrd\u00fcr\u00fclebilir Bankac\u0131l\u0131k \u00c7er\u00e7evesinde T\u00fcrkiye\u2019deki Bankalar\u0131n Kar\u015f\u0131la\u015ft\u0131rmal\u0131 Olarak De\u011ferlendirilmesi \u00b7         \u0130\u015fletmelerde Uygulanan Yetenek Y\u00f6net\u0131\u0307m\u0131\u0307 S\u0131\u0307stemler\u0131\u0307 \u00b7         \u0130\u015fletmelerde Postmodern Feminist Tart\u0131\u015fmalar: Kad\u0131n ve Teknoloji \u00b7         \u0130\u015fletmelerde B\u00fcy\u00fck Ver \u0131\u0307 ve Anal \u0131\u0307 t\u0131\u0307k S \u0131\u0307 stemler\u0131\u0307n Kullan\u0131m\u0131n\u0131 Etk\u0131\u0307 leyen Fakt\u00f6rler \u00b7         Dinamik Yeteneklerin S\u00fcrd\u00fcr\u00fclebilirlik Faaliyetlerindeki \u00d6nemi \u00b7         \u015eirketler ve Ulusal \u0130\u015f Sistemi \u00d6l\u00e7e\u011finde Toplumsal Cinsiyet E\u015fitsizliklerinin \u00c7\u00f6z\u00fcm\u00fcne Y\u00f6nelik Teorik Bir Model \u00d6nerisi \u00b7         \u0130\u015f Ahlak\u0131 Yaz\u0131n\u0131nda Karanl\u0131k \u00dc\u00e7l\u00fc: Bir \u0130\u00e7erik Analizi \u00b7         Bilin\u00e7li Fark\u0131ndal\u0131\u011f\u0131n Ba\u011flamsal ve G\u00f6rev Performans\u0131 \u00dczerindeki Etkisi: Duygusal Zek\u00e2n\u0131n D\u00fczenleyicilik Rol\u00fc \u00b7         Payda\u015f Kapitalizmi \u00b7         Covid-19 S\u00fcrecinde Rekabet: De\u011fi\u015fen Ko\u015fullar, Yeni F\u0131rsatlar \u00b7         Davran\u0131\u015fsal \u0130\u00e7g\u00f6r\u00fc Yakla\u015f\u0131m\u0131 \u00b7         Examination of Organizational Behavior in Doctoral Thesis Studies: The Case of Turkey \u00b7         K\u00fcresel Is\u0131nma <\/p>\n","protected":false},"excerpt":{"rendered":"<p>\u00b7 Stratejik Bilgi Y\u00f6netim Sistemleri \u00dczerine Bir \u0130nceleme \u00b7 Y\u00f6netim Bili\u015fim Sistemlerinin Stratejik Y\u00f6netim D\u00fczeyinde Etkileri \u00dczerine Bir \u0130nceleme Stratejik Y\u00f6netimde Gelece\u011fe Bak\u0131\u015f: Belediyelerin Stratejik Planlar\u0131<span class=\"excerpt-hellip\"> [\u2026]<\/span><\/p>\n","protected":false},"featured_media":0,"template":"","meta":{"_monsterinsights_skip_tracking":false,"_monsterinsights_sitenote_active":false,"_monsterinsights_sitenote_note":"","_monsterinsights_sitenote_category":0},"product_brand":[],"product_cat":[13043,19008],"product_tag":[],"class_list":{"0":"post-736288","1":"product","2":"type-product","3":"status-publish","5":"product_cat-ekonomi","6":"product_cat-yonetim","7":"pa_cilt-ciltsiz","8":"pa_tur-kitap","9":"pa_yayinevi-gazi-kitabevi","10":"pa_yazar-sahin-karabulut","12":"first","13":"instock","14":"sale","15":"shipping-taxable","16":"purchasable","17":"product-type-simple"},"_links":{"self":[{"href":"https:\/\/roveyayinevi.com.tr\/index.php\/wp-json\/wp\/v2\/product\/736288","targetHints":{"allow":["GET"]}}],"collection":[{"href":"https:\/\/roveyayinevi.com.tr\/index.php\/wp-json\/wp\/v2\/product"}],"about":[{"href":"https:\/\/roveyayinevi.com.tr\/index.php\/wp-json\/wp\/v2\/types\/product"}],"wp:attachment":[{"href":"https:\/\/roveyayinevi.com.tr\/index.php\/wp-json\/wp\/v2\/media?parent=736288"}],"wp:term":[{"taxonomy":"product_brand","embeddable":true,"href":"https:\/\/roveyayinevi.com.tr\/index.php\/wp-json\/wp\/v2\/product_brand?post=736288"},{"taxonomy":"product_cat","embeddable":true,"href":"https:\/\/roveyayinevi.com.tr\/index.php\/wp-json\/wp\/v2\/product_cat?post=736288"},{"taxonomy":"product_tag","embeddable":true,"href":"https:\/\/roveyayinevi.com.tr\/index.php\/wp-json\/wp\/v2\/product_tag?post=736288"}],"curies":[{"name":"wp","href":"https:\/\/api.w.org\/{rel}","templated":true}]}}