{"id":736287,"date":"2025-08-27T23:04:57","date_gmt":"2025-08-27T20:04:57","guid":{"rendered":"https:\/\/roveyayinevi.com.tr\/index.php\/urun\/kizilmezra-katliaminda-istanbullu-kamilin-vasiyeti\/"},"modified":"2026-01-29T03:17:30","modified_gmt":"2026-01-29T00:17:30","slug":"kizilmezra-katliaminda-istanbullu-kamilin-vasiyeti","status":"publish","type":"product","link":"https:\/\/roveyayinevi.com.tr\/index.php\/urun\/kizilmezra-katliaminda-istanbullu-kamilin-vasiyeti\/","title":{"rendered":"K\u0131z\u0131lmezra Katliam\u0131&#8217;nda \u0130stanbullu Kamil&#8217;in Vasiyeti"},"content":{"rendered":"<p>\u201cBuralarda, neyin ne olaca\u011f\u0131 belli olmaz. Sessiz sakin bir g\u00fcn, dua etmek i\u00e7in g\u00fcne\u015fin ayd\u0131nlatt\u0131\u011f\u0131, masmavi g\u00f6ky\u00fcz\u00fcne y\u00fcz\u00fcn\u00fcz\u00fc \u00e7evirirsiniz. Avu\u00e7lar\u0131n\u0131z\u0131 a\u00e7arken g\u00f6k g\u00fcrler, \u015fim\u015fekler \u00e7akar, dolu ya\u011far, f\u0131rt\u0131na kopar, g\u00f6z g\u00f6z\u00fc g\u00f6rmez, s\u0131\u011f\u0131nacak yer bulunmaz, Dersim\u2019de oldu\u011funuzu anlars\u0131n\u0131z. Siz, yar\u0131n Ziyaret\u2019e gitmeyin. \u0130stanbul\u2019a gitmek i\u00e7in yola \u00e7\u0131k\u0131n. \u0130ki g\u00fcn\u00fcn\u00fcz\u00fc Elaz\u0131\u011f\u2019da ge\u00e7irin.\u201d \u201cAbla, her insan\u0131n ge\u00e7mi\u015fi kendi y\u00fck\u00fcd\u00fcr derler ya. Siz de dert ve keder y\u00fckl\u00fcs\u00fcn\u00fcz. Ama ben K\u0131z\u0131lmezra K\u00f6y\u00fc\u2019nde ya\u015fayanlar\u0131n kaderini payla\u015fmak istiyorum. Olabilecekleri bilsem de d\u00f6n\u00fc\u015f tarihimize kadar bir yere gitmem. Yar\u0131n, niyetlendi\u011fimiz Ziyaret\u2019e gideriz, sonras\u0131na Allah kerim&#8230;\u201d<\/p>\n","protected":false},"excerpt":{"rendered":"<p>\u201cBuralarda, neyin ne olaca\u011f\u0131 belli olmaz. Sessiz sakin bir g\u00fcn, dua etmek i\u00e7in g\u00fcne\u015fin ayd\u0131nlatt\u0131\u011f\u0131, masmavi g\u00f6ky\u00fcz\u00fcne y\u00fcz\u00fcn\u00fcz\u00fc \u00e7evirirsiniz. Avu\u00e7lar\u0131n\u0131z\u0131 a\u00e7arken g\u00f6k g\u00fcrler, \u015fim\u015fekler \u00e7akar, dolu<span class=\"excerpt-hellip\"> [\u2026]<\/span><\/p>\n","protected":false},"featured_media":0,"template":"","meta":{"_monsterinsights_skip_tracking":false,"_monsterinsights_sitenote_active":false,"_monsterinsights_sitenote_note":"","_monsterinsights_sitenote_category":0},"product_brand":[],"product_cat":[12291,12711],"product_tag":[],"class_list":{"0":"post-736287","1":"product","2":"type-product","3":"status-publish","5":"product_cat-edebiyat","6":"product_cat-roman-oyku","7":"pa_cilt-ciltsiz","8":"pa_tur-kitap","9":"pa_yayinevi-utopya-yayinevi","10":"pa_yazar-yusuf-egritag","12":"first","13":"instock","14":"sale","15":"shipping-taxable","16":"purchasable","17":"product-type-simple"},"_links":{"self":[{"href":"https:\/\/roveyayinevi.com.tr\/index.php\/wp-json\/wp\/v2\/product\/736287","targetHints":{"allow":["GET"]}}],"collection":[{"href":"https:\/\/roveyayinevi.com.tr\/index.php\/wp-json\/wp\/v2\/product"}],"about":[{"href":"https:\/\/roveyayinevi.com.tr\/index.php\/wp-json\/wp\/v2\/types\/product"}],"wp:attachment":[{"href":"https:\/\/roveyayinevi.com.tr\/index.php\/wp-json\/wp\/v2\/media?parent=736287"}],"wp:term":[{"taxonomy":"product_brand","embeddable":true,"href":"https:\/\/roveyayinevi.com.tr\/index.php\/wp-json\/wp\/v2\/product_brand?post=736287"},{"taxonomy":"product_cat","embeddable":true,"href":"https:\/\/roveyayinevi.com.tr\/index.php\/wp-json\/wp\/v2\/product_cat?post=736287"},{"taxonomy":"product_tag","embeddable":true,"href":"https:\/\/roveyayinevi.com.tr\/index.php\/wp-json\/wp\/v2\/product_tag?post=736287"}],"curies":[{"name":"wp","href":"https:\/\/api.w.org\/{rel}","templated":true}]}}