{"id":736281,"date":"2025-08-27T23:04:51","date_gmt":"2025-08-27T20:04:51","guid":{"rendered":"https:\/\/roveyayinevi.com.tr\/index.php\/urun\/zurafa-boynun-neden-uzun-bilim-13\/"},"modified":"2026-04-16T02:44:56","modified_gmt":"2026-04-15T23:44:56","slug":"zurafa-boynun-neden-uzun-bilim-13","status":"publish","type":"product","link":"https:\/\/roveyayinevi.com.tr\/index.php\/urun\/zurafa-boynun-neden-uzun-bilim-13\/","title":{"rendered":"Z\u00fcrafa Boynun Neden Uzun? &#8211; Bilim 13"},"content":{"rendered":"<p>\u201cToki sab\u0131rl\u0131 bir \u00e7ita. Afrika savan\u0131n\u0131n uzun otlar\u0131 i\u00e7ine uzan\u0131yor ve sessiz ad\u0131mlarla av\u0131na do\u011fru ilerliyor. Av\u0131 gen\u00e7 bir Thomson ceylan\u0131. Toki, bu narin ve zarif ceylan\u0131 \u015fimdiden g\u00fc\u00e7l\u00fc di\u015flerinin aras\u0131nda hayal ediyor ve g\u00f6zden ka\u00e7\u0131rm\u0131yor\u2026\u201d Merakl\u0131 bir belgesel izleyicisi misiniz? Benzerlerini defalarca seyretti\u011finiz halde, bir \u00e7itan\u0131n can havliyle ko\u015fan bir ceylan\u0131 kovalad\u0131\u011f\u0131n\u0131 g\u00f6r\u00fcnce kendinizi o g\u00f6r\u00fcnt\u00fclerden al\u0131koyam\u0131yor musunuz? Peki, ceylan\u0131n bu ko\u015fusunun tamamen rasgele oldu\u011funu ve bir sonraki hamlesinin kesinlikle \u00f6ng\u00f6r\u00fclemez oldu\u011funu biliyor musunuz? Ya da belki de belgeseller hi\u00e7 ilginizi \u00e7ekmiyordur. Ama fillerde mutlak bir diktat\u00f6rl\u00fc\u011f\u00fcn, mandalarda ise sonsuz bir demokrasinin h\u00fck\u00fcm s\u00fcrd\u00fc\u011f\u00fcn\u00fc duymak da m\u0131 ilginizi \u00e7ekmez? En az\u0131ndan 70 cm boyuyla s\u0131rf e\u011flence olsun diye alt\u0131 erkek aslan\u0131n aras\u0131na dalma cesaretini g\u00f6steren bal porsu\u011fu daha yak\u0131ndan tan\u0131nmay\u0131 hak ediyor. Ya\u015fad\u0131\u011f\u0131m\u0131z \u00e7evreden hayli farkl\u0131 Afrika savanlar\u0131 b\u00f6ylesi pek \u00e7ok s\u00fcrprizle doludur. Bu yabani topraklar\u0131n bir tan\u0131\u011f\u0131 da zebralar \u00fczerine yapt\u0131\u011f\u0131 incelemeler i\u00e7in Zimbabve\u2019deki Hwange Ulusal Park\u0131\u2019nda alt\u0131 ay ge\u00e7iren gen\u00e7 Frans\u0131z biyolog L\u00e9o Grasset\u2019dir. Grasset buradaki deneyimlerinden yola \u00e7\u0131karak kolay kolay tan\u0131k olamayaca\u011f\u0131n\u0131z savan hik\u00e2yelerini e\u011flenceli bir dille anlat\u0131yor. Aslan Kral\u2019la ilgili \u015fok a\u00e7\u0131klamalar okumaya haz\u0131r m\u0131s\u0131n\u0131z?<\/p>\n","protected":false},"excerpt":{"rendered":"<p>\u201cToki sab\u0131rl\u0131 bir \u00e7ita. Afrika savan\u0131n\u0131n uzun otlar\u0131 i\u00e7ine uzan\u0131yor ve sessiz ad\u0131mlarla av\u0131na do\u011fru ilerliyor. Av\u0131 gen\u00e7 bir Thomson ceylan\u0131. Toki, bu narin ve zarif<span class=\"excerpt-hellip\"> [\u2026]<\/span><\/p>\n","protected":false},"featured_media":0,"template":"","meta":{"_monsterinsights_skip_tracking":false,"_monsterinsights_sitenote_active":false,"_monsterinsights_sitenote_note":"","_monsterinsights_sitenote_category":0},"product_brand":[],"product_cat":[13005,37328],"product_tag":[],"class_list":{"0":"post-736281","1":"product","2":"type-product","3":"status-publish","5":"product_cat-bilim-muhendislik","6":"product_cat-diger-bilim-muhendislik","7":"pa_cilt-ciltsiz","8":"pa_tur-kitap","9":"pa_yayinevi-is-bankasi-kultur-yayinlari","10":"pa_yazar-leo-grasset","12":"first","13":"instock","14":"sale","15":"shipping-taxable","16":"purchasable","17":"product-type-simple"},"_links":{"self":[{"href":"https:\/\/roveyayinevi.com.tr\/index.php\/wp-json\/wp\/v2\/product\/736281","targetHints":{"allow":["GET"]}}],"collection":[{"href":"https:\/\/roveyayinevi.com.tr\/index.php\/wp-json\/wp\/v2\/product"}],"about":[{"href":"https:\/\/roveyayinevi.com.tr\/index.php\/wp-json\/wp\/v2\/types\/product"}],"wp:attachment":[{"href":"https:\/\/roveyayinevi.com.tr\/index.php\/wp-json\/wp\/v2\/media?parent=736281"}],"wp:term":[{"taxonomy":"product_brand","embeddable":true,"href":"https:\/\/roveyayinevi.com.tr\/index.php\/wp-json\/wp\/v2\/product_brand?post=736281"},{"taxonomy":"product_cat","embeddable":true,"href":"https:\/\/roveyayinevi.com.tr\/index.php\/wp-json\/wp\/v2\/product_cat?post=736281"},{"taxonomy":"product_tag","embeddable":true,"href":"https:\/\/roveyayinevi.com.tr\/index.php\/wp-json\/wp\/v2\/product_tag?post=736281"}],"curies":[{"name":"wp","href":"https:\/\/api.w.org\/{rel}","templated":true}]}}