{"id":736280,"date":"2025-08-27T23:04:49","date_gmt":"2025-08-27T20:04:49","guid":{"rendered":"https:\/\/roveyayinevi.com.tr\/index.php\/urun\/edebi-iliskiler\/"},"modified":"2025-10-23T07:32:39","modified_gmt":"2025-10-23T04:32:39","slug":"edebi-iliskiler","status":"publish","type":"product","link":"https:\/\/roveyayinevi.com.tr\/index.php\/urun\/edebi-iliskiler\/","title":{"rendered":"Edebi \u0130li\u015fkiler"},"content":{"rendered":"<p>Abdullah U\u00e7man, Adalet A\u011fao\u011flu, Adnan \u00d6zyal\u00e7\u0131ner, Ahmet Oktay, Alphan Akg\u00fcl, Ataol Behramo\u011flu, Aysel T\u00fcrkay, B\u00e2ki Asilt\u00fcrk, Bekir Co\u015fkun, B\u00fclent A\u011fao\u011flu, Cahit Koytak, Demir \u00d6zl\u00fc, Enis Batur, Erol \u00dcyepazarc\u0131, Ertu\u011frul \u00d6zk\u00f6k, Feridun Anda\u00e7, Ferit Edg\u00fc, Fethi Naci, F\u00fcsun Akatl\u0131, Hami \u00c7a\u011fda\u015f, Hasan B\u00fclent Kahraman, Haydar Erg\u00fclen, Hilmi Yavuz, Hulki Aktun\u00e7, \u0130hsan Y\u0131lmaz, \u0130zel Rozental, Jale Parla, Kemal \u00d6zer, Konur Ertop, K\u00fcr\u015fad O\u011fuz, Latif Demirci, Mehmed Seyda, Mehmet Rifat, Murat \u00d6rem, Or\u00e7un \u00dc\u00e7er, Orhan Duru, \u00d6zdemir \u0130nce, Refik Durba\u015f, Sel\u00e7uk Demirel, Selim \u0130leri, Semih G\u00fcm\u00fc\u015f, Semih Poroy, Seval \u015eahin, S\u0131dd\u0131k Akbay\u0131r, \u015eaban Sa\u011fl\u0131k, Tahsin Y\u00fccel, Tal\u00e2t Sait Halman, Tan Oral, Turgay Fi\u015fek\u00e7i. Edebiyat ele\u015ftirmenli\u011finde altm\u0131\u015f\u0131nc\u0131 y\u0131l\u0131na yakla\u015fan Do\u011fan H\u0131zlan i\u00e7in peki ya \u015fair ve yazarlar\u0131m\u0131z neler yazd\u0131? Karikat\u00fcristlerimiz onun hangi al\u0131\u015fkanl\u0131klar\u0131n\u0131 sevdi? Do\u011fan H\u0131zlan i\u00e7in yaz\u0131lanlar, \u00e7izilenler ve kendisiyle yap\u0131lan \u00fc\u00e7 s\u00f6yle\u015fiyi Edebi \u0130li\u015fkiler ba\u015fl\u0131\u011f\u0131 alt\u0131nda bir araya getirdik. Birbirinden k\u0131ymetli bu kalem ustalar\u0131 ancak Do\u011fan H\u0131zlan i\u00e7in bir araya getirilebilirdi&#8230;<\/p>\n","protected":false},"excerpt":{"rendered":"<p>Abdullah U\u00e7man, Adalet A\u011fao\u011flu, Adnan \u00d6zyal\u00e7\u0131ner, Ahmet Oktay, Alphan Akg\u00fcl, Ataol Behramo\u011flu, Aysel T\u00fcrkay, B\u00e2ki Asilt\u00fcrk, Bekir Co\u015fkun, B\u00fclent A\u011fao\u011flu, Cahit Koytak, Demir \u00d6zl\u00fc, Enis Batur,<span class=\"excerpt-hellip\"> [\u2026]<\/span><\/p>\n","protected":false},"featured_media":0,"template":"","meta":{"_monsterinsights_skip_tracking":false,"_monsterinsights_sitenote_active":false,"_monsterinsights_sitenote_note":"","_monsterinsights_sitenote_category":0},"product_brand":[],"product_cat":[13072,12291],"product_tag":[],"class_list":{"0":"post-736280","1":"product","2":"type-product","3":"status-publish","5":"product_cat-arastirma-inceleme-referans","6":"product_cat-edebiyat","7":"pa_cilt-ciltsiz","8":"pa_tur-kitap","9":"pa_yayinevi-is-bankasi-kultur-yayinlari","10":"pa_yazar-is-bankasi-kultur-yayinlari-kolektif","12":"first","13":"instock","14":"sale","15":"shipping-taxable","16":"purchasable","17":"product-type-simple"},"_links":{"self":[{"href":"https:\/\/roveyayinevi.com.tr\/index.php\/wp-json\/wp\/v2\/product\/736280","targetHints":{"allow":["GET"]}}],"collection":[{"href":"https:\/\/roveyayinevi.com.tr\/index.php\/wp-json\/wp\/v2\/product"}],"about":[{"href":"https:\/\/roveyayinevi.com.tr\/index.php\/wp-json\/wp\/v2\/types\/product"}],"wp:attachment":[{"href":"https:\/\/roveyayinevi.com.tr\/index.php\/wp-json\/wp\/v2\/media?parent=736280"}],"wp:term":[{"taxonomy":"product_brand","embeddable":true,"href":"https:\/\/roveyayinevi.com.tr\/index.php\/wp-json\/wp\/v2\/product_brand?post=736280"},{"taxonomy":"product_cat","embeddable":true,"href":"https:\/\/roveyayinevi.com.tr\/index.php\/wp-json\/wp\/v2\/product_cat?post=736280"},{"taxonomy":"product_tag","embeddable":true,"href":"https:\/\/roveyayinevi.com.tr\/index.php\/wp-json\/wp\/v2\/product_tag?post=736280"}],"curies":[{"name":"wp","href":"https:\/\/api.w.org\/{rel}","templated":true}]}}