{"id":736274,"date":"2025-08-27T23:04:42","date_gmt":"2025-08-27T20:04:42","guid":{"rendered":"https:\/\/roveyayinevi.com.tr\/index.php\/urun\/ayda-ilk-insanlar-ciltli\/"},"modified":"2026-04-16T02:44:56","modified_gmt":"2026-04-15T23:44:56","slug":"ayda-ilk-insanlar-ciltli","status":"publish","type":"product","link":"https:\/\/roveyayinevi.com.tr\/index.php\/urun\/ayda-ilk-insanlar-ciltli\/","title":{"rendered":"Ay\u2019da \u0130lk \u0130nsanlar (Ciltli)"},"content":{"rendered":"<p>H. G. Wells, bug\u00fcn bir \u201cbilimkurgu klasi\u011fi\u201d olarak kabul edilen 1901 tarihli Ay\u2019da \u0130lk \u0130nsanlar\u2019da, iki \u0130ngilizin Ay yolculu\u011funu anlat\u0131rken, emperyalizmi hedef al\u0131r. Meteliksiz i\u015fadam\u0131 Bedford, oyun yazmak i\u00e7in \u00e7ekildi\u011fi sayfiyede, yer\u00e7ekimini h\u00fck\u00fcms\u00fcz k\u0131lan bir madde icat eden eksantrik bilim insan\u0131 Cavor\u2019la tan\u0131\u015f\u0131r. Bedford para kazanma d\u00fcrt\u00fcs\u00fcyle, Cavor ise bilimsel merakla, Cavorite ad\u0131n\u0131 verdikleri bu madde sayesinde, herhangi bir yak\u0131t ya da motora gerek duymaks\u0131z\u0131n kendilerini Ay\u2019da bulurlar. Orada, yeralt\u0131nda, kat\u0131 bir hiyerar\u015fik d\u00fczende ya\u015fayan Seleneli toplumuyla kar\u015f\u0131la\u015f\u0131rlar. Seleneliler, bireysellikleriyle ve ki\u015fisel \u00f6zellikleriyle ay\u0131rt edilmesi m\u00fcmk\u00fcn olmayan b\u00f6ceksi varl\u0131klard\u0131r. Wells\u2019in emperyalizme ve kapitalizme y\u00f6nelik sert ele\u015ftirisi, Ay yolculu\u011funu yaln\u0131zca ticari bir f\u0131rsat olarak g\u00f6ren Bedford\u2019\u0131n Selenelilere kar\u015f\u0131 sald\u0131rgan tutumunda somutla\u015f\u0131r. Yazar Ay\u2019da \u0130lk \u0130nsanlar\u2019da, kendisinden \u00f6nce hayali Ay yolculu\u011fu temas\u0131n\u0131 i\u015fleyen 19. y\u00fczy\u0131l yazarlar\u0131 gibi bilimsel ger\u00e7eklere ve rasyonelli\u011fe yaslanmak yerine hayal g\u00fcc\u00fcn\u00fc bilimkurgu t\u00fcr\u00fcn\u00fcn hizmetine vermi\u015ftir. <\/p>\n","protected":false},"excerpt":{"rendered":"<p>H. G. Wells, bug\u00fcn bir \u201cbilimkurgu klasi\u011fi\u201d olarak kabul edilen 1901 tarihli Ay\u2019da \u0130lk \u0130nsanlar\u2019da, iki \u0130ngilizin Ay yolculu\u011funu anlat\u0131rken, emperyalizmi hedef al\u0131r. Meteliksiz i\u015fadam\u0131 Bedford,<span class=\"excerpt-hellip\"> [\u2026]<\/span><\/p>\n","protected":false},"featured_media":0,"template":"","meta":{"_monsterinsights_skip_tracking":false,"_monsterinsights_sitenote_active":false,"_monsterinsights_sitenote_note":"","_monsterinsights_sitenote_category":0},"product_brand":[],"product_cat":[12291,12711],"product_tag":[],"class_list":{"0":"post-736274","1":"product","2":"type-product","3":"status-publish","5":"product_cat-edebiyat","6":"product_cat-roman-oyku","7":"pa_cilt-ciltli","8":"pa_tur-kitap","9":"pa_yayinevi-is-bankasi-kultur-yayinlari","10":"pa_yazar-h-g-wells","12":"first","13":"instock","14":"sale","15":"shipping-taxable","16":"purchasable","17":"product-type-simple"},"_links":{"self":[{"href":"https:\/\/roveyayinevi.com.tr\/index.php\/wp-json\/wp\/v2\/product\/736274","targetHints":{"allow":["GET"]}}],"collection":[{"href":"https:\/\/roveyayinevi.com.tr\/index.php\/wp-json\/wp\/v2\/product"}],"about":[{"href":"https:\/\/roveyayinevi.com.tr\/index.php\/wp-json\/wp\/v2\/types\/product"}],"wp:attachment":[{"href":"https:\/\/roveyayinevi.com.tr\/index.php\/wp-json\/wp\/v2\/media?parent=736274"}],"wp:term":[{"taxonomy":"product_brand","embeddable":true,"href":"https:\/\/roveyayinevi.com.tr\/index.php\/wp-json\/wp\/v2\/product_brand?post=736274"},{"taxonomy":"product_cat","embeddable":true,"href":"https:\/\/roveyayinevi.com.tr\/index.php\/wp-json\/wp\/v2\/product_cat?post=736274"},{"taxonomy":"product_tag","embeddable":true,"href":"https:\/\/roveyayinevi.com.tr\/index.php\/wp-json\/wp\/v2\/product_tag?post=736274"}],"curies":[{"name":"wp","href":"https:\/\/api.w.org\/{rel}","templated":true}]}}