{"id":736272,"date":"2025-08-27T23:04:39","date_gmt":"2025-08-27T20:04:39","guid":{"rendered":"https:\/\/roveyayinevi.com.tr\/index.php\/urun\/filozof-yasamlarinin-satisi-dirilen-oluler-veya-balikci-ciltli\/"},"modified":"2026-04-16T02:44:56","modified_gmt":"2026-04-15T23:44:56","slug":"filozof-yasamlarinin-satisi-dirilen-oluler-veya-balikci-ciltli","status":"publish","type":"product","link":"https:\/\/roveyayinevi.com.tr\/index.php\/urun\/filozof-yasamlarinin-satisi-dirilen-oluler-veya-balikci-ciltli\/","title":{"rendered":"Filozof Ya\u015famlar\u0131n\u0131n Sat\u0131\u015f\u0131 &#8211; Dirilen \u00d6l\u00fcler Veya Bal\u0131k\u00e7\u0131 (Ciltli)"},"content":{"rendered":"<p>Loukianos (120?-180?): MS 2. y\u00fczy\u0131lda Marcus Aurelius d\u00f6neminde ya\u015fam\u0131\u015ft\u0131r. Antik\u00e7a\u011f\u2019\u0131n en \u00fcnl\u00fc retorik ve hiciv ustalar\u0131ndan biri olmas\u0131n\u0131n yan\u0131 s\u0131ra komik diyalog t\u00fcr\u00fcnde eserler de vermi\u015ftir. Loukianos\u2019a atfedilen seksen iki eser g\u00fcn\u00fcm\u00fcze ula\u015fm\u0131\u015fsa da baz\u0131lar\u0131 \u015f\u00fcphelidir. Bu eserlerin en \u00fcnl\u00fcleri \u201cDiyaloglar\u201d ba\u015fl\u0131\u011f\u0131nda toplan\u0131r. Bu kitapta yer alan Filozof Ya\u015famlar\u0131n\u0131n Sat\u0131\u015f\u0131 ve Dirilen \u00d6l\u00fcler veya Bal\u0131k\u00e7\u0131 diyaloglar\u0131 Loukianos\u2019un \u00fcslubunu en iyi yans\u0131tan \u201cparodi\u201d eserlerindendir. Filozof Ya\u015famlar\u0131n\u0131n Sat\u0131\u015f\u0131\u2019nda Zeus\u2019un filozof ya\u015famlar\u0131n\u0131 Hermes\u2019in \u00e7\u0131\u011f\u0131rtkanl\u0131\u011f\u0131nda mezada \u00e7\u0131karmas\u0131 abart\u0131l\u0131, komik bir \u00fcslupla konu edilir. Dirilen \u00d6l\u00fcler veya Bal\u0131k\u00e7\u0131 eserindeyse, \u00f6nceki eserinde hicvetti\u011fi filozoflar\u0131n davac\u0131, kendisinin daval\u0131, Felsefe\u2019nin yarg\u0131\u00e7, Hakikat\u2019in de avukat oldu\u011fu bir mahkemede kendi kendini yarg\u0131lar. <\/p>\n","protected":false},"excerpt":{"rendered":"<p>Loukianos (120?-180?): MS 2. y\u00fczy\u0131lda Marcus Aurelius d\u00f6neminde ya\u015fam\u0131\u015ft\u0131r. Antik\u00e7a\u011f\u2019\u0131n en \u00fcnl\u00fc retorik ve hiciv ustalar\u0131ndan biri olmas\u0131n\u0131n yan\u0131 s\u0131ra komik diyalog t\u00fcr\u00fcnde eserler de vermi\u015ftir.<span class=\"excerpt-hellip\"> [\u2026]<\/span><\/p>\n","protected":false},"featured_media":0,"template":"","meta":{"_monsterinsights_skip_tracking":false,"_monsterinsights_sitenote_active":false,"_monsterinsights_sitenote_note":"","_monsterinsights_sitenote_category":0},"product_brand":[],"product_cat":[12291,12711],"product_tag":[],"class_list":{"0":"post-736272","1":"product","2":"type-product","3":"status-publish","5":"product_cat-edebiyat","6":"product_cat-roman-oyku","7":"pa_cilt-ciltli","8":"pa_tur-kitap","9":"pa_yayinevi-is-bankasi-kultur-yayinlari","10":"pa_yazar-loukianos","12":"first","13":"instock","14":"sale","15":"shipping-taxable","16":"purchasable","17":"product-type-simple"},"_links":{"self":[{"href":"https:\/\/roveyayinevi.com.tr\/index.php\/wp-json\/wp\/v2\/product\/736272","targetHints":{"allow":["GET"]}}],"collection":[{"href":"https:\/\/roveyayinevi.com.tr\/index.php\/wp-json\/wp\/v2\/product"}],"about":[{"href":"https:\/\/roveyayinevi.com.tr\/index.php\/wp-json\/wp\/v2\/types\/product"}],"wp:attachment":[{"href":"https:\/\/roveyayinevi.com.tr\/index.php\/wp-json\/wp\/v2\/media?parent=736272"}],"wp:term":[{"taxonomy":"product_brand","embeddable":true,"href":"https:\/\/roveyayinevi.com.tr\/index.php\/wp-json\/wp\/v2\/product_brand?post=736272"},{"taxonomy":"product_cat","embeddable":true,"href":"https:\/\/roveyayinevi.com.tr\/index.php\/wp-json\/wp\/v2\/product_cat?post=736272"},{"taxonomy":"product_tag","embeddable":true,"href":"https:\/\/roveyayinevi.com.tr\/index.php\/wp-json\/wp\/v2\/product_tag?post=736272"}],"curies":[{"name":"wp","href":"https:\/\/api.w.org\/{rel}","templated":true}]}}