{"id":736259,"date":"2025-08-27T23:04:26","date_gmt":"2025-08-27T20:04:26","guid":{"rendered":"https:\/\/roveyayinevi.com.tr\/index.php\/urun\/puskul-cetesinin-maceralari\/"},"modified":"2026-04-16T02:44:55","modified_gmt":"2026-04-15T23:44:55","slug":"puskul-cetesinin-maceralari","status":"publish","type":"product","link":"https:\/\/roveyayinevi.com.tr\/index.php\/urun\/puskul-cetesinin-maceralari\/","title":{"rendered":"P\u00fcsk\u00fcl \u00c7etesi\u2019nin Maceralar\u0131"},"content":{"rendered":"<p>Bir sokak k\u00f6pe\u011finin hayat\u0131 kolay de\u011fildir, ama maceralarla doludur. P\u00fcsk\u00fcl \u00c7etesi de tam olarak b\u00f6yle bir hayat\u0131n i\u00e7inde. Y\u0131l\u0131\u015f\u0131k, Huysuz, Cesur, \u00c7amur ve P\u00fcsk\u00fcl. Birbirinden \u00e7ok farkl\u0131 karakter ve g\u00f6r\u00fcn\u00fcme sahip \u00fcyelerden olu\u015fan bu \u00e7ete i\u00e7in her g\u00fcn yeni bir ser\u00fcven demek.Yemek bulma \u00e7al\u0131\u015fmalar\u0131, mahallenin g\u00fcvenli\u011fine sa\u011flad\u0131klar\u0131 destek, K\u0131z\u0131l T\u00fcy \u00c7etesi ile girdikleri alan sava\u015flar\u0131 onlar\u0131n her g\u00fcn\u00fcn\u00fc aksiyon dolu ve e\u011flenceli k\u0131l\u0131yor. T\u00fcm bunlar olurken de\u011fi\u015fmeyen tek \u015fey ise onlar\u0131n dostluklar\u0131. P\u00fcsk\u00fcl \u00c7etesi ile tan\u0131\u015fmaya haz\u0131r m\u0131s\u0131n\u0131z?<\/p>\n","protected":false},"excerpt":{"rendered":"<p>Bir sokak k\u00f6pe\u011finin hayat\u0131 kolay de\u011fildir, ama maceralarla doludur. P\u00fcsk\u00fcl \u00c7etesi de tam olarak b\u00f6yle bir hayat\u0131n i\u00e7inde. Y\u0131l\u0131\u015f\u0131k, Huysuz, Cesur, \u00c7amur ve P\u00fcsk\u00fcl. Birbirinden \u00e7ok<span class=\"excerpt-hellip\"> [\u2026]<\/span><\/p>\n","protected":false},"featured_media":0,"template":"","meta":{"_monsterinsights_skip_tracking":false,"_monsterinsights_sitenote_active":false,"_monsterinsights_sitenote_note":"","_monsterinsights_sitenote_category":0},"product_brand":[],"product_cat":[12275,12274],"product_tag":[],"class_list":{"0":"post-736259","1":"product","2":"type-product","3":"status-publish","5":"product_cat-6-12-yas-kitaplari","6":"product_cat-cocuk-ve-genclik-kitaplari","7":"pa_cilt-ciltsiz","8":"pa_tur-kitap","9":"pa_yayinevi-eksik-parca-yayinlari","10":"pa_yazar-guldem-sahan","12":"first","13":"instock","14":"sale","15":"shipping-taxable","16":"purchasable","17":"product-type-simple"},"_links":{"self":[{"href":"https:\/\/roveyayinevi.com.tr\/index.php\/wp-json\/wp\/v2\/product\/736259","targetHints":{"allow":["GET"]}}],"collection":[{"href":"https:\/\/roveyayinevi.com.tr\/index.php\/wp-json\/wp\/v2\/product"}],"about":[{"href":"https:\/\/roveyayinevi.com.tr\/index.php\/wp-json\/wp\/v2\/types\/product"}],"wp:attachment":[{"href":"https:\/\/roveyayinevi.com.tr\/index.php\/wp-json\/wp\/v2\/media?parent=736259"}],"wp:term":[{"taxonomy":"product_brand","embeddable":true,"href":"https:\/\/roveyayinevi.com.tr\/index.php\/wp-json\/wp\/v2\/product_brand?post=736259"},{"taxonomy":"product_cat","embeddable":true,"href":"https:\/\/roveyayinevi.com.tr\/index.php\/wp-json\/wp\/v2\/product_cat?post=736259"},{"taxonomy":"product_tag","embeddable":true,"href":"https:\/\/roveyayinevi.com.tr\/index.php\/wp-json\/wp\/v2\/product_tag?post=736259"}],"curies":[{"name":"wp","href":"https:\/\/api.w.org\/{rel}","templated":true}]}}