{"id":736252,"date":"2025-08-27T23:04:18","date_gmt":"2025-08-27T20:04:18","guid":{"rendered":"https:\/\/roveyayinevi.com.tr\/index.php\/urun\/wendy-quillin-evcil-hayvani\/"},"modified":"2026-04-16T02:44:55","modified_gmt":"2026-04-15T23:44:55","slug":"wendy-quillin-evcil-hayvani","status":"publish","type":"product","link":"https:\/\/roveyayinevi.com.tr\/index.php\/urun\/wendy-quillin-evcil-hayvani\/","title":{"rendered":"Wendy Quill\u2019in Evcil Hayvan\u0131"},"content":{"rendered":"<p>B\u00fcy\u00fcd\u00fc\u011f\u00fcmde veteriner olaca\u011f\u0131m fakat annem evin i\u00e7inekakas\u0131n\u0131 yapan \u015feyleri sevmiyor, bu da bir evcil hayvansahiplenmeme asla izin vermeyecekleri anlam\u0131na geliyor.Bir tanesine bile. K\u00fc\u00e7\u00fck, minik bir evcil hayvana bile. Bathilda Brown isminde g\u00fczel, g\u00f6r\u00fcnmez, salyal\u0131 birk\u00f6pe\u011fimin oldu\u011fu do\u011fru. Fakat e\u011fer GER\u00c7EK,PROFESYONEL B\u0130R VETER\u0130NER olacaksam, g\u00f6zlerimlede g\u00f6rebildi\u011fim (hayali olmayan) daha fazla hayvanaihtiyac\u0131m olacak.<\/p>\n","protected":false},"excerpt":{"rendered":"<p>B\u00fcy\u00fcd\u00fc\u011f\u00fcmde veteriner olaca\u011f\u0131m fakat annem evin i\u00e7inekakas\u0131n\u0131 yapan \u015feyleri sevmiyor, bu da bir evcil hayvansahiplenmeme asla izin vermeyecekleri anlam\u0131na geliyor.Bir tanesine bile. K\u00fc\u00e7\u00fck, minik bir evcil<span class=\"excerpt-hellip\"> [\u2026]<\/span><\/p>\n","protected":false},"featured_media":0,"template":"","meta":{"_monsterinsights_skip_tracking":false,"_monsterinsights_sitenote_active":false,"_monsterinsights_sitenote_note":"","_monsterinsights_sitenote_category":0},"product_brand":[],"product_cat":[12275,12274],"product_tag":[],"class_list":{"0":"post-736252","1":"product","2":"type-product","3":"status-publish","5":"product_cat-6-12-yas-kitaplari","6":"product_cat-cocuk-ve-genclik-kitaplari","7":"pa_cilt-ciltsiz","8":"pa_tur-kitap","9":"pa_yayinevi-epsilon-yayinlari","10":"pa_yazar-wendy-meddour","12":"first","13":"instock","14":"sale","15":"shipping-taxable","16":"purchasable","17":"product-type-simple"},"_links":{"self":[{"href":"https:\/\/roveyayinevi.com.tr\/index.php\/wp-json\/wp\/v2\/product\/736252","targetHints":{"allow":["GET"]}}],"collection":[{"href":"https:\/\/roveyayinevi.com.tr\/index.php\/wp-json\/wp\/v2\/product"}],"about":[{"href":"https:\/\/roveyayinevi.com.tr\/index.php\/wp-json\/wp\/v2\/types\/product"}],"wp:attachment":[{"href":"https:\/\/roveyayinevi.com.tr\/index.php\/wp-json\/wp\/v2\/media?parent=736252"}],"wp:term":[{"taxonomy":"product_brand","embeddable":true,"href":"https:\/\/roveyayinevi.com.tr\/index.php\/wp-json\/wp\/v2\/product_brand?post=736252"},{"taxonomy":"product_cat","embeddable":true,"href":"https:\/\/roveyayinevi.com.tr\/index.php\/wp-json\/wp\/v2\/product_cat?post=736252"},{"taxonomy":"product_tag","embeddable":true,"href":"https:\/\/roveyayinevi.com.tr\/index.php\/wp-json\/wp\/v2\/product_tag?post=736252"}],"curies":[{"name":"wp","href":"https:\/\/api.w.org\/{rel}","templated":true}]}}