{"id":736251,"date":"2025-08-27T23:04:17","date_gmt":"2025-08-27T20:04:17","guid":{"rendered":"https:\/\/roveyayinevi.com.tr\/index.php\/urun\/wendy-quill-ve-timsah\/"},"modified":"2026-04-16T02:44:55","modified_gmt":"2026-04-15T23:44:55","slug":"wendy-quill-ve-timsah","status":"publish","type":"product","link":"https:\/\/roveyayinevi.com.tr\/index.php\/urun\/wendy-quill-ve-timsah\/","title":{"rendered":"Wendy Quill Ve Timsah"},"content":{"rendered":"<p>Herkes bana g\u00fcl\u00fc\u015f\u00fcmden dolay\u0131 \u201cH\u0131r\u0131ldayan Ku\u015f\u201d diye seslenir. \u00c7\u00fcnk\u00fc k\u0131k\u0131rdamalar\u0131m\u0131n aras\u0131nda h\u0131r\u0131lt\u0131l\u0131 bir ses \u00e7\u0131kar\u0131yorum. Elimde de\u011fil. Sadece bir \u015feyleri komik bulunca b\u00f6yle sesler \u00e7\u0131kar\u0131yorum.  Fakat ger\u00e7ek ad\u0131m Wendy Quill ve bu da benim nas\u0131lbiraz \u00fcnl\u00fc oldu\u011fumu anlatan bir hik\u00e2ye.<\/p>\n","protected":false},"excerpt":{"rendered":"<p>Herkes bana g\u00fcl\u00fc\u015f\u00fcmden dolay\u0131 \u201cH\u0131r\u0131ldayan Ku\u015f\u201d diye seslenir. \u00c7\u00fcnk\u00fc k\u0131k\u0131rdamalar\u0131m\u0131n aras\u0131nda h\u0131r\u0131lt\u0131l\u0131 bir ses \u00e7\u0131kar\u0131yorum. Elimde de\u011fil. Sadece bir \u015feyleri komik bulunca b\u00f6yle sesler \u00e7\u0131kar\u0131yorum. Fakat<span class=\"excerpt-hellip\"> [\u2026]<\/span><\/p>\n","protected":false},"featured_media":0,"template":"","meta":{"_monsterinsights_skip_tracking":false,"_monsterinsights_sitenote_active":false,"_monsterinsights_sitenote_note":"","_monsterinsights_sitenote_category":0},"product_brand":[],"product_cat":[12275,12274],"product_tag":[],"class_list":{"0":"post-736251","1":"product","2":"type-product","3":"status-publish","5":"product_cat-6-12-yas-kitaplari","6":"product_cat-cocuk-ve-genclik-kitaplari","7":"pa_cilt-ciltsiz","8":"pa_tur-kitap","9":"pa_yayinevi-epsilon-yayinlari","10":"pa_yazar-wendy-meddour","12":"first","13":"instock","14":"sale","15":"shipping-taxable","16":"purchasable","17":"product-type-simple"},"_links":{"self":[{"href":"https:\/\/roveyayinevi.com.tr\/index.php\/wp-json\/wp\/v2\/product\/736251","targetHints":{"allow":["GET"]}}],"collection":[{"href":"https:\/\/roveyayinevi.com.tr\/index.php\/wp-json\/wp\/v2\/product"}],"about":[{"href":"https:\/\/roveyayinevi.com.tr\/index.php\/wp-json\/wp\/v2\/types\/product"}],"wp:attachment":[{"href":"https:\/\/roveyayinevi.com.tr\/index.php\/wp-json\/wp\/v2\/media?parent=736251"}],"wp:term":[{"taxonomy":"product_brand","embeddable":true,"href":"https:\/\/roveyayinevi.com.tr\/index.php\/wp-json\/wp\/v2\/product_brand?post=736251"},{"taxonomy":"product_cat","embeddable":true,"href":"https:\/\/roveyayinevi.com.tr\/index.php\/wp-json\/wp\/v2\/product_cat?post=736251"},{"taxonomy":"product_tag","embeddable":true,"href":"https:\/\/roveyayinevi.com.tr\/index.php\/wp-json\/wp\/v2\/product_tag?post=736251"}],"curies":[{"name":"wp","href":"https:\/\/api.w.org\/{rel}","templated":true}]}}