{"id":736250,"date":"2025-08-27T23:04:16","date_gmt":"2025-08-27T20:04:16","guid":{"rendered":"https:\/\/roveyayinevi.com.tr\/index.php\/urun\/kasik-bukenler\/"},"modified":"2026-04-16T02:44:55","modified_gmt":"2026-04-15T23:44:55","slug":"kasik-bukenler","status":"publish","type":"product","link":"https:\/\/roveyayinevi.com.tr\/index.php\/urun\/kasik-bukenler\/","title":{"rendered":"Ka\u015f\u0131k B\u00fckenler"},"content":{"rendered":"<p>Astral seyahat\u00e7i Maureen, yalan detekt\u00f6r\u00fc Irene, kahin Buddy, telekinetik becerileriyle Frankie ve onlara liderlik eden usta doland\u0131r\u0131c\u0131 Teddy\u2026 Muhte\u015fem Telemachus Ailesi 1970\u2019lerin ortalar\u0131nda, sihirbazl\u0131k ve zihin okuma g\u00f6sterileriyle \u00fclke \u00e7ap\u0131nda \u00fcne kavu\u015fmu\u015flard\u0131. Ancak bir gece, televizyonda, hem de canl\u0131 yay\u0131nda, sihir onlar\u0131 terk edince t\u00fcm aile utan\u00e7lar\u0131yla birlikte \u015eikago\u2019ya \u00e7ekilip g\u00f6r\u00fcnmez olmay\u0131 se\u00e7ti.  Art\u0131k hi\u00e7 kimsenin hat\u0131rlamad\u0131\u011f\u0131 bu aileyle yirmi y\u0131l sonra yeniden kar\u015f\u0131la\u015f\u0131yoruz. Televizyondaki rezaletten \u00e7ok sonra do\u011fan torun Matty,  kendi g\u00fc\u00e7lerini ke\u015ffettik\u00e7e, bitkin, bitik \u2013ve bu halde bile kap\u0131ya Gizli Servis\u2019i getirmeyi becermi\u015f\u2013 ailesinin h\u00e2l\u00e2 ve ger\u00e7ek manada muhte\u015fem oldu\u011funu fark ediyor. Ka\u015f\u0131k B\u00fckenler, her bir ferdi \u00f6zel biri olma potansiyeliyle lanetlenmi\u015f, s\u00fcper ar\u0131zal\u0131 ve ayn\u0131 zamanda gayet normal bir ailenin \u00fc\u00e7 ku\u015fakl\u0131k tuhaf ve efsanevi hik\u00e2yesi.   &#8220;Pervas\u0131z.&#8221; Guardian   \u201cH\u0131nz\u0131r mizah\u0131, unutulmaz karakterleri ve dozunda  do\u011fa\u00fcst\u00fc b\u00fcy\u00fcs\u00fcyle Ka\u015f\u0131k B\u00fckenler d\u00f6rtnala gidiyor\u2026 Gregory\u2019nin karakterleri sadece yetenekleriyle de\u011fil,  son derece tan\u0131d\u0131k insanilikleriyle de sihirli.\u201d  Pittsburgh Post-Gazette   \u201cUsta i\u015fi\u2026 Gregory, aile ili\u015fkilerindeki ola\u011fan gizemler ile \u015eikago mafyas\u0131n\u0131n ve karanl\u0131k devlet \u00f6rg\u00fctlerinin gaddar  melodramas\u0131n\u0131 zarafetle birle\u015ftiriyor.&#8221; Kirkus Reviews<\/p>\n","protected":false},"excerpt":{"rendered":"<p>Astral seyahat\u00e7i Maureen, yalan detekt\u00f6r\u00fc Irene, kahin Buddy, telekinetik becerileriyle Frankie ve onlara liderlik eden usta doland\u0131r\u0131c\u0131 Teddy\u2026 Muhte\u015fem Telemachus Ailesi 1970\u2019lerin ortalar\u0131nda, sihirbazl\u0131k ve zihin<span class=\"excerpt-hellip\"> [\u2026]<\/span><\/p>\n","protected":false},"featured_media":0,"template":"","meta":{"_monsterinsights_skip_tracking":false,"_monsterinsights_sitenote_active":false,"_monsterinsights_sitenote_note":"","_monsterinsights_sitenote_category":0},"product_brand":[],"product_cat":[12291,12711],"product_tag":[],"class_list":{"0":"post-736250","1":"product","2":"type-product","3":"status-publish","5":"product_cat-edebiyat","6":"product_cat-roman-oyku","7":"pa_cilt-ciltsiz","8":"pa_tur-kitap","9":"pa_yayinevi-domingo-yayinevi","10":"pa_yazar-daryl-gregory","12":"first","13":"instock","14":"sale","15":"shipping-taxable","16":"purchasable","17":"product-type-simple"},"_links":{"self":[{"href":"https:\/\/roveyayinevi.com.tr\/index.php\/wp-json\/wp\/v2\/product\/736250","targetHints":{"allow":["GET"]}}],"collection":[{"href":"https:\/\/roveyayinevi.com.tr\/index.php\/wp-json\/wp\/v2\/product"}],"about":[{"href":"https:\/\/roveyayinevi.com.tr\/index.php\/wp-json\/wp\/v2\/types\/product"}],"wp:attachment":[{"href":"https:\/\/roveyayinevi.com.tr\/index.php\/wp-json\/wp\/v2\/media?parent=736250"}],"wp:term":[{"taxonomy":"product_brand","embeddable":true,"href":"https:\/\/roveyayinevi.com.tr\/index.php\/wp-json\/wp\/v2\/product_brand?post=736250"},{"taxonomy":"product_cat","embeddable":true,"href":"https:\/\/roveyayinevi.com.tr\/index.php\/wp-json\/wp\/v2\/product_cat?post=736250"},{"taxonomy":"product_tag","embeddable":true,"href":"https:\/\/roveyayinevi.com.tr\/index.php\/wp-json\/wp\/v2\/product_tag?post=736250"}],"curies":[{"name":"wp","href":"https:\/\/api.w.org\/{rel}","templated":true}]}}